{"id":759262,"date":"2025-08-28T08:29:26","date_gmt":"2025-08-28T05:29:26","guid":{"rendered":"https:\/\/roveyayinevi.com.tr\/index.php\/urun\/zaman-baglaminda-marcel-proust-a-hamdi-tanpinar-ikilemi\/"},"modified":"2026-03-22T03:24:54","modified_gmt":"2026-03-22T00:24:54","slug":"zaman-baglaminda-marcel-proust-a-hamdi-tanpinar-ikilemi","status":"publish","type":"product","link":"https:\/\/roveyayinevi.com.tr\/index.php\/urun\/zaman-baglaminda-marcel-proust-a-hamdi-tanpinar-ikilemi\/","title":{"rendered":"Zaman Ba\u011flam\u0131nda Marcel Proust- A. Hamdi Tanp\u0131nar \u0130kilemi"},"content":{"rendered":"<p>Elinizdeki eserin i\u00e7inde yer alan Marcel Proust ve A. Hamdi Tanp\u0131nar nas\u0131l romanc\u0131lar, \u00e7arp\u0131c\u0131 \u00f6zellikleri, \u00f6teki yazarlardan ayr\u0131lan y\u00f6nleri nelerdir biraz da bu konulara de\u011finmekte yarar vard\u0131r. Marcel Proust, \u00e7a\u011fda\u015f romanc\u0131l\u0131\u011f\u0131n \u00f6nc\u00fcs\u00fc, d\u00fcnyan\u0131n be\u015f b\u00fcy\u00fck romanc\u0131s\u0131ndan biri. Yirmi y\u0131l, yaz mevsiminde bile evinin perdelerini kapat\u0131p, s\u00fcrekli okuyan, d\u00fc\u015f\u00fcnen, bunun i\u00e7inde eserlerini kurgulamakta zorluk ya\u015famayan birisidir. Tanp\u0131nar\u2019\u0131n her \u015feyi ile farkl\u0131 bir yazar olmas\u0131, uzun s\u00fcre Fransa\u2019da kalmas\u0131 ve Marcel Proust\u2019u yak\u0131ndan tan\u0131mas\u0131 onu farkl\u0131 k\u0131lan \u00f6zelliklerdir. Her ikisinin de hem burjuva k\u00f6kenli olmas\u0131 hem de kahramanlar\u0131n\u0131 burjuvalardan se\u00e7meleri ortak \u00f6zellikleridir. Marcel ise \u00f6zel ya\u015fam\u0131 ve eserleriyle \u00f6zg\u00fcn bir sanat\u00e7\u0131d\u0131r. Bu eserde, iki yazar\u0131n detayl\u0131 olarak ele al\u0131nmas\u0131 ve zaman ba\u011flam\u0131nda kar\u015f\u0131la\u015ft\u0131r\u0131lmas\u0131, kar\u015f\u0131la\u015ft\u0131rmal\u0131 edebiyata yeni boyut kazand\u0131raca\u011f\u0131 ve gen\u00e7 bilim insanlar\u0131na \u0131\u015f\u0131k tutaca\u011f\u0131 inanc\u0131nday\u0131m. G\u00fcn\u00fcm\u00fcze dek, zaman kavram\u0131na kenar\u0131ndan k\u00f6\u015fesinden dokunanlar olmu\u015fsa da geni\u015f boyutlu bir \u00e7al\u0131\u015fman\u0131n olmay\u0131\u015f\u0131 dikkatimizden ka\u00e7mam\u0131\u015ft\u0131r. Bu \u00e7al\u0131\u015fman\u0131n edebiyat\u0131m\u0131zda bir bo\u015flu\u011fu dolduraca\u011f\u0131na inan\u0131yorum. Bu \u00e7al\u0131\u015fma ile T\u00fcrk edebiyat\u0131na ve gen\u00e7 bilim insanlar\u0131na katk\u0131m\u0131z olursa kendimizi mutlu sayaca\u011f\u0131z.<\/p>\n","protected":false},"excerpt":{"rendered":"<p>Elinizdeki eserin i\u00e7inde yer alan Marcel Proust ve A. Hamdi Tanp\u0131nar nas\u0131l romanc\u0131lar, \u00e7arp\u0131c\u0131 \u00f6zellikleri, \u00f6teki yazarlardan ayr\u0131lan y\u00f6nleri nelerdir biraz da bu konulara de\u011finmekte yarar<span class=\"excerpt-hellip\"> [\u2026]<\/span><\/p>\n","protected":false},"featured_media":0,"template":"","meta":{"_monsterinsights_skip_tracking":false,"_monsterinsights_sitenote_active":false,"_monsterinsights_sitenote_note":"","_monsterinsights_sitenote_category":0},"product_brand":[],"product_cat":[12777,12291],"product_tag":[],"class_list":{"0":"post-759262","1":"product","2":"type-product","3":"status-publish","5":"product_cat-deneme","6":"product_cat-edebiyat","7":"pa_cilt-ciltsiz","8":"pa_tur-kitap","9":"pa_yayinevi-platanus-publishing","10":"pa_yazar-hayrettin-rayman","12":"first","13":"instock","14":"sale","15":"shipping-taxable","16":"purchasable","17":"product-type-simple"},"_links":{"self":[{"href":"https:\/\/roveyayinevi.com.tr\/index.php\/wp-json\/wp\/v2\/product\/759262","targetHints":{"allow":["GET"]}}],"collection":[{"href":"https:\/\/roveyayinevi.com.tr\/index.php\/wp-json\/wp\/v2\/product"}],"about":[{"href":"https:\/\/roveyayinevi.com.tr\/index.php\/wp-json\/wp\/v2\/types\/product"}],"wp:attachment":[{"href":"https:\/\/roveyayinevi.com.tr\/index.php\/wp-json\/wp\/v2\/media?parent=759262"}],"wp:term":[{"taxonomy":"product_brand","embeddable":true,"href":"https:\/\/roveyayinevi.com.tr\/index.php\/wp-json\/wp\/v2\/product_brand?post=759262"},{"taxonomy":"product_cat","embeddable":true,"href":"https:\/\/roveyayinevi.com.tr\/index.php\/wp-json\/wp\/v2\/product_cat?post=759262"},{"taxonomy":"product_tag","embeddable":true,"href":"https:\/\/roveyayinevi.com.tr\/index.php\/wp-json\/wp\/v2\/product_tag?post=759262"}],"curies":[{"name":"wp","href":"https:\/\/api.w.org\/{rel}","templated":true}]}}