{"id":759259,"date":"2025-08-28T08:29:22","date_gmt":"2025-08-28T05:29:22","guid":{"rendered":"https:\/\/roveyayinevi.com.tr\/index.php\/urun\/bilincdisinin-felsefesi\/"},"modified":"2026-04-16T03:12:28","modified_gmt":"2026-04-16T00:12:28","slug":"bilincdisinin-felsefesi","status":"publish","type":"product","link":"https:\/\/roveyayinevi.com.tr\/index.php\/urun\/bilincdisinin-felsefesi\/","title":{"rendered":"Bilin\u00e7d\u0131\u015f\u0131n\u0131n Felsefesi"},"content":{"rendered":"<p>Freud ve psikanaliz \u00f6ncesi bilin\u00e7d\u0131\u015f\u0131 \u00e7ok farkl\u0131 ba\u011flamlarda d\u00fc\u015f\u00fcn\u00fclm\u00fc\u015ft\u00fcr. \u00d6zellikle 19. y\u00fczy\u0131l Alman felsefesi i\u00e7inde bu kavram \u00e7ok g\u00fcncel olmakla birlikte Schopenhauer ve Nietzsche gibi filozoflarda isteme, g\u00fc\u00e7 istemi, beden ve d\u00fcrt\u00fclerle ba\u011flant\u0131l\u0131 olarak d\u00fc\u015f\u00fcn\u00fcl\u00fcr. Bu filozoflar her ne kadar \u201cbilin\u00e7d\u0131\u015f\u0131\u201d kavram\u0131n\u0131 merkeze alan bir tart\u0131\u015fma ortaya koymam\u0131\u015f olsa da ele ald\u0131klar\u0131 bir\u00e7ok konuda bu kavrama g\u00f6ndermede bulunurlar. \u00d6rne\u011fin bilin\u00e7li d\u00fc\u015f\u00fcnmenin otonom bir yap\u0131s\u0131 olmad\u0131\u011f\u0131n\u0131 iddia ettiklerinde, bedensel ve fizyolojik s\u00fcre\u00e7lerin d\u00fc\u015f\u00fcnce ve davran\u0131\u015flar\u0131m\u0131z \u00fczerindeki etkilerine de\u011findiklerinde, sanatsal yarat\u0131c\u0131l\u0131\u011f\u0131n kayna\u011f\u0131na \u0131\u015f\u0131k tuttuklar\u0131nda ya da insan davran\u0131\u015flar\u0131n\u0131n kendini kand\u0131rma ve manip\u00fcle etmeyi de i\u00e7eren \u00f6zellikler ta\u015f\u0131d\u0131\u011f\u0131na vurgu yapt\u0131klar\u0131nda bilin\u00e7d\u0131\u015f\u0131 kavram\u0131na i\u015faret ederler. Dolay\u0131s\u0131yla bilin\u00e7d\u0131\u015f\u0131 s\u00f6z konusu filozoflarda hep g\u00f6z \u00f6n\u00fcnde bulundurulan bir kavram olmu\u015ftur. Bu \u00e7al\u0131\u015fma iki anlamda bir k\u00f6pr\u00fc vazifesi g\u00f6r\u00fcyor. Hem bilin\u00e7 ve bilin\u00e7d\u0131\u015f\u0131 aras\u0131nda hem de felsefe ve psikoloji aras\u0131nda ge\u00e7i\u015fi kolayla\u015ft\u0131racak bir materyal sunuyor. Iraz Ya\u015far bilin\u00e7d\u0131\u015f\u0131 \u00fczerine bir felsefe tarihi \u00e7al\u0131\u015fmas\u0131 yaparak hem felsefedeki bir bo\u015flu\u011fu dolduruyor hem de psikolojinin felsefi derinli\u011fine inmek isteyenler i\u00e7in bir merdiven sa\u011fl\u0131yor. Ya\u015far, felsefe alan\u0131nda kalarak yazd\u0131\u011f\u0131 bu eserde g\u00fcn\u00fcm\u00fcze kadar g\u00f6lgede kalm\u0131\u015f bir kavram olan bilin\u00e7d\u0131\u015f\u0131n\u0131 sistemli bir bi\u00e7imde ele al\u0131yor. Freud\u2019la parlayan bilin\u00e7d\u0131\u015f\u0131n\u0131n Freud\u2019a etki eden ve ona ilham kayna\u011f\u0131 olan Schopenhauer ve Nietzsche\u2019deki yans\u0131malar\u0131n\u0131 felsefenin anla\u015f\u0131lmas\u0131 zor bir disiplin oldu\u011fu mitini y\u0131karcas\u0131na yal\u0131n ve berrak bir dille ortaya koyuyor. <\/p>\n","protected":false},"excerpt":{"rendered":"<p>Freud ve psikanaliz \u00f6ncesi bilin\u00e7d\u0131\u015f\u0131 \u00e7ok farkl\u0131 ba\u011flamlarda d\u00fc\u015f\u00fcn\u00fclm\u00fc\u015ft\u00fcr. \u00d6zellikle 19. y\u00fczy\u0131l Alman felsefesi i\u00e7inde bu kavram \u00e7ok g\u00fcncel olmakla birlikte Schopenhauer ve Nietzsche gibi filozoflarda<span class=\"excerpt-hellip\"> [\u2026]<\/span><\/p>\n","protected":false},"featured_media":0,"template":"","meta":{"_monsterinsights_skip_tracking":false,"_monsterinsights_sitenote_active":false,"_monsterinsights_sitenote_note":"","_monsterinsights_sitenote_category":0},"product_brand":[],"product_cat":[20351,12388],"product_tag":[],"class_list":{"0":"post-759259","1":"product","2":"type-product","3":"status-publish","5":"product_cat-dusunce","6":"product_cat-felsefe","7":"pa_cilt-ciltsiz","8":"pa_tur-kitap","9":"pa_yayinevi-nika-yayinevi","10":"pa_yazar-iraz-yasar","12":"first","13":"instock","14":"sale","15":"shipping-taxable","16":"purchasable","17":"product-type-simple"},"_links":{"self":[{"href":"https:\/\/roveyayinevi.com.tr\/index.php\/wp-json\/wp\/v2\/product\/759259","targetHints":{"allow":["GET"]}}],"collection":[{"href":"https:\/\/roveyayinevi.com.tr\/index.php\/wp-json\/wp\/v2\/product"}],"about":[{"href":"https:\/\/roveyayinevi.com.tr\/index.php\/wp-json\/wp\/v2\/types\/product"}],"wp:attachment":[{"href":"https:\/\/roveyayinevi.com.tr\/index.php\/wp-json\/wp\/v2\/media?parent=759259"}],"wp:term":[{"taxonomy":"product_brand","embeddable":true,"href":"https:\/\/roveyayinevi.com.tr\/index.php\/wp-json\/wp\/v2\/product_brand?post=759259"},{"taxonomy":"product_cat","embeddable":true,"href":"https:\/\/roveyayinevi.com.tr\/index.php\/wp-json\/wp\/v2\/product_cat?post=759259"},{"taxonomy":"product_tag","embeddable":true,"href":"https:\/\/roveyayinevi.com.tr\/index.php\/wp-json\/wp\/v2\/product_tag?post=759259"}],"curies":[{"name":"wp","href":"https:\/\/api.w.org\/{rel}","templated":true}]}}