{"id":759249,"date":"2025-08-28T08:29:03","date_gmt":"2025-08-28T05:29:03","guid":{"rendered":"https:\/\/roveyayinevi.com.tr\/index.php\/urun\/is-serisi-5-kitap-takim-kutulu\/"},"modified":"2026-04-16T03:12:28","modified_gmt":"2026-04-16T00:12:28","slug":"is-serisi-5-kitap-takim-kutulu","status":"publish","type":"product","link":"https:\/\/roveyayinevi.com.tr\/index.php\/urun\/is-serisi-5-kitap-takim-kutulu\/","title":{"rendered":"\u0130s Serisi 5 Kitap Tak\u0131m (Kutulu)"},"content":{"rendered":"<p>T\u00dcNEL \u2013 \u0130S SER\u0130S\u0130 1 \u0130s Tanyel ba\u015far\u0131l\u0131 bir konservatuvar \u00f6\u011frencisidir. Sahnedeki ba\u015far\u0131s\u0131n\u0131n devaml\u0131l\u0131\u011f\u0131n\u0131 sa\u011flayabilmek u\u011fruna ad\u0131n\u0131n \u00f6n\u00fcne yerle\u015ftirilen bir\u00e7ok k\u00f6t\u00fc s\u0131fat\u0131 umursamaz. Hen\u00fcz daha lise y\u0131llar\u0131ndayken, ad\u0131n\u0131n kar\u0131\u015ft\u0131\u011f\u0131 k\u00f6t\u00fc dedikodular ge\u00e7mi\u015fine ait bir canavar gibi onu bug\u00fcn\u00fcne kadar takip etse de dimdik durarak, a\u015fk olarak g\u00f6rd\u00fc\u011f\u00fc tiyatro i\u00e7in her t\u00fcrl\u00fc dedikodu ve iftiraya kulak t\u0131kar. \u0130s&#8217;i di\u011ferlerinden ay\u0131ran ya\u015fad\u0131klar\u0131, onun kendini k\u00f6t\u00fc bir insan olarak kabul edip, k\u00f6t\u00fc bir insan olarak ya\u015fad\u0131\u011f\u0131na ikna ettirir. Asl\u0131nda \u0130s, annesi taraf\u0131ndan ilgiden yoksun b\u00fcy\u00fcm\u00fc\u015f, babas\u0131 taraf\u0131ndan \u00e7ok k\u00fc\u00e7\u00fck ya\u015flarda bir \u00e7ocuk park\u0131nda terk edilmi\u015f, yine k\u00fc\u00e7\u00fck ya\u015flarda erkeklere olan g\u00fcvenini kaybetmi\u015f ruhu kanayan k\u00fc\u00e7\u00fck bir k\u0131z \u00e7ocu\u011fudur. Peki asl\u0131nda \u00e7ok k\u00fc\u00e7\u00fck ya\u015flarda erkeklere olan g\u00fcvenini kaybetmesinin as\u0131l sebebi nedir? Bir g\u00fcn bir yabanc\u0131n\u0131n hayat\u0131na yapt\u0131\u011f\u0131 ani giri\u015fle, zaten a\u011f\u0131r kan kaybetmi\u015f hayat\u0131nda hi\u00e7 beklenmedik de\u011fi\u015fiklikler olu\u015fmaya ba\u015flar. Peki bu yabanc\u0131 kimdir? Ve her \u015feyden \u00f6nemlisi \u0130s neden bu yabanc\u0131y\u0131 hi\u00e7 sorgulamadan hayat\u0131na kabul etmi\u015ftir?   \u015eeytan kanad\u0131m\u0131n aras\u0131ndayd\u0131. \u015eeytan kanad\u0131m\u0131n alt\u0131ndayd\u0131. Ben a\u011fl\u0131yordum.             \u015eeytan da benimle birlikte a\u011fl\u0131yordu.             \u0130\u00e7imdeki bu yang\u0131na ra\u011fmen nas\u0131l oluyordu da kemiklerim h\u00e2l\u00e2 k\u00fcle d\u00f6nm\u00fcyordu?        Yer yerinden oynuyordu, t\u00fcneller da\u011flar\u0131n kalbine \u00e7\u00f6k\u00fcyordu, Otob\u00fcs\u00fcn i\u00e7inde evlerine gidenler de vard\u0131, bir bilinmezli\u011fe do\u011fru yol alanlar da\u2026 Hepsi ayn\u0131 t\u00fcnelin i\u00e7inde \u00f6l\u00fcyordu.   NEH\u0130R \u2013 \u0130S SER\u0130S\u0130 2 \u0130s, oynad\u0131\u011f\u0131 piyesteki kendini bir t\u00fcrl\u00fc g\u00f6stermeyen Mantus karakterinin kim oldu\u011funu merak etmektedir. Mantus\u2019un yak\u0131nda oyuna kat\u0131laca\u011f\u0131n\u0131 \u00f6\u011frenen \u0130s, Mantus\u2019u beklerken ya\u015fayacaklar\u0131ndan bihaberdir. S\u0131rlar\u0131n yava\u015f yava\u015f a\u00e7\u0131\u011fa \u00e7\u0131kmaya ba\u015flamas\u0131 ve yeni insanlar\u0131n hayat\u0131na ayak basmas\u0131yla birlikte \u0130s art\u0131k \u00e7ok farkl\u0131 bir insana d\u00f6n\u00fc\u015ft\u00fc\u011f\u00fcn\u00fc fark eder. Korhan\u2019\u0131n ondan saklad\u0131\u011f\u0131  b\u00fcy\u00fck bir \u015fey vard\u0131r, fakat bu nedir? \u015e\u00fcphenin, g\u00fcven denizine d\u00f6k\u00fclmesiyle suyun rengini  buland\u0131rmas\u0131 \u00fczerine, \u0130s kendini bir \u00e7\u0131kmazda bulacakt\u0131r. A\u015fk ise t\u00fcm bu bulan\u0131kl\u0131\u011fa ra\u011fmen onun i\u00e7in h\u00e2l\u00e2 en berrak oland\u0131r. Serinin ikinci kitab\u0131nda, d\u00fc\u011f\u00fcmler \u00e7\u00f6z\u00fclmeye, yalanlar\u0131n g\u00f6lgesi silinmeye ba\u015fl\u0131yor.   Bu bana b\u0131rakt\u0131\u011f\u0131 ka\u00e7\u0131nc\u0131 yara iziydi? Buz gibi olmu\u015f ellerime ra\u011fmen avu\u00e7lar\u0131mda \u015feytan\u0131n kanatlar\u0131ndan akan ate\u015fi ta\u015f\u0131yormu\u015fum gibi hissediyordum. Ate\u015fin kavurdu\u011fu avu\u00e7lar\u0131m\u0131n ikisini de so\u011fu\u011fun b\u0131\u00e7ak gibi dikildi\u011fi demir parmakl\u0131ktan yap\u0131lma b\u00fcy\u00fck kap\u0131ya bast\u0131rd\u0131m, kap\u0131y\u0131 ittim, sanki g\u00f6\u011fs\u00fcm\u00fcn alt\u0131ndaki kalbi de bo\u011faz\u0131ma do\u011fru itiyordum ayn\u0131 yanan avu\u00e7lar\u0131mla. Suyun kalp at\u0131\u015flar\u0131n\u0131 duyuyordum. Suyun nefesini hissediyordum. Suyun beni takip etti\u011fini biliyordum. Sa\u011flam bast\u0131\u011f\u0131m ad\u0131mlar\u0131m\u0131n ta\u015f\u0131d\u0131\u011f\u0131 o titreyen ruhumun elleri \u015fimdi kalbimdeydi; kalbimin at\u0131\u015flar\u0131 ilk defa bu kadar sessizdi.   G\u00dcNEBAKAN \u2013 \u0130S SER\u0130S\u0130 3 Her \u015feyin a\u00e7\u0131kl\u0131\u011fa kavu\u015fmas\u0131yla beraber \u0130s, duygusal olarak toparlanman\u0131n yolunun uzakla\u015fmaktan ge\u00e7ti\u011fini d\u00fc\u015f\u00fcn\u00fcr. Art\u0131k yeni bir \u015fehre, ci\u011ferlerini yakacak yeni bir nefese ihtiya\u00e7 duymaktad\u0131r. Fakat bilmedi\u011fi bir \u015fey vard\u0131r, nereye giderse gitsin, ge\u00e7mi\u015f ge\u00e7meyecektir ve onu bir hayalet gibi takip etmeye devam edecektir. Korhan bir g\u00f6lge gibi \u0130s\u2019i izleyip onu geri isterken, \u0130s a\u015fk ve gurur aras\u0131ndaki o \u00e7izgide arafta kalm\u0131\u015ft\u0131r. Serinin \u00fc\u00e7\u00fcnc\u00fc kitab\u0131nda \u00e7\u00f6z\u00fclen t\u00fcm d\u00fc\u011f\u00fcmler bir kez daha bir araya geliyor ve a\u015fk, yalanlar ile ger\u00e7eklerin sarma\u015f\u0131\u011f\u0131na tak\u0131l\u0131p k\u00f6rd\u00fc\u011f\u00fcm oluyor.   Sustu\u011fum her kelime kur\u015fun olup zihnimden kalbime ya\u011farken aynadaki yans\u0131mama g\u00fcl\u00fcmsedim. Yalanlar\u0131 kusan bir adam\u0131n ger\u00e7ekleri saklayan k\u00fc\u00e7\u00fck k\u0131z\u0131 olarak bitirdi\u011fim bir gecenin sabah\u0131na, yine o adam\u0131n kilitli kafesinden aya\u011f\u0131na ba\u011flad\u0131\u011f\u0131 bir yalanla anahtar\u0131 bile olmadan \u00e7\u0131kan kekli\u011fi olarak uyanm\u0131\u015ft\u0131m.             Onu seviyordum, onu sevdi\u011fim i\u00e7in kalbimi affedemiyordum. Devam edecektim. Yel de\u011firmenlerinin bo\u015f arazilerde d\u00f6nmeye devam etti\u011fi gibi devam edecektim; ba\u015f\u0131m d\u00f6necekti ama devam edecektim. Devam edecektim. Bir \u00e7ocu\u011fun att\u0131\u011f\u0131 ilk ad\u0131mdan sonra d\u00fc\u015f\u00fcp yine de tekrar koltu\u011fun kenarlar\u0131na tutunarak kalk\u0131p ad\u0131m atmaya devam etti\u011fi gibi devam edecektim; ayaklar\u0131m beni ta\u015f\u0131mayacak, dizlerimin \u00fczerine d\u00fc\u015fecektim ama devam edecektim. O kadar devam edecektim ki, kimse benim kadar devam edemeyecekti.   \u0130K\u0130ZALEV \u2013 \u0130S SER\u0130S\u0130 4 Birbirilerini geride b\u0131rakmak zorunda olduklar\u0131na inanan \u0130s, Korhan ile aralar\u0131ndaki ba\u011f\u0131n kopmas\u0131n\u0131n imk\u00e2ns\u0131z oldu\u011funu fark etti\u011finde bir \u015fanslar\u0131 daha olabilece\u011fine inan\u0131r. \u0130s, yeniden deneyebilmeleri i\u00e7in bir \u015fart ko\u015fmu\u015ftur, zaman\u0131 geldi\u011finde Korhan\u2019a bir soru soracakt\u0131r ve alaca\u011f\u0131 cevap, ikisinin kaderini belirleyecektir. Korhan, a\u015fk ve ge\u00e7mi\u015f aras\u0131ndaki o sa\u00e7 teli kadar ince \u00e7izgide \u0130s\u2019i kaybetmemek i\u00e7in sava\u015f\u0131rken, ikisi de kap\u0131da onlar\u0131 bekleyen daha b\u00fcy\u00fck bir f\u0131rt\u0131na oldu\u011fundan bihaberdirler. Serinin d\u00f6rd\u00fcnc\u00fc kitab\u0131nda d\u00fc\u011f\u00fcmler alevlere d\u00f6n\u00fc\u015f\u00fcyor ve ruhlar\u0131n \u00e7\u0131ra gibi yanaca\u011f\u0131 b\u00fcy\u00fck bir yang\u0131n ba\u015fl\u0131yor.   A\u011fl\u0131yordum. \u00c7\u00fcnk\u00fc onsuz kalacakt\u0131m, art\u0131k bunu biliyordum. Onsuz kalmaktan korkuyordum, belki de bunun i\u00e7in a\u011fl\u0131yordum. Onu bu kadar \u00e7ok sevdi\u011fim i\u00e7in a\u011fl\u0131yordum. \u00dczerimde bir tabut kapa\u011f\u0131 gibi duruyordu; sanki o benim mezar\u0131md\u0131, \u00f6l\u00fcm\u00fcmd\u00fc; ama o benim var olu\u015fumdu. Bak\u0131\u015flar\u0131n\u0131n a\u011f\u0131rl\u0131\u011f\u0131n\u0131 hissetti\u011fim anda g\u00f6zlerim araland\u0131. Karanl\u0131\u011f\u0131n h\u00fck\u00fcm s\u00fcrd\u00fc\u011f\u00fc odan\u0131n i\u00e7inde parlayan bir \u00e7ift lez\u00e2 ye\u015fili g\u00f6z ruhuma s\u0131zd\u0131\u011f\u0131nda, g\u00f6zya\u015flar\u0131m \u015fiddetlendi. G\u00f6zya\u015flar\u0131m\u0131n \u015fiddetlenmesi onu daha da b\u00fcy\u00fck bir ac\u0131n\u0131n kollar\u0131na itmi\u015f gibi beni tuttu. Kollar\u0131n\u0131n aras\u0131nda, o bir tabut kapa\u011f\u0131 gibi \u00fczerime kapanm\u0131\u015fken alt\u0131nda \u00f6ylece uzand\u0131m ve sadece a\u011flad\u0131m. Bana dokundu, tuttu, sar\u0131ld\u0131, \u00fczerime g\u00f6k gibi gerildi ve o da benimle birlikte a\u011flad\u0131.   DALUYKU \u2013 \u0130S SER\u0130S\u0130 5 Ya\u015fanan felaketin ard\u0131ndan, tehdit alt\u0131nda olduklar\u0131n\u0131 hisseden Korhan, \u0130s\u2019i koruyabilmek i\u00e7in onu Mardin\u2019e g\u00f6t\u00fcrmeye karar verir. Zaman t\u00fcnelinin i\u00e7inde ilerleyip ya\u015fanan eski an\u0131lara yeniden dokunduklar\u0131 bu s\u00fcre\u00e7te Mardin onlar\u0131n yaralar\u0131n\u0131 iyile\u015ftirecek merhem olabilecek midir? Kaos b\u00fcy\u00fck bir h\u0131zla onlara do\u011fru yakla\u015f\u0131rken, a\u015fklar\u0131 bu kaosun i\u00e7inde tek par\u00e7a kalabilmeleri i\u00e7in kalkanlar\u0131 h\u00e2line gelir ama \u0130s i\u00e7in \u00f6\u011frendi\u011fi yeni bir ger\u00e7ekle birlikte zorlu bir s\u00fcre\u00e7 ba\u015flamak \u00fczeredir. Serinin veda kitab\u0131nda, karanl\u0131k t\u00fcm g\u00f6ky\u00fcz\u00fcn\u00fc kapl\u0131yor ve \u015fafa\u011f\u0131n, g\u00fcne\u015fi do\u011furmak i\u00e7in geceye meydan okudu\u011fu bir sava\u015f ba\u015fl\u0131yor.   \u201cSevgili Mantus,\u201d diye f\u0131s\u0131ldad\u0131m. \u201cHer evrende mutlak surette seni bulman\u0131n bir yolunu ararken ben, sen beni mahvetmek i\u00e7in orada olacaks\u0131n ve yine, yeniden ben, senin taraf\u0131ndan mahvedilmenin ma\u011fduruyken bile sana \u00e2\u015f\u0131k kalaca\u011f\u0131m.\u201d \u201c\u00c7\u00fcnk\u00fc,\u201d dedik ayn\u0131 anda. \u201cAyn\u0131 ruhtan yarat\u0131lanlar,\u201d diye devam ettik ayn\u0131 anda. Yeniden bir arada konu\u015ftuk. Bu son nefesimizdi. \u201cSonsuz bir d\u00f6ng\u00fcde, s\u00fcrekli birbirlerine \u00e7arpacaklard\u0131r.\u201d <\/p>\n","protected":false},"excerpt":{"rendered":"<p>T\u00dcNEL \u2013 \u0130S SER\u0130S\u0130 1 \u0130s Tanyel ba\u015far\u0131l\u0131 bir konservatuvar \u00f6\u011frencisidir. Sahnedeki ba\u015far\u0131s\u0131n\u0131n devaml\u0131l\u0131\u011f\u0131n\u0131 sa\u011flayabilmek u\u011fruna ad\u0131n\u0131n \u00f6n\u00fcne yerle\u015ftirilen bir\u00e7ok k\u00f6t\u00fc s\u0131fat\u0131 umursamaz. Hen\u00fcz daha lise<span class=\"excerpt-hellip\"> [\u2026]<\/span><\/p>\n","protected":false},"featured_media":0,"template":"","meta":{"_monsterinsights_skip_tracking":false,"_monsterinsights_sitenote_active":false,"_monsterinsights_sitenote_note":"","_monsterinsights_sitenote_category":0},"product_brand":[],"product_cat":[12291,12711],"product_tag":[],"class_list":{"0":"post-759249","1":"product","2":"type-product","3":"status-publish","5":"product_cat-edebiyat","6":"product_cat-roman-oyku","7":"pa_cilt-ciltsiz","8":"pa_tur-kitap","9":"pa_yayinevi-dokuz-yayinlari","10":"pa_yazar-binnur-safak-nigiz","12":"first","13":"instock","14":"sale","15":"shipping-taxable","16":"purchasable","17":"product-type-simple"},"_links":{"self":[{"href":"https:\/\/roveyayinevi.com.tr\/index.php\/wp-json\/wp\/v2\/product\/759249","targetHints":{"allow":["GET"]}}],"collection":[{"href":"https:\/\/roveyayinevi.com.tr\/index.php\/wp-json\/wp\/v2\/product"}],"about":[{"href":"https:\/\/roveyayinevi.com.tr\/index.php\/wp-json\/wp\/v2\/types\/product"}],"wp:attachment":[{"href":"https:\/\/roveyayinevi.com.tr\/index.php\/wp-json\/wp\/v2\/media?parent=759249"}],"wp:term":[{"taxonomy":"product_brand","embeddable":true,"href":"https:\/\/roveyayinevi.com.tr\/index.php\/wp-json\/wp\/v2\/product_brand?post=759249"},{"taxonomy":"product_cat","embeddable":true,"href":"https:\/\/roveyayinevi.com.tr\/index.php\/wp-json\/wp\/v2\/product_cat?post=759249"},{"taxonomy":"product_tag","embeddable":true,"href":"https:\/\/roveyayinevi.com.tr\/index.php\/wp-json\/wp\/v2\/product_tag?post=759249"}],"curies":[{"name":"wp","href":"https:\/\/api.w.org\/{rel}","templated":true}]}}