{"id":759246,"date":"2025-08-28T08:28:56","date_gmt":"2025-08-28T05:28:56","guid":{"rendered":"https:\/\/roveyayinevi.com.tr\/index.php\/urun\/golgelerin-efendisi-17-arazanin-kurtlari\/"},"modified":"2026-04-16T03:12:28","modified_gmt":"2026-04-16T00:12:28","slug":"golgelerin-efendisi-17-arazanin-kurtlari","status":"publish","type":"product","link":"https:\/\/roveyayinevi.com.tr\/index.php\/urun\/golgelerin-efendisi-17-arazanin-kurtlari\/","title":{"rendered":"G\u00f6lgelerin Efendisi 17 &#8211; Arazan\u2019\u0131n Kurtlar\u0131"},"content":{"rendered":"<p>Macera devam ediyor&#8230;Maddie ve Will, ulu kurtlar\u0131n, b\u00f6lgede ya\u015fayanlara y\u00f6nelik sald\u0131r\u0131lar\u0131n\u0131 ve tehlikeli b\u00fcy\u00fcc\u00fc Arazan\u2019\u0131 ara\u015ft\u0131rmak \u00fczere Keltika\u2019ya giderler.\u0130ki Orman Muhaf\u0131z\u0131, Keltika\u2019ya yakla\u015f\u0131rken sadece ulu kurtlarla de\u011fil, do\u011fa\u00fcst\u00fc olaylarla ve varl\u0131klarla kar\u015f\u0131la\u015facaklar\u0131n\u0131 anlarlar. Yerli halk\u0131n da yard\u0131mlar\u0131yla b\u00fcy\u00fcc\u00fcn\u00fcn gizlendi\u011fi yeri bulurlar ancak Arazan, kara b\u00fcy\u00fcyle \u00f6teki d\u00fcnyadan amans\u0131z bir yarat\u0131\u011f\u0131 bu d\u00fcnyaya ge\u00e7irmek \u00fczeredir. E\u011fer Will ve Maddie, b\u00fcy\u00fcc\u00fcye engel olamazlarsa t\u00fcm d\u00fcnya cehenneme d\u00f6n\u00fc\u015fecektir\u2026<\/p>\n","protected":false},"excerpt":{"rendered":"<p>Macera devam ediyor&#8230;Maddie ve Will, ulu kurtlar\u0131n, b\u00f6lgede ya\u015fayanlara y\u00f6nelik sald\u0131r\u0131lar\u0131n\u0131 ve tehlikeli b\u00fcy\u00fcc\u00fc Arazan\u2019\u0131 ara\u015ft\u0131rmak \u00fczere Keltika\u2019ya giderler.\u0130ki Orman Muhaf\u0131z\u0131, Keltika\u2019ya yakla\u015f\u0131rken sadece ulu kurtlarla<span class=\"excerpt-hellip\"> [\u2026]<\/span><\/p>\n","protected":false},"featured_media":0,"template":"","meta":{"_monsterinsights_skip_tracking":false,"_monsterinsights_sitenote_active":false,"_monsterinsights_sitenote_note":"","_monsterinsights_sitenote_category":0},"product_brand":[],"product_cat":[12291,14777],"product_tag":[],"class_list":{"0":"post-759246","1":"product","2":"type-product","3":"status-publish","5":"product_cat-edebiyat","6":"product_cat-fantastik","7":"pa_cilt-ciltsiz","8":"pa_tur-kitap","9":"pa_yayinevi-beyaz-balina-yayinlari","10":"pa_yazar-john-flanagan","12":"first","13":"instock","14":"sale","15":"shipping-taxable","16":"purchasable","17":"product-type-simple"},"_links":{"self":[{"href":"https:\/\/roveyayinevi.com.tr\/index.php\/wp-json\/wp\/v2\/product\/759246","targetHints":{"allow":["GET"]}}],"collection":[{"href":"https:\/\/roveyayinevi.com.tr\/index.php\/wp-json\/wp\/v2\/product"}],"about":[{"href":"https:\/\/roveyayinevi.com.tr\/index.php\/wp-json\/wp\/v2\/types\/product"}],"wp:attachment":[{"href":"https:\/\/roveyayinevi.com.tr\/index.php\/wp-json\/wp\/v2\/media?parent=759246"}],"wp:term":[{"taxonomy":"product_brand","embeddable":true,"href":"https:\/\/roveyayinevi.com.tr\/index.php\/wp-json\/wp\/v2\/product_brand?post=759246"},{"taxonomy":"product_cat","embeddable":true,"href":"https:\/\/roveyayinevi.com.tr\/index.php\/wp-json\/wp\/v2\/product_cat?post=759246"},{"taxonomy":"product_tag","embeddable":true,"href":"https:\/\/roveyayinevi.com.tr\/index.php\/wp-json\/wp\/v2\/product_tag?post=759246"}],"curies":[{"name":"wp","href":"https:\/\/api.w.org\/{rel}","templated":true}]}}