{"id":759245,"date":"2025-08-28T08:28:54","date_gmt":"2025-08-28T05:28:54","guid":{"rendered":"https:\/\/roveyayinevi.com.tr\/index.php\/urun\/kardeslik-savascilari-9-amansiz-takip\/"},"modified":"2026-04-16T03:12:28","modified_gmt":"2026-04-16T00:12:28","slug":"kardeslik-savascilari-9-amansiz-takip","status":"publish","type":"product","link":"https:\/\/roveyayinevi.com.tr\/index.php\/urun\/kardeslik-savascilari-9-amansiz-takip\/","title":{"rendered":"Karde\u015flik Sava\u015f\u00e7\u0131lar\u0131 9 &#8211; Amans\u0131z Takip"},"content":{"rendered":"<p>Bal\u0131k\u00e7\u0131llar t\u00fcm kasaba halk\u0131yla birlikte, yak\u0131n arkada\u015flar\u0131 \u0130ngvar ve Lydia\u2019n\u0131n ni\u015fan t\u00f6reninde e\u011flenirken korsanlar sinsi bir sald\u0131r\u0131yla limandaki Skandiya gemilerine zarar verirler. Ele ge\u00e7irdikleri Erak\u2019\u0131n gemisi Kurt R\u00fczg\u00e2r\u0131 ile denize a\u00e7\u0131lan korsanlar\u0131n amac\u0131, b\u00f6lgedeki ticaret gemilerini ya\u011fmalamakt\u0131r. Ancak korsanlar\u0131n dikkatinden ka\u00e7an bir gemi vard\u0131r: Bal\u0131k\u00e7\u0131l. Hal ve ekibi, onlar\u0131 yakalamaya yemin ederek Bal\u0131k\u00e7\u0131l ile yola \u00e7\u0131karlar. B\u00f6ylece Beyaz F\u0131rt\u0131na Denizi\u2019nde amans\u0131z bir takip ba\u015flar\u2026<\/p>\n","protected":false},"excerpt":{"rendered":"<p>Bal\u0131k\u00e7\u0131llar t\u00fcm kasaba halk\u0131yla birlikte, yak\u0131n arkada\u015flar\u0131 \u0130ngvar ve Lydia\u2019n\u0131n ni\u015fan t\u00f6reninde e\u011flenirken korsanlar sinsi bir sald\u0131r\u0131yla limandaki Skandiya gemilerine zarar verirler. Ele ge\u00e7irdikleri Erak\u2019\u0131n gemisi<span class=\"excerpt-hellip\"> [\u2026]<\/span><\/p>\n","protected":false},"featured_media":0,"template":"","meta":{"_monsterinsights_skip_tracking":false,"_monsterinsights_sitenote_active":false,"_monsterinsights_sitenote_note":"","_monsterinsights_sitenote_category":0},"product_brand":[],"product_cat":[12291,14777],"product_tag":[],"class_list":{"0":"post-759245","1":"product","2":"type-product","3":"status-publish","5":"product_cat-edebiyat","6":"product_cat-fantastik","7":"pa_cilt-ciltsiz","8":"pa_tur-kitap","9":"pa_yayinevi-beyaz-balina-yayinlari","10":"pa_yazar-john-flanagan","12":"first","13":"instock","14":"sale","15":"shipping-taxable","16":"purchasable","17":"product-type-simple"},"_links":{"self":[{"href":"https:\/\/roveyayinevi.com.tr\/index.php\/wp-json\/wp\/v2\/product\/759245","targetHints":{"allow":["GET"]}}],"collection":[{"href":"https:\/\/roveyayinevi.com.tr\/index.php\/wp-json\/wp\/v2\/product"}],"about":[{"href":"https:\/\/roveyayinevi.com.tr\/index.php\/wp-json\/wp\/v2\/types\/product"}],"wp:attachment":[{"href":"https:\/\/roveyayinevi.com.tr\/index.php\/wp-json\/wp\/v2\/media?parent=759245"}],"wp:term":[{"taxonomy":"product_brand","embeddable":true,"href":"https:\/\/roveyayinevi.com.tr\/index.php\/wp-json\/wp\/v2\/product_brand?post=759245"},{"taxonomy":"product_cat","embeddable":true,"href":"https:\/\/roveyayinevi.com.tr\/index.php\/wp-json\/wp\/v2\/product_cat?post=759245"},{"taxonomy":"product_tag","embeddable":true,"href":"https:\/\/roveyayinevi.com.tr\/index.php\/wp-json\/wp\/v2\/product_tag?post=759245"}],"curies":[{"name":"wp","href":"https:\/\/api.w.org\/{rel}","templated":true}]}}