{"id":759243,"date":"2025-08-28T08:28:50","date_gmt":"2025-08-28T05:28:50","guid":{"rendered":"https:\/\/roveyayinevi.com.tr\/index.php\/urun\/ahenk-icinde\/"},"modified":"2025-11-11T10:05:03","modified_gmt":"2025-11-11T07:05:03","slug":"ahenk-icinde","status":"publish","type":"product","link":"https:\/\/roveyayinevi.com.tr\/index.php\/urun\/ahenk-icinde\/","title":{"rendered":"Ahenk \u0130\u00e7inde"},"content":{"rendered":"<p>Hepimiz biraz yorgunuz. \u0130\u00e7inde bulundu\u011fumuz h\u0131z \u00e7a\u011f\u0131n\u0131n ku\u015fatmas\u0131nda, daha h\u0131zl\u0131 olmaya, ayn\u0131 anda bir\u00e7ok i\u015fi yapmaya, farkl\u0131 farkl\u0131 rolleri m\u00fckemmel bir bi\u00e7imde giyinmeye \u00e7al\u0131\u015f\u0131yoruz. Ve b\u00fct\u00fcn bunlar\u0131 kotarmaya \u00e7al\u0131\u015f\u0131rken merkezimizden savruluyor, kendimizden ve do\u011fadan kopuyoruz. Ge\u00e7mi\u015fin hik\u00e2yelerine tak\u0131l\u0131yor, ger\u00e7ekli\u011fi olmayan kayg\u0131larla bo\u011fu\u015fuyor, ya\u015fam ahengimizi yitiriyoruz. Oysa hepimiz kendimizi iyi hissetmek, hayat\u0131 \u00fcretken, keyifli bir bi\u00e7imde ya\u015famak istiyoruz. Peki bu nas\u0131l m\u00fcmk\u00fcn?    Kendimiz ve ya\u015famla ahenk i\u00e7inde olmak ancak ayr\u0131lmaz bir par\u00e7as\u0131 oldu\u011fumuz do\u011fayla ili\u015fkimizle m\u00fcmk\u00fcn. Do\u011fan\u0131n sal\u0131n\u0131mlar\u0131yla uyum i\u00e7inde, yaz\u0131 yazda, bahar\u0131 baharda, k\u0131\u015f\u0131 k\u0131\u015fta ya\u015famak ve merkezinde, hafif, tela\u015fs\u0131z bir ak\u0131\u015fta olmak, nefeslenmek.    \u0130\u015fte elinizde tuttu\u011funuz bu kitap Ahenk \u0130\u00e7inde, hepimize \u00f6zg\u00fcn do\u011fam\u0131zla ba\u011flant\u0131m\u0131z\u0131 hat\u0131rlatacak, hayat\u0131n i\u00e7inde daha \u00e7ok anlam, dinginlik bulaca\u011f\u0131m\u0131z, ola\u011fan\u0131n i\u00e7indeki mucizeleri g\u00f6r\u00fcp keyfini s\u00fcrece\u011fimiz ara\u00e7lar sunuyor.  Derin bir nefes al \u015fimdi! Arkana yaslan. Hat\u0131rla, ahenk i\u00e7inde bir ya\u015fam i\u00e7in ahenk senin i\u00e7inde. <\/p>\n","protected":false},"excerpt":{"rendered":"<p>Hepimiz biraz yorgunuz. \u0130\u00e7inde bulundu\u011fumuz h\u0131z \u00e7a\u011f\u0131n\u0131n ku\u015fatmas\u0131nda, daha h\u0131zl\u0131 olmaya, ayn\u0131 anda bir\u00e7ok i\u015fi yapmaya, farkl\u0131 farkl\u0131 rolleri m\u00fckemmel bir bi\u00e7imde giyinmeye \u00e7al\u0131\u015f\u0131yoruz. Ve b\u00fct\u00fcn<span class=\"excerpt-hellip\"> [\u2026]<\/span><\/p>\n","protected":false},"featured_media":0,"template":"","meta":{"_monsterinsights_skip_tracking":false,"_monsterinsights_sitenote_active":false,"_monsterinsights_sitenote_note":"","_monsterinsights_sitenote_category":0},"product_brand":[],"product_cat":[12364,12376],"product_tag":[],"class_list":{"0":"post-759243","1":"product","2":"type-product","3":"status-publish","5":"product_cat-genel-konular","6":"product_cat-kisisel-gelisim","7":"pa_cilt-ciltsiz","8":"pa_tur-kitap","9":"pa_yayinevi-dogan-novus","10":"pa_yazar-ilksen-utlu","12":"first","13":"instock","14":"sale","15":"shipping-taxable","16":"purchasable","17":"product-type-simple"},"_links":{"self":[{"href":"https:\/\/roveyayinevi.com.tr\/index.php\/wp-json\/wp\/v2\/product\/759243","targetHints":{"allow":["GET"]}}],"collection":[{"href":"https:\/\/roveyayinevi.com.tr\/index.php\/wp-json\/wp\/v2\/product"}],"about":[{"href":"https:\/\/roveyayinevi.com.tr\/index.php\/wp-json\/wp\/v2\/types\/product"}],"wp:attachment":[{"href":"https:\/\/roveyayinevi.com.tr\/index.php\/wp-json\/wp\/v2\/media?parent=759243"}],"wp:term":[{"taxonomy":"product_brand","embeddable":true,"href":"https:\/\/roveyayinevi.com.tr\/index.php\/wp-json\/wp\/v2\/product_brand?post=759243"},{"taxonomy":"product_cat","embeddable":true,"href":"https:\/\/roveyayinevi.com.tr\/index.php\/wp-json\/wp\/v2\/product_cat?post=759243"},{"taxonomy":"product_tag","embeddable":true,"href":"https:\/\/roveyayinevi.com.tr\/index.php\/wp-json\/wp\/v2\/product_tag?post=759243"}],"curies":[{"name":"wp","href":"https:\/\/api.w.org\/{rel}","templated":true}]}}