{"id":759242,"date":"2025-08-28T08:28:49","date_gmt":"2025-08-28T05:28:49","guid":{"rendered":"https:\/\/roveyayinevi.com.tr\/index.php\/urun\/zihnimi-ac\/"},"modified":"2026-04-16T03:12:28","modified_gmt":"2026-04-16T00:12:28","slug":"zihnimi-ac","status":"publish","type":"product","link":"https:\/\/roveyayinevi.com.tr\/index.php\/urun\/zihnimi-ac\/","title":{"rendered":"Zihnimi A\u00e7"},"content":{"rendered":"<p>NeuroZihin uygulamalar\u0131na ho\u015f geldiniz!   Zeki ama \u00e7al\u0131\u015fm\u0131yor! Bir t\u00fcrl\u00fc derslere kafas\u0131n\u0131 veremiyor! Tableti hi\u00e7 elinden d\u00fc\u015f\u00fcrm\u00fcyor! Neden derslerini akl\u0131nda tutam\u0131yor? Bir t\u00fcrl\u00fc istedi\u011fim seviyeye gelmiyor!   NeuroFormat\u2019\u0131 duymu\u015fsunuzdur. Hani travmatik olaylar\u0131n beyindeki etkisini temizleyerek muazzam psikolojik ve hatta fizyolojik iyile\u015fmelere yol a\u00e7an sistem. Biz NeuroFormat\u2019\u0131n travmatik olaylar\u0131 \u00e7\u00f6zmesindeki etkisi ve bir\u00e7ok ba\u015fka sistemi bir araya getirerek bu sefer \u00e7ocuklar\u0131n\u0131z\u0131n ba\u015far\u0131s\u0131n\u0131n \u00f6n\u00fcndeki engelleri kald\u0131r\u0131yoruz. Ve \u015fimdi yepyeni bir programla kar\u015f\u0131n\u0131zday\u0131z: NeuroZihin!   Ben de bir k\u0131z babas\u0131 olarak g\u00f6r\u00fcyorum ki \u00e7ocuklar\u0131m\u0131z\u0131n i\u015fi bizimkinden \u00e7ok daha zor. Ba\u015far\u0131lar\u0131n\u0131n \u00f6n\u00fcnde engel olabilecek say\u0131s\u0131z ayartmayla, ekran ve oyun ba\u011f\u0131ml\u0131l\u0131klar\u0131yla, \u00f6\u011frenme g\u00fc\u00e7l\u00fc\u011f\u00fc, \u00f6zg\u00fcven, motivasyon ve haf\u0131za sorunlar\u0131yla u\u011fra\u015f\u0131yorlar. \u00dcst\u00fcne \u00fcstl\u00fck ba\u015far\u0131n\u0131n tan\u0131m\u0131, \u00e7er\u00e7evesi, y\u00f6ntemi de h\u0131zla de\u011fi\u015fiyor. Ve rotay\u0131 adeta her g\u00fcn yeniden olu\u015fturmak gerekiyor. Peki bu zorlu ko\u015fullar alt\u0131nda \u00e7ocuklar\u0131n\u0131n ba\u015far\u0131s\u0131n\u0131 isteyen anne-babalar olarak ne yapabiliriz? Ne yapmal\u0131y\u0131z?   Bug\u00fcne dek psikoloji ve sa\u011fl\u0131k konusunda NeuroFormat ile binlerce kez ezberleri bozduk. \u015eimdi s\u0131rada \u00e7ocuklar\u0131m\u0131z\u0131n ba\u015far\u0131s\u0131 var. <\/p>\n","protected":false},"excerpt":{"rendered":"<p>NeuroZihin uygulamalar\u0131na ho\u015f geldiniz! Zeki ama \u00e7al\u0131\u015fm\u0131yor! Bir t\u00fcrl\u00fc derslere kafas\u0131n\u0131 veremiyor! Tableti hi\u00e7 elinden d\u00fc\u015f\u00fcrm\u00fcyor! Neden derslerini akl\u0131nda tutam\u0131yor? Bir t\u00fcrl\u00fc istedi\u011fim seviyeye gelmiyor! NeuroFormat\u2019\u0131<span class=\"excerpt-hellip\"> [\u2026]<\/span><\/p>\n","protected":false},"featured_media":0,"template":"","meta":{"_monsterinsights_skip_tracking":false,"_monsterinsights_sitenote_active":false,"_monsterinsights_sitenote_note":"","_monsterinsights_sitenote_category":0},"product_brand":[],"product_cat":[12831,12324],"product_tag":[],"class_list":{"0":"post-759242","1":"product","2":"type-product","3":"status-publish","5":"product_cat-aile-ve-cocuk","6":"product_cat-sosyoloji","7":"pa_cilt-ciltsiz","8":"pa_tur-kitap","9":"pa_yayinevi-dogan-kitap","10":"pa_yazar-m-baris-muslu","12":"first","13":"instock","14":"sale","15":"shipping-taxable","16":"purchasable","17":"product-type-simple"},"_links":{"self":[{"href":"https:\/\/roveyayinevi.com.tr\/index.php\/wp-json\/wp\/v2\/product\/759242","targetHints":{"allow":["GET"]}}],"collection":[{"href":"https:\/\/roveyayinevi.com.tr\/index.php\/wp-json\/wp\/v2\/product"}],"about":[{"href":"https:\/\/roveyayinevi.com.tr\/index.php\/wp-json\/wp\/v2\/types\/product"}],"wp:attachment":[{"href":"https:\/\/roveyayinevi.com.tr\/index.php\/wp-json\/wp\/v2\/media?parent=759242"}],"wp:term":[{"taxonomy":"product_brand","embeddable":true,"href":"https:\/\/roveyayinevi.com.tr\/index.php\/wp-json\/wp\/v2\/product_brand?post=759242"},{"taxonomy":"product_cat","embeddable":true,"href":"https:\/\/roveyayinevi.com.tr\/index.php\/wp-json\/wp\/v2\/product_cat?post=759242"},{"taxonomy":"product_tag","embeddable":true,"href":"https:\/\/roveyayinevi.com.tr\/index.php\/wp-json\/wp\/v2\/product_tag?post=759242"}],"curies":[{"name":"wp","href":"https:\/\/api.w.org\/{rel}","templated":true}]}}