{"id":759241,"date":"2025-08-28T08:28:47","date_gmt":"2025-08-28T05:28:47","guid":{"rendered":"https:\/\/roveyayinevi.com.tr\/index.php\/urun\/kaiju-no-8-8-nolu-canavar-3\/"},"modified":"2026-04-16T03:12:28","modified_gmt":"2026-04-16T00:12:28","slug":"kaiju-no-8-8-nolu-canavar-3","status":"publish","type":"product","link":"https:\/\/roveyayinevi.com.tr\/index.php\/urun\/kaiju-no-8-8-nolu-canavar-3\/","title":{"rendered":"Kaiju No: 8 &#8211; 8 No\u2019lu Canavar 3"},"content":{"rendered":"<p>Kafka, Savunma Birli\u011fi\u2019nden \u0130haru Furuha\u015fi\u2019yi kurtarmak i\u00e7in canavara d\u00f6n\u00fc\u015f\u00fcr ve insan g\u00f6r\u00fcn\u00fcm\u00fcndeki canavar\u0131 yenmek i\u00e7in ezici bir g\u00fc\u00e7 kullan\u0131r. Tam son darbeyi indirmek \u00fczereyken Savunma Birli\u011fi \u00fcyeleri taraf\u0131ndan fark edilir ve canavar\u0131 elinden ka\u00e7\u0131r\u0131r. Kafka amac\u0131na ula\u015f\u0131p olay yerinden ayr\u0131lmak \u00fczereyken, orada Birlik Komutan Yard\u0131mc\u0131s\u0131 Ho\u015fina&#8217;yla kar\u015f\u0131 kar\u015f\u0131ya kal\u0131r! G\u00fcr\u00fclt\u00fcl\u00fc macera t\u00fcm h\u0131z\u0131yla 3. ciltte devam ediyor!! <\/p>\n","protected":false},"excerpt":{"rendered":"<p>Kafka, Savunma Birli\u011fi\u2019nden \u0130haru Furuha\u015fi\u2019yi kurtarmak i\u00e7in canavara d\u00f6n\u00fc\u015f\u00fcr ve insan g\u00f6r\u00fcn\u00fcm\u00fcndeki canavar\u0131 yenmek i\u00e7in ezici bir g\u00fc\u00e7 kullan\u0131r. Tam son darbeyi indirmek \u00fczereyken Savunma Birli\u011fi<span class=\"excerpt-hellip\"> [\u2026]<\/span><\/p>\n","protected":false},"featured_media":0,"template":"","meta":{"_monsterinsights_skip_tracking":false,"_monsterinsights_sitenote_active":false,"_monsterinsights_sitenote_note":"","_monsterinsights_sitenote_category":0},"product_brand":[],"product_cat":[12416,12291],"product_tag":[],"class_list":{"0":"post-759241","1":"product","2":"type-product","3":"status-publish","5":"product_cat-cizgi-roman","6":"product_cat-edebiyat","7":"pa_cilt-ciltsiz","8":"pa_tur-kitap","9":"pa_yayinevi-kurukafa","10":"pa_yazar-naoya-matsumoto","12":"first","13":"instock","14":"sale","15":"shipping-taxable","16":"purchasable","17":"product-type-simple"},"_links":{"self":[{"href":"https:\/\/roveyayinevi.com.tr\/index.php\/wp-json\/wp\/v2\/product\/759241","targetHints":{"allow":["GET"]}}],"collection":[{"href":"https:\/\/roveyayinevi.com.tr\/index.php\/wp-json\/wp\/v2\/product"}],"about":[{"href":"https:\/\/roveyayinevi.com.tr\/index.php\/wp-json\/wp\/v2\/types\/product"}],"wp:attachment":[{"href":"https:\/\/roveyayinevi.com.tr\/index.php\/wp-json\/wp\/v2\/media?parent=759241"}],"wp:term":[{"taxonomy":"product_brand","embeddable":true,"href":"https:\/\/roveyayinevi.com.tr\/index.php\/wp-json\/wp\/v2\/product_brand?post=759241"},{"taxonomy":"product_cat","embeddable":true,"href":"https:\/\/roveyayinevi.com.tr\/index.php\/wp-json\/wp\/v2\/product_cat?post=759241"},{"taxonomy":"product_tag","embeddable":true,"href":"https:\/\/roveyayinevi.com.tr\/index.php\/wp-json\/wp\/v2\/product_tag?post=759241"}],"curies":[{"name":"wp","href":"https:\/\/api.w.org\/{rel}","templated":true}]}}