{"id":759233,"date":"2025-08-28T08:28:34","date_gmt":"2025-08-28T05:28:34","guid":{"rendered":"https:\/\/roveyayinevi.com.tr\/index.php\/urun\/delinin-gunlugu\/"},"modified":"2026-04-16T03:12:28","modified_gmt":"2026-04-16T00:12:28","slug":"delinin-gunlugu","status":"publish","type":"product","link":"https:\/\/roveyayinevi.com.tr\/index.php\/urun\/delinin-gunlugu\/","title":{"rendered":"Delinin G\u00fcnl\u00fc\u011f\u00fc"},"content":{"rendered":"<p>Halil Cibran&#8217;\u0131n kaleminden \u00e7\u0131kan ve edebiyat d\u00fcnyas\u0131nda derin izler b\u0131rakan &#8220;Delinin G\u00fcnl\u00fc\u011f\u00fc&#8221;, insan ruhunun derinliklerine yolculuk eden s\u0131ra d\u0131\u015f\u0131 bir eserdir. Kitapta Cibran kendi i\u00e7 d\u00fcnyas\u0131n\u0131n kap\u0131lar\u0131n\u0131 sonuna kadar aralar ve okuyucuyu, toplumsal normlar ve beklentilerin \u00f6tesinde, ger\u00e7ek benli\u011fin pe\u015finde bir maceraya davet etmektedir. E\u015fsiz \u00fcslubu ve derin felsefesiyle Delinin G\u00fcnl\u00fc\u011f\u00fc\u2019nde Cibran, insan olman\u0131n karma\u015f\u0131kl\u0131\u011f\u0131na dair evrensel konular\u0131 okura sorgulamaktad\u0131r. Bu kitap, Halil Cibran&#8217;\u0131n en \u00e7arp\u0131c\u0131 eserlerinden biri olarak, yaln\u0131zca bir okuma deneyimi de\u011fil, ayn\u0131 zamanda bir i\u00e7sel ke\u015fif yolculu\u011fu sunuyor. Halil Cibran&#8217;\u0131n bu \u00f6l\u00fcms\u00fcz eseri, hayat\u0131n anlam\u0131, a\u015fk, \u00f6zg\u00fcrl\u00fck ve varolu\u015f \u00fczerine d\u00fc\u015f\u00fcnmek isteyen herkes i\u00e7in vazge\u00e7ilmez bir rehberdir. <\/p>\n","protected":false},"excerpt":{"rendered":"<p>Halil Cibran&#8217;\u0131n kaleminden \u00e7\u0131kan ve edebiyat d\u00fcnyas\u0131nda derin izler b\u0131rakan &#8220;Delinin G\u00fcnl\u00fc\u011f\u00fc&#8221;, insan ruhunun derinliklerine yolculuk eden s\u0131ra d\u0131\u015f\u0131 bir eserdir. Kitapta Cibran kendi i\u00e7 d\u00fcnyas\u0131n\u0131n<span class=\"excerpt-hellip\"> [\u2026]<\/span><\/p>\n","protected":false},"featured_media":0,"template":"","meta":{"_monsterinsights_skip_tracking":false,"_monsterinsights_sitenote_active":false,"_monsterinsights_sitenote_note":"","_monsterinsights_sitenote_category":0},"product_brand":[],"product_cat":[12388],"product_tag":[],"class_list":{"0":"post-759233","1":"product","2":"type-product","3":"status-publish","5":"product_cat-felsefe","6":"pa_cilt-ciltsiz","7":"pa_tur-kitap","8":"pa_yayinevi-kirmizi-ada-yayinlari","9":"pa_yazar-halil-cibran","11":"first","12":"instock","13":"sale","14":"shipping-taxable","15":"purchasable","16":"product-type-simple"},"_links":{"self":[{"href":"https:\/\/roveyayinevi.com.tr\/index.php\/wp-json\/wp\/v2\/product\/759233","targetHints":{"allow":["GET"]}}],"collection":[{"href":"https:\/\/roveyayinevi.com.tr\/index.php\/wp-json\/wp\/v2\/product"}],"about":[{"href":"https:\/\/roveyayinevi.com.tr\/index.php\/wp-json\/wp\/v2\/types\/product"}],"wp:attachment":[{"href":"https:\/\/roveyayinevi.com.tr\/index.php\/wp-json\/wp\/v2\/media?parent=759233"}],"wp:term":[{"taxonomy":"product_brand","embeddable":true,"href":"https:\/\/roveyayinevi.com.tr\/index.php\/wp-json\/wp\/v2\/product_brand?post=759233"},{"taxonomy":"product_cat","embeddable":true,"href":"https:\/\/roveyayinevi.com.tr\/index.php\/wp-json\/wp\/v2\/product_cat?post=759233"},{"taxonomy":"product_tag","embeddable":true,"href":"https:\/\/roveyayinevi.com.tr\/index.php\/wp-json\/wp\/v2\/product_tag?post=759233"}],"curies":[{"name":"wp","href":"https:\/\/api.w.org\/{rel}","templated":true}]}}