{"id":759225,"date":"2025-08-28T08:28:15","date_gmt":"2025-08-28T05:28:15","guid":{"rendered":"https:\/\/roveyayinevi.com.tr\/index.php\/urun\/emily-wildein-periler-ansiklopedisi\/"},"modified":"2026-04-16T03:12:28","modified_gmt":"2026-04-16T00:12:28","slug":"emily-wildein-periler-ansiklopedisi","status":"publish","type":"product","link":"https:\/\/roveyayinevi.com.tr\/index.php\/urun\/emily-wildein-periler-ansiklopedisi\/","title":{"rendered":"Emily Wilde\u2019\u0131n Periler Ansiklopedisi"},"content":{"rendered":"<p>Cambridge profes\u00f6r\u00fc Emily Wilde, peri bilimi alan\u0131nda en \u00f6nemli uzmanlardan biri oldu\u011fu gibi, bir\u00e7ok konuda da ba\u015far\u0131l\u0131d\u0131r. D\u00e2hi bir bilim insan\u0131 ve d\u00fcnyan\u0131n ilk peri bilgisi ansiklopedisini yazan \u00f6zenli bir ara\u015ft\u0131rmac\u0131d\u0131r. Ancak Emily Wilde\u2019\u0131n insanlarla aras\u0131 iyi de\u011fildir. Bir partide asla havadan sudan konu\u015famaz, hatta bir partiye davet bile edilmez.     \u0130nsanlar yerine kitaplar\u0131, k\u00f6pe\u011fi G\u00f6lge\u2019yi ve Peri Halk\u0131\u2019n\u0131n yan\u0131nda olmay\u0131 tercih eder. Bu nedenle Hrafnsvik k\u00f6y\u00fcne vard\u0131\u011f\u0131nda huysuz kasaba halk\u0131yla arkada\u015fl\u0131k kurma niyetinde de\u011fildir. Kasabaya yeni gelen yabanc\u0131yla vakit ge\u00e7irmeyi de hi\u00e7 istemez. Fakat bu yabanc\u0131, kasaba halk\u0131n\u0131 b\u00fcy\u00fclemeyi, Emily\u2019nin ara\u015ft\u0131rmas\u0131n\u0131 kurcalamay\u0131 ve onu tamamen \u015fa\u015f\u0131rt\u0131p hayal k\u0131r\u0131kl\u0131\u011f\u0131na u\u011fratmay\u0131 ba\u015faran g\u00f6steri\u015fli, \u00e7ekilmez derecede yak\u0131\u015f\u0131kl\u0131 akademik rakibi    Wendell Bambleby\u2019dir. Emily, kasaban\u0131n d\u0131\u015f\u0131ndaki ormanda pusuda bekleyen ve t\u00fcm perilerin en zorlular\u0131ndan Sakl\u0131 Olanlar\u2019\u0131n s\u0131rr\u0131n\u0131 a\u00e7\u0131\u011fa \u00e7\u0131karmaya yakla\u015ft\u0131k\u00e7a ba\u015fka bir gizemle kar\u015f\u0131la\u015f\u0131r: Wendell Bambleby ger\u00e7ekte kimdir ve as\u0131l iste\u011fi nedir? Cevab\u0131 bulmak i\u00e7in Emily\u2019nin en b\u00fcy\u00fck gizemi, yani kendi kalbinin kilidini a\u00e7mas\u0131 gerekecektir.     \u201cSarah J. Maas ve Erin Morgenstern hayranlar\u0131 i\u00e7in harika bir macera.\u201d \u2014Library Journal (y\u0131ld\u0131zl\u0131 inceleme)   \u201cI\u015f\u0131klar\u0131 ormana do\u011fru takip edin ve Emily\u2019nin dikkatli rehberli\u011fi alt\u0131nda perilerle dans edin. Sadece kendinizi fazla kapt\u0131rmad\u0131\u011f\u0131n\u0131zdan emin olun.\u201d \u2014BookPage  <\/p>\n","protected":false},"excerpt":{"rendered":"<p>Cambridge profes\u00f6r\u00fc Emily Wilde, peri bilimi alan\u0131nda en \u00f6nemli uzmanlardan biri oldu\u011fu gibi, bir\u00e7ok konuda da ba\u015far\u0131l\u0131d\u0131r. D\u00e2hi bir bilim insan\u0131 ve d\u00fcnyan\u0131n ilk peri bilgisi<span class=\"excerpt-hellip\"> [\u2026]<\/span><\/p>\n","protected":false},"featured_media":0,"template":"","meta":{"_monsterinsights_skip_tracking":false,"_monsterinsights_sitenote_active":false,"_monsterinsights_sitenote_note":"","_monsterinsights_sitenote_category":0},"product_brand":[],"product_cat":[12291,14777],"product_tag":[],"class_list":{"0":"post-759225","1":"product","2":"type-product","3":"status-publish","5":"product_cat-edebiyat","6":"product_cat-fantastik","7":"pa_cilt-ciltsiz","8":"pa_tur-kitap","9":"pa_yayinevi-nemesis-kitap","10":"pa_yazar-heather-fawcett","12":"first","13":"instock","14":"sale","15":"shipping-taxable","16":"purchasable","17":"product-type-simple"},"_links":{"self":[{"href":"https:\/\/roveyayinevi.com.tr\/index.php\/wp-json\/wp\/v2\/product\/759225","targetHints":{"allow":["GET"]}}],"collection":[{"href":"https:\/\/roveyayinevi.com.tr\/index.php\/wp-json\/wp\/v2\/product"}],"about":[{"href":"https:\/\/roveyayinevi.com.tr\/index.php\/wp-json\/wp\/v2\/types\/product"}],"wp:attachment":[{"href":"https:\/\/roveyayinevi.com.tr\/index.php\/wp-json\/wp\/v2\/media?parent=759225"}],"wp:term":[{"taxonomy":"product_brand","embeddable":true,"href":"https:\/\/roveyayinevi.com.tr\/index.php\/wp-json\/wp\/v2\/product_brand?post=759225"},{"taxonomy":"product_cat","embeddable":true,"href":"https:\/\/roveyayinevi.com.tr\/index.php\/wp-json\/wp\/v2\/product_cat?post=759225"},{"taxonomy":"product_tag","embeddable":true,"href":"https:\/\/roveyayinevi.com.tr\/index.php\/wp-json\/wp\/v2\/product_tag?post=759225"}],"curies":[{"name":"wp","href":"https:\/\/api.w.org\/{rel}","templated":true}]}}