{"id":759223,"date":"2025-08-28T08:28:13","date_gmt":"2025-08-28T05:28:13","guid":{"rendered":"https:\/\/roveyayinevi.com.tr\/index.php\/urun\/iskenderin-talihi-ve-erdemi-uzerine\/"},"modified":"2026-04-16T03:12:28","modified_gmt":"2026-04-16T00:12:28","slug":"iskenderin-talihi-ve-erdemi-uzerine","status":"publish","type":"product","link":"https:\/\/roveyayinevi.com.tr\/index.php\/urun\/iskenderin-talihi-ve-erdemi-uzerine\/","title":{"rendered":"\u0130skender\u2019in Talihi Ve Erdemi \u00dczerine"},"content":{"rendered":"<p>&#8220;Benim i\u00e7in asla korkmay\u0131n! \u00c7\u00fcnk\u00fc benim \u00f6l\u00fcm\u00fcmden korkarsan\u0131z, benim \u00f6l\u00fcmden korkmad\u0131\u011f\u0131ma inanmazs\u0131n\u0131z!&#8221; Eski Yunan yaz\u0131n\u0131n\u0131n en \u00fcretken isimlerinden olan Plutarkhos, bu metinle beraber bir filozofu filozof yapan \u015feyin teori mi yoksa pratik mi oldu\u011fu sorusunu sorar. Bu soruya cevap aramak i\u00e7in de \u0130skender\u2019in hayat\u0131n\u0131 ve iktidar\u0131n\u0131 kullan\u0131r, onu bir kraldan ziyade bir filozof olarak ele al\u0131r ve i\u015flerini bu bak\u0131\u015f a\u00e7\u0131s\u0131yla de\u011ferlendirir. Plutarkhos, modas\u0131 hi\u00e7 ge\u00e7meyen bir tart\u0131\u015fmay\u0131 da ele al\u0131r: \u0130skender talihi sayesinde mi yoksa erdemleri sayesinde mi \u201cb\u00fcy\u00fck\u201d oldu?<\/p>\n","protected":false},"excerpt":{"rendered":"<p>&#8220;Benim i\u00e7in asla korkmay\u0131n! \u00c7\u00fcnk\u00fc benim \u00f6l\u00fcm\u00fcmden korkarsan\u0131z, benim \u00f6l\u00fcmden korkmad\u0131\u011f\u0131ma inanmazs\u0131n\u0131z!&#8221; Eski Yunan yaz\u0131n\u0131n\u0131n en \u00fcretken isimlerinden olan Plutarkhos, bu metinle beraber bir filozofu filozof<span class=\"excerpt-hellip\"> [\u2026]<\/span><\/p>\n","protected":false},"featured_media":0,"template":"","meta":{"_monsterinsights_skip_tracking":false,"_monsterinsights_sitenote_active":false,"_monsterinsights_sitenote_note":"","_monsterinsights_sitenote_category":0},"product_brand":[],"product_cat":[12388],"product_tag":[],"class_list":{"0":"post-759223","1":"product","2":"type-product","3":"status-publish","5":"product_cat-felsefe","6":"pa_cilt-ciltsiz","7":"pa_tur-kitap","8":"pa_yayinevi-pinhan-yayincilik","9":"pa_yazar-plutarkhos","11":"first","12":"instock","13":"sale","14":"shipping-taxable","15":"purchasable","16":"product-type-simple"},"_links":{"self":[{"href":"https:\/\/roveyayinevi.com.tr\/index.php\/wp-json\/wp\/v2\/product\/759223","targetHints":{"allow":["GET"]}}],"collection":[{"href":"https:\/\/roveyayinevi.com.tr\/index.php\/wp-json\/wp\/v2\/product"}],"about":[{"href":"https:\/\/roveyayinevi.com.tr\/index.php\/wp-json\/wp\/v2\/types\/product"}],"wp:attachment":[{"href":"https:\/\/roveyayinevi.com.tr\/index.php\/wp-json\/wp\/v2\/media?parent=759223"}],"wp:term":[{"taxonomy":"product_brand","embeddable":true,"href":"https:\/\/roveyayinevi.com.tr\/index.php\/wp-json\/wp\/v2\/product_brand?post=759223"},{"taxonomy":"product_cat","embeddable":true,"href":"https:\/\/roveyayinevi.com.tr\/index.php\/wp-json\/wp\/v2\/product_cat?post=759223"},{"taxonomy":"product_tag","embeddable":true,"href":"https:\/\/roveyayinevi.com.tr\/index.php\/wp-json\/wp\/v2\/product_tag?post=759223"}],"curies":[{"name":"wp","href":"https:\/\/api.w.org\/{rel}","templated":true}]}}