{"id":759222,"date":"2025-08-28T08:28:11","date_gmt":"2025-08-28T05:28:11","guid":{"rendered":"https:\/\/roveyayinevi.com.tr\/index.php\/urun\/ezop-masallari-10\/"},"modified":"2026-04-16T03:12:28","modified_gmt":"2026-04-16T00:12:28","slug":"ezop-masallari-10","status":"publish","type":"product","link":"https:\/\/roveyayinevi.com.tr\/index.php\/urun\/ezop-masallari-10\/","title":{"rendered":"Ezop Masallar\u0131"},"content":{"rendered":"<p>Bu kitap tarihin en eski masalc\u0131s\u0131 olan Ezop\u2019un her biri ders niteli\u011fi ta\u015f\u0131yan masallar\u0131ndan se\u00e7meler i\u00e7ermektedir. Ezop, masallar\u0131nda kurnaz tilkileri, kibirli aslanlar\u0131, ak\u0131ll\u0131 horozlar\u0131, saf koyunlar\u0131 ve daha pek \u00e7ok hayvan\u0131 bir araya getirerek, onlar\u0131n ya\u015fad\u0131klar\u0131 olaylar ve aralar\u0131nda ge\u00e7en konu\u015fmalar \u00fczerinden insanl\u0131\u011fa ayna tutmakta ve okuyucular\u0131 ahlaki de\u011ferler konusunda d\u00fc\u015f\u00fcnmeye sevk etmektedir. <\/p>\n","protected":false},"excerpt":{"rendered":"<p>Bu kitap tarihin en eski masalc\u0131s\u0131 olan Ezop\u2019un her biri ders niteli\u011fi ta\u015f\u0131yan masallar\u0131ndan se\u00e7meler i\u00e7ermektedir. Ezop, masallar\u0131nda kurnaz tilkileri, kibirli aslanlar\u0131, ak\u0131ll\u0131 horozlar\u0131, saf koyunlar\u0131<span class=\"excerpt-hellip\"> [\u2026]<\/span><\/p>\n","protected":false},"featured_media":0,"template":"","meta":{"_monsterinsights_skip_tracking":false,"_monsterinsights_sitenote_active":false,"_monsterinsights_sitenote_note":"","_monsterinsights_sitenote_category":0},"product_brand":[],"product_cat":[12274],"product_tag":[],"class_list":{"0":"post-759222","1":"product","2":"type-product","3":"status-publish","5":"product_cat-cocuk-ve-genclik-kitaplari","6":"pa_cilt-ciltsiz","7":"pa_tur-kitap","8":"pa_yayinevi-pars-yayinlari","9":"pa_yazar-ezop","11":"first","12":"instock","13":"sale","14":"shipping-taxable","15":"purchasable","16":"product-type-simple"},"_links":{"self":[{"href":"https:\/\/roveyayinevi.com.tr\/index.php\/wp-json\/wp\/v2\/product\/759222","targetHints":{"allow":["GET"]}}],"collection":[{"href":"https:\/\/roveyayinevi.com.tr\/index.php\/wp-json\/wp\/v2\/product"}],"about":[{"href":"https:\/\/roveyayinevi.com.tr\/index.php\/wp-json\/wp\/v2\/types\/product"}],"wp:attachment":[{"href":"https:\/\/roveyayinevi.com.tr\/index.php\/wp-json\/wp\/v2\/media?parent=759222"}],"wp:term":[{"taxonomy":"product_brand","embeddable":true,"href":"https:\/\/roveyayinevi.com.tr\/index.php\/wp-json\/wp\/v2\/product_brand?post=759222"},{"taxonomy":"product_cat","embeddable":true,"href":"https:\/\/roveyayinevi.com.tr\/index.php\/wp-json\/wp\/v2\/product_cat?post=759222"},{"taxonomy":"product_tag","embeddable":true,"href":"https:\/\/roveyayinevi.com.tr\/index.php\/wp-json\/wp\/v2\/product_tag?post=759222"}],"curies":[{"name":"wp","href":"https:\/\/api.w.org\/{rel}","templated":true}]}}