{"id":759219,"date":"2025-08-28T08:28:06","date_gmt":"2025-08-28T05:28:06","guid":{"rendered":"https:\/\/roveyayinevi.com.tr\/index.php\/urun\/demiryolu-cocuklari-10\/"},"modified":"2026-04-16T03:12:28","modified_gmt":"2026-04-16T00:12:28","slug":"demiryolu-cocuklari-10","status":"publish","type":"product","link":"https:\/\/roveyayinevi.com.tr\/index.php\/urun\/demiryolu-cocuklari-10\/","title":{"rendered":"Demiryolu \u00c7ocuklar\u0131"},"content":{"rendered":"<p>Roberta, Peter ve Phyliss ailesiyle k\u00fc\u00e7\u00fck k\u0131rm\u0131z\u0131 evlerinde ya\u015fayan mutlu \u00e7ocuklard\u0131 ama bir g\u00fcn babalar\u0131n\u0131n hapse d\u00fc\u015fmesiyle hayatlar\u0131 alt \u00fcst oldu. Daha \u00f6nce hi\u00e7 bilmedikleri bir kasabaya ta\u015f\u0131nan \u00fc\u00e7 karde\u015f, annelerinin yazd\u0131\u011f\u0131 \u00f6yk\u00fclerle ge\u00e7imlerini sa\u011flarken, bir yandan da demir yolu ve trenlerin muhte\u015fem d\u00fcnyas\u0131n\u0131 ke\u015ffetmeye ba\u015flad\u0131lar ve edindikleri harika arkada\u015fl\u0131klar sayesinde hem iyi vakit ge\u00e7irdiler hem de babalar\u0131n\u0131 hapisten kurtarman\u0131n yolunu buldular. <\/p>\n","protected":false},"excerpt":{"rendered":"<p>Roberta, Peter ve Phyliss ailesiyle k\u00fc\u00e7\u00fck k\u0131rm\u0131z\u0131 evlerinde ya\u015fayan mutlu \u00e7ocuklard\u0131 ama bir g\u00fcn babalar\u0131n\u0131n hapse d\u00fc\u015fmesiyle hayatlar\u0131 alt \u00fcst oldu. Daha \u00f6nce hi\u00e7 bilmedikleri bir<span class=\"excerpt-hellip\"> [\u2026]<\/span><\/p>\n","protected":false},"featured_media":0,"template":"","meta":{"_monsterinsights_skip_tracking":false,"_monsterinsights_sitenote_active":false,"_monsterinsights_sitenote_note":"","_monsterinsights_sitenote_category":0},"product_brand":[],"product_cat":[12274],"product_tag":[],"class_list":{"0":"post-759219","1":"product","2":"type-product","3":"status-publish","5":"product_cat-cocuk-ve-genclik-kitaplari","6":"pa_cilt-ciltsiz","7":"pa_tur-kitap","8":"pa_yayinevi-pars-yayinlari","9":"pa_yazar-edith-nesbit","11":"first","12":"instock","13":"sale","14":"shipping-taxable","15":"purchasable","16":"product-type-simple"},"_links":{"self":[{"href":"https:\/\/roveyayinevi.com.tr\/index.php\/wp-json\/wp\/v2\/product\/759219","targetHints":{"allow":["GET"]}}],"collection":[{"href":"https:\/\/roveyayinevi.com.tr\/index.php\/wp-json\/wp\/v2\/product"}],"about":[{"href":"https:\/\/roveyayinevi.com.tr\/index.php\/wp-json\/wp\/v2\/types\/product"}],"wp:attachment":[{"href":"https:\/\/roveyayinevi.com.tr\/index.php\/wp-json\/wp\/v2\/media?parent=759219"}],"wp:term":[{"taxonomy":"product_brand","embeddable":true,"href":"https:\/\/roveyayinevi.com.tr\/index.php\/wp-json\/wp\/v2\/product_brand?post=759219"},{"taxonomy":"product_cat","embeddable":true,"href":"https:\/\/roveyayinevi.com.tr\/index.php\/wp-json\/wp\/v2\/product_cat?post=759219"},{"taxonomy":"product_tag","embeddable":true,"href":"https:\/\/roveyayinevi.com.tr\/index.php\/wp-json\/wp\/v2\/product_tag?post=759219"}],"curies":[{"name":"wp","href":"https:\/\/api.w.org\/{rel}","templated":true}]}}