{"id":759216,"date":"2025-08-28T08:28:00","date_gmt":"2025-08-28T05:28:00","guid":{"rendered":"https:\/\/roveyayinevi.com.tr\/index.php\/urun\/yine-mi-cin-filmi\/"},"modified":"2026-04-16T03:12:27","modified_gmt":"2026-04-16T00:12:27","slug":"yine-mi-cin-filmi","status":"publish","type":"product","link":"https:\/\/roveyayinevi.com.tr\/index.php\/urun\/yine-mi-cin-filmi\/","title":{"rendered":"Yine mi Cin Filmi?"},"content":{"rendered":"<p>KORKU NEREDE BA\u015eLAR, GER\u0130L\u0130M NEREDE B\u0130TER?   56 y\u0131lda sekiz yerli korku filminin vizyona girdi\u011fi d\u00f6nemlerden, bir y\u0131lda 62 yerli korkunun vizyona girdi\u011fi d\u00f6nemlere nas\u0131l geldik? Gerilim nerede biter, korku nerede ba\u015flar? Vizyona girmeyen korku filmlerinin unutulmaz y\u00f6netmeni kim? Ve tabii ki o me\u015fhur soru: Yine mi cin filmi?   Gazeteci-yazar Alper Kaya ile \u201ckay\u0131p film\u201d stat\u00fcs\u00fcndeki 1949 yap\u0131m\u0131 \u00c7\u0131\u011fl\u0131k hari\u00e7 T\u00fcrkiye\u2019de vizyona girmi\u015f b\u00fct\u00fcn yerli korku filmlerini izlemi\u015f tek ki\u015fi olan akademisyen, yazar ve film ele\u015ftirmeni Dr. Gizem \u015eim\u015fek Kaya; ilk \u00f6rneklerinden son \u00f6rneklerine kadar yerli korku ve gerilim sinemas\u0131na dair b\u00fct\u00fcn merak edilenleri ve sormaya \u00e7ekinilenleri bu kitapta bir araya getirdi. <\/p>\n","protected":false},"excerpt":{"rendered":"<p>KORKU NEREDE BA\u015eLAR, GER\u0130L\u0130M NEREDE B\u0130TER? 56 y\u0131lda sekiz yerli korku filminin vizyona girdi\u011fi d\u00f6nemlerden, bir y\u0131lda 62 yerli korkunun vizyona girdi\u011fi d\u00f6nemlere nas\u0131l geldik? Gerilim<span class=\"excerpt-hellip\"> [\u2026]<\/span><\/p>\n","protected":false},"featured_media":0,"template":"","meta":{"_monsterinsights_skip_tracking":false,"_monsterinsights_sitenote_active":false,"_monsterinsights_sitenote_note":"","_monsterinsights_sitenote_category":0},"product_brand":[],"product_cat":[12291,17033],"product_tag":[],"class_list":{"0":"post-759216","1":"product","2":"type-product","3":"status-publish","5":"product_cat-edebiyat","6":"product_cat-korku-gerilim","7":"pa_cilt-ciltsiz","8":"pa_tur-kitap","9":"pa_yayinevi-kara-karga-yayinlari","10":"pa_yazar-gizem-simsek-kaya-alper-kaya","12":"first","13":"instock","14":"sale","15":"shipping-taxable","16":"purchasable","17":"product-type-simple"},"_links":{"self":[{"href":"https:\/\/roveyayinevi.com.tr\/index.php\/wp-json\/wp\/v2\/product\/759216","targetHints":{"allow":["GET"]}}],"collection":[{"href":"https:\/\/roveyayinevi.com.tr\/index.php\/wp-json\/wp\/v2\/product"}],"about":[{"href":"https:\/\/roveyayinevi.com.tr\/index.php\/wp-json\/wp\/v2\/types\/product"}],"wp:attachment":[{"href":"https:\/\/roveyayinevi.com.tr\/index.php\/wp-json\/wp\/v2\/media?parent=759216"}],"wp:term":[{"taxonomy":"product_brand","embeddable":true,"href":"https:\/\/roveyayinevi.com.tr\/index.php\/wp-json\/wp\/v2\/product_brand?post=759216"},{"taxonomy":"product_cat","embeddable":true,"href":"https:\/\/roveyayinevi.com.tr\/index.php\/wp-json\/wp\/v2\/product_cat?post=759216"},{"taxonomy":"product_tag","embeddable":true,"href":"https:\/\/roveyayinevi.com.tr\/index.php\/wp-json\/wp\/v2\/product_tag?post=759216"}],"curies":[{"name":"wp","href":"https:\/\/api.w.org\/{rel}","templated":true}]}}