{"id":759215,"date":"2025-08-28T08:27:57","date_gmt":"2025-08-28T05:27:57","guid":{"rendered":"https:\/\/roveyayinevi.com.tr\/index.php\/urun\/gercege-donus\/"},"modified":"2026-04-16T03:12:27","modified_gmt":"2026-04-16T00:12:27","slug":"gercege-donus","status":"publish","type":"product","link":"https:\/\/roveyayinevi.com.tr\/index.php\/urun\/gercege-donus\/","title":{"rendered":"Ger\u00e7e\u011fe D\u00f6n\u00fc\u015f"},"content":{"rendered":"<p>Ba\u015far\u0131l\u0131 doktor Connor Daniels i\u00e7in o\u011fullar\u0131 ve kariyeri hayat\u0131n\u0131n merkezidir. Eski e\u015fiyle s\u00fcrekli kavga ettikleri ve birbirlerini y\u0131pratt\u0131klar\u0131 bo\u015fanma s\u00fcrecinin ard\u0131ndan hayat\u0131na devam eden Connor, kendini fl\u00f6rt etmeyi yeniden \u00f6\u011frenirken bulur. Hem i\u015fi hem de bek\u00e2r bir baba olarak sorumluluklar\u0131, hareketli bir a\u015fk hayat\u0131na pek vakit b\u0131rakmaz. Ancak a\u015fk, yan\u0131 ba\u015f\u0131nda bekliyordur. Acil servis hem\u015firesi Violet Robinson, Connor i\u00e7in hissetti\u011fi a\u015fk\u0131 saklamakta ustala\u015fm\u0131\u015ft\u0131r. Ona ne kadar \u00e2\u015f\u0131k oldu\u011funu ya da o yan\u0131ndayken kalbinin ne kadar h\u0131zland\u0131\u011f\u0131n\u0131 Connor hi\u00e7bir zaman \u00f6\u011frenmeyecektir. Gen\u00e7 kad\u0131n, arkada\u015f\u0131n\u0131n bek\u00e2rl\u0131\u011fa veda partisinde bu s\u0131rr\u0131 a\u011fz\u0131ndan ka\u00e7\u0131rd\u0131\u011f\u0131nda kader a\u011flar\u0131n\u0131 \u00f6rmeye ba\u015flar. Violet\u2019\u0131n ne\u015fesini, g\u00fcl\u00fcmsemesini ve hayata olan tutkusunu g\u00f6ren Connor, ondan ho\u015fland\u0131\u011f\u0131n\u0131 fark eder. Ger\u00e7ek a\u015fk\u0131n\u0131n sonunda kar\u015f\u0131s\u0131na \u00e7\u0131kt\u0131\u011f\u0131n\u0131 d\u00fc\u015f\u00fcn\u00fcr. Hayat g\u00fczel, \u00e7\u0131lg\u0131n ve \u00f6ng\u00f6r\u00fclmez olabilir. Ancak sizi her \u015feye ra\u011fmen sevmesini istedi\u011finiz o ki\u015fiyi buldu\u011funuzda\u2026 Bazen kadere bile meydan okumak gerekir.<\/p>\n","protected":false},"excerpt":{"rendered":"<p>Ba\u015far\u0131l\u0131 doktor Connor Daniels i\u00e7in o\u011fullar\u0131 ve kariyeri hayat\u0131n\u0131n merkezidir. Eski e\u015fiyle s\u00fcrekli kavga ettikleri ve birbirlerini y\u0131pratt\u0131klar\u0131 bo\u015fanma s\u00fcrecinin ard\u0131ndan hayat\u0131na devam eden Connor, kendini<span class=\"excerpt-hellip\"> [\u2026]<\/span><\/p>\n","protected":false},"featured_media":0,"template":"","meta":{"_monsterinsights_skip_tracking":false,"_monsterinsights_sitenote_active":false,"_monsterinsights_sitenote_note":"","_monsterinsights_sitenote_category":0},"product_brand":[],"product_cat":[12291,12711],"product_tag":[],"class_list":{"0":"post-759215","1":"product","2":"type-product","3":"status-publish","5":"product_cat-edebiyat","6":"product_cat-roman-oyku","7":"pa_cilt-ciltsiz","8":"pa_tur-kitap","9":"pa_yayinevi-nemesis-kitap","10":"pa_yazar-emma-chase","12":"first","13":"instock","14":"sale","15":"shipping-taxable","16":"purchasable","17":"product-type-simple"},"_links":{"self":[{"href":"https:\/\/roveyayinevi.com.tr\/index.php\/wp-json\/wp\/v2\/product\/759215","targetHints":{"allow":["GET"]}}],"collection":[{"href":"https:\/\/roveyayinevi.com.tr\/index.php\/wp-json\/wp\/v2\/product"}],"about":[{"href":"https:\/\/roveyayinevi.com.tr\/index.php\/wp-json\/wp\/v2\/types\/product"}],"wp:attachment":[{"href":"https:\/\/roveyayinevi.com.tr\/index.php\/wp-json\/wp\/v2\/media?parent=759215"}],"wp:term":[{"taxonomy":"product_brand","embeddable":true,"href":"https:\/\/roveyayinevi.com.tr\/index.php\/wp-json\/wp\/v2\/product_brand?post=759215"},{"taxonomy":"product_cat","embeddable":true,"href":"https:\/\/roveyayinevi.com.tr\/index.php\/wp-json\/wp\/v2\/product_cat?post=759215"},{"taxonomy":"product_tag","embeddable":true,"href":"https:\/\/roveyayinevi.com.tr\/index.php\/wp-json\/wp\/v2\/product_tag?post=759215"}],"curies":[{"name":"wp","href":"https:\/\/api.w.org\/{rel}","templated":true}]}}