{"id":759214,"date":"2025-08-28T08:27:55","date_gmt":"2025-08-28T05:27:55","guid":{"rendered":"https:\/\/roveyayinevi.com.tr\/index.php\/urun\/golgesine-tutsak\/"},"modified":"2026-04-16T03:12:27","modified_gmt":"2026-04-16T00:12:27","slug":"golgesine-tutsak","status":"publish","type":"product","link":"https:\/\/roveyayinevi.com.tr\/index.php\/urun\/golgesine-tutsak\/","title":{"rendered":"G\u00f6lgesine Tutsak"},"content":{"rendered":"<p>\u00dcnl\u00fc Yap\u0131tlarda Karanl\u0131k Y\u00fczler Bizi \u201c\u0130\u00e7imizdeki \u00d6teki\u201d ile tan\u0131\u015ft\u0131ran \u00fcnl\u00fc yap\u0131tlar&#8230; G\u00f6lgesine Tutsak, \u00fcnl\u00fc edebiyat yap\u0131tlar\u0131 arac\u0131l\u0131\u011f\u0131yla insan\u0131n ger\u00e7ek ya\u015famda sak\u0131nd\u0131\u011f\u0131, korktu\u011fu ama bir o kadar da merak etti\u011fi k\u00f6t\u00fcl\u00fc\u011f\u00fcn karanl\u0131k d\u00fcnyas\u0131na ayna tutuyor. Bu yap\u0131tlar\u0131n yaz\u0131lmas\u0131na ilham vermi\u015f ger\u00e7ek olaylardan yola \u00e7\u0131karak bizi, ay\u0131planan, utand\u0131ran, k\u00fc\u00e7\u00fck d\u00fc\u015f\u00fcren ve bazen de affedilemez yapan karanl\u0131k yan\u0131m\u0131zla tan\u0131\u015ft\u0131r\u0131yor. \u201cEbru \u00c7alo\u011flu \u2018Arkabah\u00e7e\u2019 adl\u0131 kitab\u0131nda, \u00fcnl\u00fc yazarlar\u0131n kaleme ald\u0131\u011f\u0131 klasik eserlerin ilham perilerini tan\u0131tt\u0131 bizlere\u2026 Ve biz Arkabah\u00e7e\u2019den \u00e7\u0131kmak istemedik. M\u00fcmeyyiz iyi ile k\u00f6t\u00fcy\u00fc ay\u0131rt edebilen demektir. Ebru \u00c7alo\u011flu ikinci kitab\u0131 \u2018G\u00f6lgesine Tutsak\u2019ta bu kez d\u00fcnya klasiklerinin sayfalar\u0131nda gezinen bir m\u00fcmeyyiz olarak \u00e7\u0131k\u0131yor kar\u015f\u0131m\u0131za; iyilik ve k\u00f6t\u00fcl\u00fck kavramlar\u0131n\u0131 ustal\u0131kla g\u00f6zler \u00f6n\u00fcne seriyor. Arkabah\u00e7e\u2019nin g\u00f6lge bir yerinde, sayfalar\u0131na tutsak olaca\u011f\u0131m\u0131z bir kitap daha!..\u201d SUNAY AKIN<\/p>\n","protected":false},"excerpt":{"rendered":"<p>\u00dcnl\u00fc Yap\u0131tlarda Karanl\u0131k Y\u00fczler Bizi \u201c\u0130\u00e7imizdeki \u00d6teki\u201d ile tan\u0131\u015ft\u0131ran \u00fcnl\u00fc yap\u0131tlar&#8230; G\u00f6lgesine Tutsak, \u00fcnl\u00fc edebiyat yap\u0131tlar\u0131 arac\u0131l\u0131\u011f\u0131yla insan\u0131n ger\u00e7ek ya\u015famda sak\u0131nd\u0131\u011f\u0131, korktu\u011fu ama bir o kadar<span class=\"excerpt-hellip\"> [\u2026]<\/span><\/p>\n","protected":false},"featured_media":0,"template":"","meta":{"_monsterinsights_skip_tracking":false,"_monsterinsights_sitenote_active":false,"_monsterinsights_sitenote_note":"","_monsterinsights_sitenote_category":0},"product_brand":[],"product_cat":[12777,12291],"product_tag":[],"class_list":{"0":"post-759214","1":"product","2":"type-product","3":"status-publish","5":"product_cat-deneme","6":"product_cat-edebiyat","7":"pa_cilt-ciltsiz","8":"pa_tur-kitap","9":"pa_yayinevi-remzi-kitabevi","10":"pa_yazar-ebru-caloglu","12":"first","13":"instock","14":"sale","15":"shipping-taxable","16":"purchasable","17":"product-type-simple"},"_links":{"self":[{"href":"https:\/\/roveyayinevi.com.tr\/index.php\/wp-json\/wp\/v2\/product\/759214","targetHints":{"allow":["GET"]}}],"collection":[{"href":"https:\/\/roveyayinevi.com.tr\/index.php\/wp-json\/wp\/v2\/product"}],"about":[{"href":"https:\/\/roveyayinevi.com.tr\/index.php\/wp-json\/wp\/v2\/types\/product"}],"wp:attachment":[{"href":"https:\/\/roveyayinevi.com.tr\/index.php\/wp-json\/wp\/v2\/media?parent=759214"}],"wp:term":[{"taxonomy":"product_brand","embeddable":true,"href":"https:\/\/roveyayinevi.com.tr\/index.php\/wp-json\/wp\/v2\/product_brand?post=759214"},{"taxonomy":"product_cat","embeddable":true,"href":"https:\/\/roveyayinevi.com.tr\/index.php\/wp-json\/wp\/v2\/product_cat?post=759214"},{"taxonomy":"product_tag","embeddable":true,"href":"https:\/\/roveyayinevi.com.tr\/index.php\/wp-json\/wp\/v2\/product_tag?post=759214"}],"curies":[{"name":"wp","href":"https:\/\/api.w.org\/{rel}","templated":true}]}}