{"id":759211,"date":"2025-08-28T08:27:49","date_gmt":"2025-08-28T05:27:49","guid":{"rendered":"https:\/\/roveyayinevi.com.tr\/index.php\/urun\/mephisto-bir-kariyerin-romani\/"},"modified":"2026-04-16T03:12:27","modified_gmt":"2026-04-16T00:12:27","slug":"mephisto-bir-kariyerin-romani","status":"publish","type":"product","link":"https:\/\/roveyayinevi.com.tr\/index.php\/urun\/mephisto-bir-kariyerin-romani\/","title":{"rendered":"Mephisto: Bir Kariyerin Roman\u0131"},"content":{"rendered":"<p>\u201cBu \u00fclkede kirli bir yalan h\u00fck\u00fcm s\u00fcr\u00fcyor. Toplant\u0131 salonlar\u0131ndan, mikrofonlardan, gazete k\u00f6\u015felerinden, beyazperdeden hayk\u0131r\u0131yor. Koca a\u011fz\u0131n\u0131 a\u00e7\u0131yor, bo\u011faz\u0131ndan irin ve veba kokusu geliyor: Bu koku bir\u00e7ok insan\u0131 \u00fclkeden ka\u00e7\u0131r\u0131yor, kalmak zorunda kalanlar i\u00e7inse \u00fclke bir hapishaneye d\u00f6n\u00fc\u015f\u00fcyor \u2013 le\u015f gibi kokan bir zindana.\u201d   Thomas Mann\u2019\u0131n o\u011flu Klaus Mann, Mephisto\u2019yu \u0130kinci D\u00fcnya Sava\u015f\u0131 Almanya\u2019s\u0131nda, s\u00fcrg\u00fcnde ya\u015farken yazd\u0131. Roman\u0131n ba\u015fki\u015fisi, Klaus\u2019un k\u0131z karde\u015fi Erika\u2019yla evlenen Gustaf Gr\u00fcndgens\u2019in \u00f6rt\u00fck bir karikat\u00fcr\u00fc niteli\u011findeki Hendrik H\u00f6fgen\u2019dir. H\u00f6fgen g\u00f6r\u00fcn\u00fcrde bir devrimcidir ama i\u00e7ten i\u00e7e saplant\u0131l\u0131 bir g\u00fc\u00e7 ve \u015f\u00f6hret arzusuyla yan\u0131p tutu\u015fan bir akt\u00f6rd\u00fcr. Faust\u2019taki Mephisto rol\u00fcyle elde etti\u011fi parlak ba\u015far\u0131 ona F\u00fchrer\u2019in ba\u015fbakan\u0131n\u0131n deste\u011fini kazand\u0131r\u0131r, bu sayede devlet tiyatrosunun ba\u015f\u0131na atan\u0131r. Bir zamanlar inand\u0131\u011f\u0131 de\u011ferlere ihanet ederek \u015feytanla bir anla\u015fma yapan H\u00f6fgen\u2019in hayalleri nihayet ger\u00e7ekle\u015firken ihanetinin ahlaki sonu\u00e7lar\u0131 onu rahats\u0131z etmeye ba\u015flar.   \u0130lk kez 1936\u2019da Amsterdam\u2019da yay\u0131mlanan ve g\u00fcn\u00fcm\u00fczde k\u00fclt bir esere d\u00f6n\u00fc\u015fen Mephisto, direni\u015f, kariyer ve sanatsal ahlak \u00fczerine b\u00fcy\u00fcleyici bir \u00e7\u00f6k\u00fc\u015f ve k\u00f6t\u00fcl\u00fck roman\u0131.     \u201cGiderek ac\u0131mas\u0131zla\u015fan otoriter bir rejimin sadece yarg\u0131y\u0131, \u00e7evreyi ve posta idaresini de\u011fil, t\u00fcm medyay\u0131, t\u00fcm e\u011fitim ve sanat kurumlar\u0131n\u0131 ele ge\u00e7irdi\u011fi bir Amerika hayal edin. Sonra da b\u00f6yle bir atmosferde bir sanat\u00e7\u0131 olarak \u00e7al\u0131\u015ft\u0131\u011f\u0131n\u0131z\u0131 hayal edin. \u0130\u015fte [Mephisto] b\u00f6yle bir d\u00fcnyada geziniyor.\u201d   Margaret Atwood <\/p>\n","protected":false},"excerpt":{"rendered":"<p>\u201cBu \u00fclkede kirli bir yalan h\u00fck\u00fcm s\u00fcr\u00fcyor. Toplant\u0131 salonlar\u0131ndan, mikrofonlardan, gazete k\u00f6\u015felerinden, beyazperdeden hayk\u0131r\u0131yor. Koca a\u011fz\u0131n\u0131 a\u00e7\u0131yor, bo\u011faz\u0131ndan irin ve veba kokusu geliyor: Bu koku bir\u00e7ok<span class=\"excerpt-hellip\"> [\u2026]<\/span><\/p>\n","protected":false},"featured_media":0,"template":"","meta":{"_monsterinsights_skip_tracking":false,"_monsterinsights_sitenote_active":false,"_monsterinsights_sitenote_note":"","_monsterinsights_sitenote_category":0},"product_brand":[],"product_cat":[12291,12711],"product_tag":[],"class_list":{"0":"post-759211","1":"product","2":"type-product","3":"status-publish","5":"product_cat-edebiyat","6":"product_cat-roman-oyku","7":"pa_cilt-ciltsiz","8":"pa_tur-kitap","9":"pa_yayinevi-can-yayinlari","10":"pa_yazar-klaus-mann","12":"first","13":"instock","14":"sale","15":"shipping-taxable","16":"purchasable","17":"product-type-simple"},"_links":{"self":[{"href":"https:\/\/roveyayinevi.com.tr\/index.php\/wp-json\/wp\/v2\/product\/759211","targetHints":{"allow":["GET"]}}],"collection":[{"href":"https:\/\/roveyayinevi.com.tr\/index.php\/wp-json\/wp\/v2\/product"}],"about":[{"href":"https:\/\/roveyayinevi.com.tr\/index.php\/wp-json\/wp\/v2\/types\/product"}],"wp:attachment":[{"href":"https:\/\/roveyayinevi.com.tr\/index.php\/wp-json\/wp\/v2\/media?parent=759211"}],"wp:term":[{"taxonomy":"product_brand","embeddable":true,"href":"https:\/\/roveyayinevi.com.tr\/index.php\/wp-json\/wp\/v2\/product_brand?post=759211"},{"taxonomy":"product_cat","embeddable":true,"href":"https:\/\/roveyayinevi.com.tr\/index.php\/wp-json\/wp\/v2\/product_cat?post=759211"},{"taxonomy":"product_tag","embeddable":true,"href":"https:\/\/roveyayinevi.com.tr\/index.php\/wp-json\/wp\/v2\/product_tag?post=759211"}],"curies":[{"name":"wp","href":"https:\/\/api.w.org\/{rel}","templated":true}]}}