{"id":759210,"date":"2025-08-28T08:27:47","date_gmt":"2025-08-28T05:27:47","guid":{"rendered":"https:\/\/roveyayinevi.com.tr\/index.php\/urun\/siradan-seylere-ovguler\/"},"modified":"2026-04-16T03:12:27","modified_gmt":"2026-04-16T00:12:27","slug":"siradan-seylere-ovguler","status":"publish","type":"product","link":"https:\/\/roveyayinevi.com.tr\/index.php\/urun\/siradan-seylere-ovguler\/","title":{"rendered":"S\u0131radan \u015eeylere \u00d6vg\u00fcler"},"content":{"rendered":"<p>O m\u00fc\u015ffik y\u00fcre\u011fiyle bir sava\u015f\u00e7\u0131 gibi giyinmi\u015ftir enginar, dimdik, al\u00e7ac\u0131k bir kubbe de in\u015fa etmi\u015ftir, yapraklar\u0131n\u0131n alt\u0131nda i\u00e7ine bir \u015fey i\u015flemeden durur \u00f6ylece    \u201cYirminci y\u00fczy\u0131l\u0131n her dilde en b\u00fcy\u00fck \u015fairi.\u201d Gabriel Garc\u00eda M\u00e1rquez   Do\u011fa\u00fcst\u00fcne kar\u015f\u0131 do\u011fa; metafizi\u011fe kar\u015f\u0131 fizik; y\u0131ld\u0131zlara kar\u015f\u0131 ta\u015flar\u2026 \u015eilili b\u00fcy\u00fck \u015fairin, ger\u00e7ek\u00e7i bir foto\u011fraf\u00e7\u0131dan farks\u0131z bir \u015fekilde, cenneti yery\u00fcz\u00fcne yerle\u015ftirmek istercesine, ya\u015fam\u0131n t\u00fcm y\u00f6nlerini sat\u0131r aralar\u0131nda yakalamay\u0131 ama\u00e7lad\u0131\u011f\u0131 S\u0131radan \u015eeylere \u00d6vg\u00fcler g\u00fcndelik olana e\u015fsiz bir sayg\u0131 duru\u015fu. <\/p>\n","protected":false},"excerpt":{"rendered":"<p>O m\u00fc\u015ffik y\u00fcre\u011fiyle bir sava\u015f\u00e7\u0131 gibi giyinmi\u015ftir enginar, dimdik, al\u00e7ac\u0131k bir kubbe de in\u015fa etmi\u015ftir, yapraklar\u0131n\u0131n alt\u0131nda i\u00e7ine bir \u015fey i\u015flemeden durur \u00f6ylece \u201cYirminci y\u00fczy\u0131l\u0131n her<span class=\"excerpt-hellip\"> [\u2026]<\/span><\/p>\n","protected":false},"featured_media":0,"template":"","meta":{"_monsterinsights_skip_tracking":false,"_monsterinsights_sitenote_active":false,"_monsterinsights_sitenote_note":"","_monsterinsights_sitenote_category":0},"product_brand":[],"product_cat":[12291,12509],"product_tag":[],"class_list":{"0":"post-759210","1":"product","2":"type-product","3":"status-publish","5":"product_cat-edebiyat","6":"product_cat-siir","7":"pa_cilt-ciltsiz","8":"pa_tur-kitap","9":"pa_yayinevi-can-yayinlari","10":"pa_yazar-pablo-neruda","12":"first","13":"instock","14":"sale","15":"shipping-taxable","16":"purchasable","17":"product-type-simple"},"_links":{"self":[{"href":"https:\/\/roveyayinevi.com.tr\/index.php\/wp-json\/wp\/v2\/product\/759210","targetHints":{"allow":["GET"]}}],"collection":[{"href":"https:\/\/roveyayinevi.com.tr\/index.php\/wp-json\/wp\/v2\/product"}],"about":[{"href":"https:\/\/roveyayinevi.com.tr\/index.php\/wp-json\/wp\/v2\/types\/product"}],"wp:attachment":[{"href":"https:\/\/roveyayinevi.com.tr\/index.php\/wp-json\/wp\/v2\/media?parent=759210"}],"wp:term":[{"taxonomy":"product_brand","embeddable":true,"href":"https:\/\/roveyayinevi.com.tr\/index.php\/wp-json\/wp\/v2\/product_brand?post=759210"},{"taxonomy":"product_cat","embeddable":true,"href":"https:\/\/roveyayinevi.com.tr\/index.php\/wp-json\/wp\/v2\/product_cat?post=759210"},{"taxonomy":"product_tag","embeddable":true,"href":"https:\/\/roveyayinevi.com.tr\/index.php\/wp-json\/wp\/v2\/product_tag?post=759210"}],"curies":[{"name":"wp","href":"https:\/\/api.w.org\/{rel}","templated":true}]}}