{"id":759209,"date":"2025-08-28T08:27:45","date_gmt":"2025-08-28T05:27:45","guid":{"rendered":"https:\/\/roveyayinevi.com.tr\/index.php\/urun\/genc-adam\/"},"modified":"2026-04-16T03:12:27","modified_gmt":"2026-04-16T00:12:27","slug":"genc-adam","status":"publish","type":"product","link":"https:\/\/roveyayinevi.com.tr\/index.php\/urun\/genc-adam\/","title":{"rendered":"Gen\u00e7 Adam"},"content":{"rendered":"<p>Ya\u015fad\u0131klar\u0131m\u0131 yazmazsam ya\u015fananlar tamamlanmam\u0131\u015f olur, ya\u015fand\u0131\u011f\u0131yla kal\u0131r.   Gen\u00e7 Adam, Annie Ernaux\u2019nun 1990\u2019lar\u0131n sonunda, ellili ya\u015flar\u0131ndayken kendisinden otuz ya\u015f kadar k\u00fc\u00e7\u00fck bir \u00fcniversite \u00f6\u011frencisiyle, gelecek beklentisi olmaks\u0131z\u0131n, k\u0131sa s\u00fcrede geli\u015fen tutkulu a\u015fk ili\u015fkisini anlat\u0131yor. Bu ili\u015fki onu gen\u00e7lik an\u0131lar\u0131na geri g\u00f6t\u00fcr\u00fcp kendisini ya\u015flanmam\u0131\u015f, zaman\u0131n d\u0131\u015f\u0131nda ve hayat\u0131n\u0131 geriye do\u011fru ya\u015f\u0131yormu\u015f gibi hissettirirken ayn\u0131 zamanda kararl\u0131l\u0131kla geride b\u0131rakt\u0131\u011f\u0131 s\u0131n\u0131fsal ge\u00e7mi\u015finin de bir aynas\u0131na d\u00f6n\u00fc\u015f\u00fcyor.   Gen\u00e7 Adam, Ernaux\u2019nun zaman, bellek ve yaz\u0131yla kurdu\u011fu ili\u015fkinin keskin ve ayd\u0131nlat\u0131c\u0131 bir \u00f6zeti.   \u201cAnnie Ernaux\u2019nun metni, otobiyografinin ne kadar ustal\u0131kla yaz\u0131labilece\u011finin kan\u0131t\u0131 niteli\u011finde&#8230; Gen\u00e7 Adam yazar\u0131n d\u00fcr\u00fcstl\u00fc\u011f\u00fcn\u00fcn, zek\u00e2s\u0131n\u0131n ve anlat\u0131lar\u0131n\u0131n aldat\u0131c\u0131 sadeli\u011finin benzersiz ve \u015fa\u015f\u0131rt\u0131c\u0131 yanlar\u0131n\u0131 bir kez daha g\u00f6zler \u00f6n\u00fcne seriyor.\u201d                                                                                       The Guardian <\/p>\n","protected":false},"excerpt":{"rendered":"<p>Ya\u015fad\u0131klar\u0131m\u0131 yazmazsam ya\u015fananlar tamamlanmam\u0131\u015f olur, ya\u015fand\u0131\u011f\u0131yla kal\u0131r. Gen\u00e7 Adam, Annie Ernaux\u2019nun 1990\u2019lar\u0131n sonunda, ellili ya\u015flar\u0131ndayken kendisinden otuz ya\u015f kadar k\u00fc\u00e7\u00fck bir \u00fcniversite \u00f6\u011frencisiyle, gelecek beklentisi olmaks\u0131z\u0131n,<span class=\"excerpt-hellip\"> [\u2026]<\/span><\/p>\n","protected":false},"featured_media":0,"template":"","meta":{"_monsterinsights_skip_tracking":false,"_monsterinsights_sitenote_active":false,"_monsterinsights_sitenote_note":"","_monsterinsights_sitenote_category":0},"product_brand":[],"product_cat":[12291,12711],"product_tag":[],"class_list":{"0":"post-759209","1":"product","2":"type-product","3":"status-publish","5":"product_cat-edebiyat","6":"product_cat-roman-oyku","7":"pa_cilt-ciltsiz","8":"pa_tur-kitap","9":"pa_yayinevi-can-yayinlari","10":"pa_yazar-annie-ernaux","12":"first","13":"instock","14":"sale","15":"shipping-taxable","16":"purchasable","17":"product-type-simple"},"_links":{"self":[{"href":"https:\/\/roveyayinevi.com.tr\/index.php\/wp-json\/wp\/v2\/product\/759209","targetHints":{"allow":["GET"]}}],"collection":[{"href":"https:\/\/roveyayinevi.com.tr\/index.php\/wp-json\/wp\/v2\/product"}],"about":[{"href":"https:\/\/roveyayinevi.com.tr\/index.php\/wp-json\/wp\/v2\/types\/product"}],"wp:attachment":[{"href":"https:\/\/roveyayinevi.com.tr\/index.php\/wp-json\/wp\/v2\/media?parent=759209"}],"wp:term":[{"taxonomy":"product_brand","embeddable":true,"href":"https:\/\/roveyayinevi.com.tr\/index.php\/wp-json\/wp\/v2\/product_brand?post=759209"},{"taxonomy":"product_cat","embeddable":true,"href":"https:\/\/roveyayinevi.com.tr\/index.php\/wp-json\/wp\/v2\/product_cat?post=759209"},{"taxonomy":"product_tag","embeddable":true,"href":"https:\/\/roveyayinevi.com.tr\/index.php\/wp-json\/wp\/v2\/product_tag?post=759209"}],"curies":[{"name":"wp","href":"https:\/\/api.w.org\/{rel}","templated":true}]}}