{"id":759207,"date":"2025-08-28T08:27:41","date_gmt":"2025-08-28T05:27:41","guid":{"rendered":"https:\/\/roveyayinevi.com.tr\/index.php\/urun\/efeli-hayriye\/"},"modified":"2026-04-16T03:12:27","modified_gmt":"2026-04-16T00:12:27","slug":"efeli-hayriye","status":"publish","type":"product","link":"https:\/\/roveyayinevi.com.tr\/index.php\/urun\/efeli-hayriye\/","title":{"rendered":"Efeli Hayriye"},"content":{"rendered":"<p>Bir kokuda, bir desende, bir e\u015fyada yahut bir t\u00fcrk\u00fcde b\u00fcy\u00fcyen hat\u0131ralar\u0131n kitab\u0131d\u0131r bu.Ata yadig\u00e2r\u0131 hanlar\u0131n \u00f6n\u00fcnde bekle\u015firken ger\u00e7ekle\u015fen yi\u011fitlik hik\u00e2yelerinin serencam\u0131na, Anadolu\u2019nun her biri ba\u015fka anlama gelen motifleriyle Efeli Hayriye&#8217;de \u015fahit olacaks\u0131n\u0131z.Dili l\u00e2l bir k\u0131z\u0131n sesini ku\u015flara emanet etmesi, bayramlar\u0131n en gururlu ve en yetim yan\u0131, gaz lambas\u0131n\u0131n \u0131\u015f\u0131\u011f\u0131nda ya\u015fmak ba\u011flayan kad\u0131nlar, evlatlar\u0131n\u0131 yitiren anneler, bal\u0131k\u00e7\u0131 bar\u0131naklar\u0131, ba\u015fkas\u0131n\u0131n hayat\u0131nda kendini g\u00f6rmenin ne oldu\u011fu, iki arada bir derede yap\u0131lan zor se\u00e7imler, hayat\u0131n belki de en a\u011f\u0131r y\u00fck\u00fc olan isimlerin hik\u00e2yelerine nak\u0131\u015f nak\u0131\u015f i\u015flenirken geriye sadece d\u00fc\u011f\u00fcm\u00fcn bir ucundan tutup \u00e7\u00f6zmek kal\u0131yor.<\/p>\n","protected":false},"excerpt":{"rendered":"<p>Bir kokuda, bir desende, bir e\u015fyada yahut bir t\u00fcrk\u00fcde b\u00fcy\u00fcyen hat\u0131ralar\u0131n kitab\u0131d\u0131r bu.Ata yadig\u00e2r\u0131 hanlar\u0131n \u00f6n\u00fcnde bekle\u015firken ger\u00e7ekle\u015fen yi\u011fitlik hik\u00e2yelerinin serencam\u0131na, Anadolu\u2019nun her biri ba\u015fka anlama<span class=\"excerpt-hellip\"> [\u2026]<\/span><\/p>\n","protected":false},"featured_media":0,"template":"","meta":{"_monsterinsights_skip_tracking":false,"_monsterinsights_sitenote_active":false,"_monsterinsights_sitenote_note":"","_monsterinsights_sitenote_category":0},"product_brand":[],"product_cat":[12291,18202],"product_tag":[],"class_list":{"0":"post-759207","1":"product","2":"type-product","3":"status-publish","5":"product_cat-edebiyat","6":"product_cat-hikaye","7":"pa_cilt-ciltsiz","8":"pa_tur-kitap","9":"pa_yayinevi-otuken-nesriyat","10":"pa_yazar-sumer-tek","12":"first","13":"instock","14":"sale","15":"shipping-taxable","16":"purchasable","17":"product-type-simple"},"_links":{"self":[{"href":"https:\/\/roveyayinevi.com.tr\/index.php\/wp-json\/wp\/v2\/product\/759207","targetHints":{"allow":["GET"]}}],"collection":[{"href":"https:\/\/roveyayinevi.com.tr\/index.php\/wp-json\/wp\/v2\/product"}],"about":[{"href":"https:\/\/roveyayinevi.com.tr\/index.php\/wp-json\/wp\/v2\/types\/product"}],"wp:attachment":[{"href":"https:\/\/roveyayinevi.com.tr\/index.php\/wp-json\/wp\/v2\/media?parent=759207"}],"wp:term":[{"taxonomy":"product_brand","embeddable":true,"href":"https:\/\/roveyayinevi.com.tr\/index.php\/wp-json\/wp\/v2\/product_brand?post=759207"},{"taxonomy":"product_cat","embeddable":true,"href":"https:\/\/roveyayinevi.com.tr\/index.php\/wp-json\/wp\/v2\/product_cat?post=759207"},{"taxonomy":"product_tag","embeddable":true,"href":"https:\/\/roveyayinevi.com.tr\/index.php\/wp-json\/wp\/v2\/product_tag?post=759207"}],"curies":[{"name":"wp","href":"https:\/\/api.w.org\/{rel}","templated":true}]}}