{"id":759205,"date":"2025-08-28T08:27:37","date_gmt":"2025-08-28T05:27:37","guid":{"rendered":"https:\/\/roveyayinevi.com.tr\/index.php\/urun\/her-sey-dans-ediyor\/"},"modified":"2026-04-16T03:12:27","modified_gmt":"2026-04-16T00:12:27","slug":"her-sey-dans-ediyor","status":"publish","type":"product","link":"https:\/\/roveyayinevi.com.tr\/index.php\/urun\/her-sey-dans-ediyor\/","title":{"rendered":"Her \u015eey Dans Ediyor"},"content":{"rendered":"<p>Zaman gemisi kaptan\u0131 Kerim, \u00f6nceki ya\u015fam\u0131nda hayat\u0131n\u0131n a\u015fk\u0131n\u0131 bulmu\u015ftur. Suzan\u2019la 70\u2019lerde yakalad\u0131klar\u0131 \u015fey \u00f6yle de\u011ferlidir ki \u201c\u00f6l\u00fcmden sonra ya\u015fam varsa\u201d yine beraber olabilmek i\u00e7in ant i\u00e7mi\u015flerdir. Kerim farkl\u0131 bir zamanda yeniden do\u011fdu\u011funda art\u0131k tek amac\u0131 Suzan\u2019\u0131 bulmakt\u0131r. Ne yap\u0131p edip 2015 y\u0131l\u0131ndaki T\u00fcrkiye\u2019ye ula\u015ft\u0131\u011f\u0131nda bilgisayar\u0131 K\u00e2hin\u2019in hesaplamalar\u0131na g\u00f6re kar\u015f\u0131s\u0131nda Suzan olabilecek iki kad\u0131n bulur: Kendini \u201charbi feminist\u201d diye tan\u0131mlayan pavyon \u00e7al\u0131\u015fan\u0131 Ankaral\u0131 Ebru ve Kad\u0131k\u00f6y\u2019de direk dans\u0131 st\u00fcdyosu i\u015fleten, g\u00fcc\u00fcn\u00fc Hekate\u2019den alan cad\u0131 klan\u0131n\u0131n lideri Ayza. Sona Ertekin\u2019in ger\u00e7ek d\u00fcnyada fantastik ad\u0131mlar atarak kurdu\u011fu Her \u015eey Dans Ediyor, zaman gemisinde piknik t\u00fcp\u00fc \u00fczerinde demlenen \u00e7ay\u0131, hipnotik pavyon dans\u0131n\u0131, modern zaman cad\u0131lar\u0131n\u0131, hatta Osman Hamdi Bey ve Led Zeppelin\u2019i bir araya getiriyor. \u201cK\u0131sacas\u0131 hayattaki duru\u015fumuz, yer\u00e7ekimine yakla\u015f\u0131m\u0131m\u0131zla ilgiliydi. \u0130nsan kendi kafas\u0131ndaki yer\u00e7ekimini bir kez a\u015ft\u0131ktan sonra i\u015finde, sanat\u0131nda, evlili\u011finde, her alanda savrulup kaybolmadan u\u00e7abilirdi! Velhas\u0131l, en g\u00fczeli kendini olabildi\u011fince b\u0131rakmak ve k\u00e2h bir Mevlevi gibi, k\u00e2h sa\u00e7lar\u0131n\u0131 savurarak kendinden ge\u00e7mi\u015f bir dans\u00f6z gibi, olmad\u0131 bir pole dans\u00e7\u0131 gibi d\u00f6n\u00fcp durmakt\u0131 ki kendi hareketin seni merkezle bir k\u0131ls\u0131n! Kendi merkezinde kendi yer\u00e7ekimini yarat ki d\u00fc\u015fmeden havada kalas\u0131n&#8230;\u201d<\/p>\n","protected":false},"excerpt":{"rendered":"<p>Zaman gemisi kaptan\u0131 Kerim, \u00f6nceki ya\u015fam\u0131nda hayat\u0131n\u0131n a\u015fk\u0131n\u0131 bulmu\u015ftur. Suzan\u2019la 70\u2019lerde yakalad\u0131klar\u0131 \u015fey \u00f6yle de\u011ferlidir ki \u201c\u00f6l\u00fcmden sonra ya\u015fam varsa\u201d yine beraber olabilmek i\u00e7in ant i\u00e7mi\u015flerdir.<span class=\"excerpt-hellip\"> [\u2026]<\/span><\/p>\n","protected":false},"featured_media":0,"template":"","meta":{"_monsterinsights_skip_tracking":false,"_monsterinsights_sitenote_active":false,"_monsterinsights_sitenote_note":"","_monsterinsights_sitenote_category":0},"product_brand":[],"product_cat":[12291,12711],"product_tag":[],"class_list":{"0":"post-759205","1":"product","2":"type-product","3":"status-publish","5":"product_cat-edebiyat","6":"product_cat-roman-oyku","7":"pa_cilt-ciltsiz","8":"pa_tur-kitap","9":"pa_yayinevi-everest-yayinlari","10":"pa_yazar-sona-ertekin","12":"first","13":"instock","14":"sale","15":"shipping-taxable","16":"purchasable","17":"product-type-simple"},"_links":{"self":[{"href":"https:\/\/roveyayinevi.com.tr\/index.php\/wp-json\/wp\/v2\/product\/759205","targetHints":{"allow":["GET"]}}],"collection":[{"href":"https:\/\/roveyayinevi.com.tr\/index.php\/wp-json\/wp\/v2\/product"}],"about":[{"href":"https:\/\/roveyayinevi.com.tr\/index.php\/wp-json\/wp\/v2\/types\/product"}],"wp:attachment":[{"href":"https:\/\/roveyayinevi.com.tr\/index.php\/wp-json\/wp\/v2\/media?parent=759205"}],"wp:term":[{"taxonomy":"product_brand","embeddable":true,"href":"https:\/\/roveyayinevi.com.tr\/index.php\/wp-json\/wp\/v2\/product_brand?post=759205"},{"taxonomy":"product_cat","embeddable":true,"href":"https:\/\/roveyayinevi.com.tr\/index.php\/wp-json\/wp\/v2\/product_cat?post=759205"},{"taxonomy":"product_tag","embeddable":true,"href":"https:\/\/roveyayinevi.com.tr\/index.php\/wp-json\/wp\/v2\/product_tag?post=759205"}],"curies":[{"name":"wp","href":"https:\/\/api.w.org\/{rel}","templated":true}]}}