{"id":759202,"date":"2025-08-28T08:27:32","date_gmt":"2025-08-28T05:27:32","guid":{"rendered":"https:\/\/roveyayinevi.com.tr\/index.php\/urun\/nevrotik-tarzlar\/"},"modified":"2026-04-16T03:12:27","modified_gmt":"2026-04-16T00:12:27","slug":"nevrotik-tarzlar","status":"publish","type":"product","link":"https:\/\/roveyayinevi.com.tr\/index.php\/urun\/nevrotik-tarzlar\/","title":{"rendered":"Nevrotik Tarzlar"},"content":{"rendered":"<p>Nevrotik Tarzlar, terapiye ve ruh sa\u011fl\u0131\u011f\u0131na dair varsay\u0131mlar\u0131 radikal bi\u00e7imde de\u011fi\u015ftiren bir \u00e7al\u0131\u015fma olarak bilinir. David Shapiro bug\u00fcnlerde hayli a\u015fina olunan obsesif kompulsif ki\u015filik, histerik ki\u015filik, paranoid ki\u015filik ve d\u00fcrt\u00fcsel ki\u015filik gibi kavramlar\u0131 farkl\u0131 bir kulptan tutmu\u015f, bireyin bu nevrotik tarzlar\u0131 travma ve kayg\u0131lar\u0131yla ba\u015fa \u00e7\u0131kma yolunda ki\u015filikleriyle uyumlu bi\u00e7imde benimsedi\u011fini ortaya atm\u0131\u015ft\u0131. Kendi deyi\u015fiyle nevrotik semptomlar\u0131n karakter i\u00e7erisinde yer alan bir \u015fey oldu\u011funu ve \u00e7o\u011fu zaman b\u00f6yle g\u00f6z\u00fckmeseler de \u00f6znel ya\u015fam\u0131n genel niteli\u011fiyle tutarl\u0131 oldu\u011funu g\u00f6stermek niyetindeydi. Bu sayede terapi ve ki\u015filik bozukluklar\u0131n\u0131n te\u015fhisinde yeni bir perspektif sunmu\u015f, bireyin nevrotik davran\u0131\u015flar\u0131n\u0131 derinlemesine kavraman\u0131n yan\u0131 s\u0131ra bu davran\u0131\u015flar\u0131n tedavisine dair yakla\u015f\u0131mlar\u0131 da yeniden \u015fekillendirmi\u015fti. <\/p>\n","protected":false},"excerpt":{"rendered":"<p>Nevrotik Tarzlar, terapiye ve ruh sa\u011fl\u0131\u011f\u0131na dair varsay\u0131mlar\u0131 radikal bi\u00e7imde de\u011fi\u015ftiren bir \u00e7al\u0131\u015fma olarak bilinir. David Shapiro bug\u00fcnlerde hayli a\u015fina olunan obsesif kompulsif ki\u015filik, histerik ki\u015filik,<span class=\"excerpt-hellip\"> [\u2026]<\/span><\/p>\n","protected":false},"featured_media":0,"template":"","meta":{"_monsterinsights_skip_tracking":false,"_monsterinsights_sitenote_active":false,"_monsterinsights_sitenote_note":"","_monsterinsights_sitenote_category":0},"product_brand":[],"product_cat":[12357],"product_tag":[],"class_list":{"0":"post-759202","1":"product","2":"type-product","3":"status-publish","5":"product_cat-psikoloji","6":"pa_cilt-ciltsiz","7":"pa_tur-kitap","8":"pa_yayinevi-okuyan-us-yayin","9":"pa_yazar-david-shapiro","11":"first","12":"instock","13":"sale","14":"shipping-taxable","15":"purchasable","16":"product-type-simple"},"_links":{"self":[{"href":"https:\/\/roveyayinevi.com.tr\/index.php\/wp-json\/wp\/v2\/product\/759202","targetHints":{"allow":["GET"]}}],"collection":[{"href":"https:\/\/roveyayinevi.com.tr\/index.php\/wp-json\/wp\/v2\/product"}],"about":[{"href":"https:\/\/roveyayinevi.com.tr\/index.php\/wp-json\/wp\/v2\/types\/product"}],"wp:attachment":[{"href":"https:\/\/roveyayinevi.com.tr\/index.php\/wp-json\/wp\/v2\/media?parent=759202"}],"wp:term":[{"taxonomy":"product_brand","embeddable":true,"href":"https:\/\/roveyayinevi.com.tr\/index.php\/wp-json\/wp\/v2\/product_brand?post=759202"},{"taxonomy":"product_cat","embeddable":true,"href":"https:\/\/roveyayinevi.com.tr\/index.php\/wp-json\/wp\/v2\/product_cat?post=759202"},{"taxonomy":"product_tag","embeddable":true,"href":"https:\/\/roveyayinevi.com.tr\/index.php\/wp-json\/wp\/v2\/product_tag?post=759202"}],"curies":[{"name":"wp","href":"https:\/\/api.w.org\/{rel}","templated":true}]}}