{"id":759199,"date":"2025-08-28T08:27:26","date_gmt":"2025-08-28T05:27:26","guid":{"rendered":"https:\/\/roveyayinevi.com.tr\/index.php\/urun\/cicek-hanimin-ruyalari\/"},"modified":"2026-04-16T03:12:27","modified_gmt":"2026-04-16T00:12:27","slug":"cicek-hanimin-ruyalari","status":"publish","type":"product","link":"https:\/\/roveyayinevi.com.tr\/index.php\/urun\/cicek-hanimin-ruyalari\/","title":{"rendered":"\u00c7i\u00e7ek Han\u0131m\u2019\u0131n R\u00fcyalar\u0131"},"content":{"rendered":"<p>Centil Bellini dedim de&#8230; Bu Venedikli ressam\u0131 biraz daha anlatsam iyi olacak. Cennetmek\u00e2n F\u00e2tih Sultan Mehmed Han, \u015feb\u00eeh surete pek merakl\u0131yd\u0131 ve k\u00e2firistanda bu fende h\u00fcner sahibi \u00e7ok musavvir bulundu\u011funu \u00f6\u011frenmi\u015fti. Kostanzo Efendi gibi bir\u00e7oklar\u0131 gelip gitti, amma hi\u00e7biri bunun kadar h\u00fcnerbaz de\u011fildi. Matru\u015f bir adam, ne sakal\u0131 var ne b\u0131y\u0131\u011f\u0131. Sa\u00e7lar\u0131 da d\u00f6k\u00fclm\u00fc\u015f, ensesindeki bir tutam k\u0131l olmasa bizim Cevl\u00e2k\u00eelere benzeyecek. Baba Nakka\u015f, huzurda \u00e7ok itibar g\u00f6rd\u00fc\u011f\u00fcn\u00fc s\u00f6ylemi\u015fti. Me\u011ferse bunlar ailece musavvirmi\u015f. Babas\u0131 Yakopo ve bir ya\u015f k\u00fc\u00e7\u00fck karde\u015fi Covanni&#8230;   Be\u015fir Ayvazo\u011flu, birbiriyle ili\u015fkili olmakla beraber ba\u011f\u0131ms\u0131z metinler olarak da okunabilecek sekiz tarih\u00ee hik\u00e2ye ile F\u00e2tih devrinde kar\u015f\u0131 kar\u015f\u0131ya gelen iki farkl\u0131 esteti\u011fin \u00e7at\u0131\u015fmas\u0131n\u0131 ve Osmanl\u0131 tarihinin en can al\u0131c\u0131 meselesi olan \u201ckarde\u015f katli\u201dni birlikte sorguluyor. \u00dc\u00e7 b\u00f6l\u00fcmden olu\u015fan bir \u00fcst hik\u00e2yenin birbirine ba\u011flad\u0131\u011f\u0131 hik\u00e2yelerin odak noktas\u0131, Bursa\u2019da, aralar\u0131nda Cem ve Mustafa\u2019n\u0131n da bulundu\u011fu \u00e7ok say\u0131da \u015fehzadeyi misafir eden Muradiye&#8230; <\/p>\n","protected":false},"excerpt":{"rendered":"<p>Centil Bellini dedim de&#8230; Bu Venedikli ressam\u0131 biraz daha anlatsam iyi olacak. Cennetmek\u00e2n F\u00e2tih Sultan Mehmed Han, \u015feb\u00eeh surete pek merakl\u0131yd\u0131 ve k\u00e2firistanda bu fende h\u00fcner<span class=\"excerpt-hellip\"> [\u2026]<\/span><\/p>\n","protected":false},"featured_media":0,"template":"","meta":{"_monsterinsights_skip_tracking":false,"_monsterinsights_sitenote_active":false,"_monsterinsights_sitenote_note":"","_monsterinsights_sitenote_category":0},"product_brand":[],"product_cat":[12291,18202],"product_tag":[],"class_list":{"0":"post-759199","1":"product","2":"type-product","3":"status-publish","5":"product_cat-edebiyat","6":"product_cat-hikaye","7":"pa_cilt-ciltsiz","8":"pa_tur-kitap","9":"pa_yayinevi-kapi-yayinlari","10":"pa_yazar-besir-ayvazoglu","12":"first","13":"instock","14":"sale","15":"shipping-taxable","16":"purchasable","17":"product-type-simple"},"_links":{"self":[{"href":"https:\/\/roveyayinevi.com.tr\/index.php\/wp-json\/wp\/v2\/product\/759199","targetHints":{"allow":["GET"]}}],"collection":[{"href":"https:\/\/roveyayinevi.com.tr\/index.php\/wp-json\/wp\/v2\/product"}],"about":[{"href":"https:\/\/roveyayinevi.com.tr\/index.php\/wp-json\/wp\/v2\/types\/product"}],"wp:attachment":[{"href":"https:\/\/roveyayinevi.com.tr\/index.php\/wp-json\/wp\/v2\/media?parent=759199"}],"wp:term":[{"taxonomy":"product_brand","embeddable":true,"href":"https:\/\/roveyayinevi.com.tr\/index.php\/wp-json\/wp\/v2\/product_brand?post=759199"},{"taxonomy":"product_cat","embeddable":true,"href":"https:\/\/roveyayinevi.com.tr\/index.php\/wp-json\/wp\/v2\/product_cat?post=759199"},{"taxonomy":"product_tag","embeddable":true,"href":"https:\/\/roveyayinevi.com.tr\/index.php\/wp-json\/wp\/v2\/product_tag?post=759199"}],"curies":[{"name":"wp","href":"https:\/\/api.w.org\/{rel}","templated":true}]}}