{"id":759198,"date":"2025-08-28T08:27:24","date_gmt":"2025-08-28T05:27:24","guid":{"rendered":"https:\/\/roveyayinevi.com.tr\/index.php\/urun\/ne-rahat-olurdum\/"},"modified":"2026-04-16T03:12:27","modified_gmt":"2026-04-16T00:12:27","slug":"ne-rahat-olurdum","status":"publish","type":"product","link":"https:\/\/roveyayinevi.com.tr\/index.php\/urun\/ne-rahat-olurdum\/","title":{"rendered":"Ne Rahat Olurdum"},"content":{"rendered":"<p>Unutabilseydim b\u00fct\u00fcn bildiklerimi yahut \u00f6\u011frenebilseydim bilmediklerimi ne rahat olurdum Mimar-ressam-yazar Cihat Burak\u2019\u0131n en az bilinen taraf\u0131na \u0131\u015f\u0131k tutan Ne Rahat Olurdum sanat\u00e7\u0131n\u0131n 1940\u2019l\u0131 y\u0131llara ait bir defterinde kalm\u0131\u015f, \u00e7o\u011fu Osmanl\u0131ca kaleme al\u0131nm\u0131\u015f \u015fiirlerini bir araya getiriyor. \u00d6zel bir k\u00fclliyat\u0131n \u00f6nemli bir par\u00e7as\u0131 olarak \u00d6mer Faruk \u015eerifo\u011flu taraf\u0131ndan haz\u0131rlanan ve ilk kez topluca yay\u0131mlanan bu \u015fiirler, Burak\u2019\u0131n resimlerine ve \u00f6yk\u00fclerine a\u015fina olanlar kadar, hen\u00fcz onun evreniyle tan\u0131\u015fmam\u0131\u015f okurlar i\u00e7in de anlaml\u0131 bir ke\u015fif niteli\u011finde: Haydar Erg\u00fclen\u2019in deyimiyle, yaln\u0131zl\u0131\u011f\u0131n\u0131 kalabal\u0131klar aras\u0131nda gezdirerek kal\u0131nla\u015ft\u0131ran bir \u201cyaln\u0131z \u00e7elebi\u201dnin \u015fenlikli h\u00fczn\u00fc&#8230;<\/p>\n","protected":false},"excerpt":{"rendered":"<p>Unutabilseydim b\u00fct\u00fcn bildiklerimi yahut \u00f6\u011frenebilseydim bilmediklerimi ne rahat olurdum Mimar-ressam-yazar Cihat Burak\u2019\u0131n en az bilinen taraf\u0131na \u0131\u015f\u0131k tutan Ne Rahat Olurdum sanat\u00e7\u0131n\u0131n 1940\u2019l\u0131 y\u0131llara ait bir<span class=\"excerpt-hellip\"> [\u2026]<\/span><\/p>\n","protected":false},"featured_media":0,"template":"","meta":{"_monsterinsights_skip_tracking":false,"_monsterinsights_sitenote_active":false,"_monsterinsights_sitenote_note":"","_monsterinsights_sitenote_category":0},"product_brand":[],"product_cat":[12291,12509],"product_tag":[],"class_list":{"0":"post-759198","1":"product","2":"type-product","3":"status-publish","5":"product_cat-edebiyat","6":"product_cat-siir","7":"pa_cilt-ciltsiz","8":"pa_tur-kitap","9":"pa_yayinevi-everest-yayinlari","10":"pa_yazar-cihat-burak","12":"first","13":"instock","14":"sale","15":"shipping-taxable","16":"purchasable","17":"product-type-simple"},"_links":{"self":[{"href":"https:\/\/roveyayinevi.com.tr\/index.php\/wp-json\/wp\/v2\/product\/759198","targetHints":{"allow":["GET"]}}],"collection":[{"href":"https:\/\/roveyayinevi.com.tr\/index.php\/wp-json\/wp\/v2\/product"}],"about":[{"href":"https:\/\/roveyayinevi.com.tr\/index.php\/wp-json\/wp\/v2\/types\/product"}],"wp:attachment":[{"href":"https:\/\/roveyayinevi.com.tr\/index.php\/wp-json\/wp\/v2\/media?parent=759198"}],"wp:term":[{"taxonomy":"product_brand","embeddable":true,"href":"https:\/\/roveyayinevi.com.tr\/index.php\/wp-json\/wp\/v2\/product_brand?post=759198"},{"taxonomy":"product_cat","embeddable":true,"href":"https:\/\/roveyayinevi.com.tr\/index.php\/wp-json\/wp\/v2\/product_cat?post=759198"},{"taxonomy":"product_tag","embeddable":true,"href":"https:\/\/roveyayinevi.com.tr\/index.php\/wp-json\/wp\/v2\/product_tag?post=759198"}],"curies":[{"name":"wp","href":"https:\/\/api.w.org\/{rel}","templated":true}]}}