{"id":759197,"date":"2025-08-28T08:27:22","date_gmt":"2025-08-28T05:27:22","guid":{"rendered":"https:\/\/roveyayinevi.com.tr\/index.php\/urun\/manzumeler\/"},"modified":"2026-04-16T03:12:27","modified_gmt":"2026-04-16T00:12:27","slug":"manzumeler","status":"publish","type":"product","link":"https:\/\/roveyayinevi.com.tr\/index.php\/urun\/manzumeler\/","title":{"rendered":"Manzumeler"},"content":{"rendered":"<p>Nur i\u00e7inde yat anac\u0131\u011f\u0131m Mecbur muydun beni do\u011furmaya Bir daha yapma V\u00fcs\u2019at O. Bener\u2019in her bir kelimeyi k\u0131rk yaran tasarruflu kaleminden \u00e7\u0131kan dizeler. Bener\u2019in \u00fcslubunun alametifarikas\u0131 olan ironik, \u00f6zg\u00fcn ve dupduru sesini \u201cverdi\u011fi eslerden\u201d alan manzumeler. Modern ede- biyat\u0131m\u0131z\u0131n k\u00fclt yazarlar\u0131ndan V\u00fcs\u2019at O. Bener\u2019in s\u00f6z\u00fcn\u00fcn \u015fiircesi Manzumeler\u2019de. \u201cManzumeler: Aras\u00f6z gibidir\u2026 B\u00fct\u00fcn anlat\u0131lanlar\u0131n, kurulanlar\u0131n, dile getirilenlerin s\u00f6zbilimcisinin durup soluk alma \u00e2n\u2019\u0131nda diyecekleridir. Bir ba\u015fka sesin denenmesi, i\u00e7teki yalazlanan ezgin\/buruk deyileni\u015fi. Gene bir dil \u015fenli\u011fi, gene bir ince g\u00fcl\u00fc\u015f, kara anlat\u0131.\u201d \u2013Feridun Anda\u00e7<\/p>\n","protected":false},"excerpt":{"rendered":"<p>Nur i\u00e7inde yat anac\u0131\u011f\u0131m Mecbur muydun beni do\u011furmaya Bir daha yapma V\u00fcs\u2019at O. Bener\u2019in her bir kelimeyi k\u0131rk yaran tasarruflu kaleminden \u00e7\u0131kan dizeler. Bener\u2019in \u00fcslubunun alametifarikas\u0131<span class=\"excerpt-hellip\"> [\u2026]<\/span><\/p>\n","protected":false},"featured_media":0,"template":"","meta":{"_monsterinsights_skip_tracking":false,"_monsterinsights_sitenote_active":false,"_monsterinsights_sitenote_note":"","_monsterinsights_sitenote_category":0},"product_brand":[],"product_cat":[12291,12509],"product_tag":[],"class_list":{"0":"post-759197","1":"product","2":"type-product","3":"status-publish","5":"product_cat-edebiyat","6":"product_cat-siir","7":"pa_cilt-ciltsiz","8":"pa_tur-kitap","9":"pa_yayinevi-everest-yayinlari","10":"pa_yazar-vusat-o-bener","12":"first","13":"instock","14":"sale","15":"shipping-taxable","16":"purchasable","17":"product-type-simple"},"_links":{"self":[{"href":"https:\/\/roveyayinevi.com.tr\/index.php\/wp-json\/wp\/v2\/product\/759197","targetHints":{"allow":["GET"]}}],"collection":[{"href":"https:\/\/roveyayinevi.com.tr\/index.php\/wp-json\/wp\/v2\/product"}],"about":[{"href":"https:\/\/roveyayinevi.com.tr\/index.php\/wp-json\/wp\/v2\/types\/product"}],"wp:attachment":[{"href":"https:\/\/roveyayinevi.com.tr\/index.php\/wp-json\/wp\/v2\/media?parent=759197"}],"wp:term":[{"taxonomy":"product_brand","embeddable":true,"href":"https:\/\/roveyayinevi.com.tr\/index.php\/wp-json\/wp\/v2\/product_brand?post=759197"},{"taxonomy":"product_cat","embeddable":true,"href":"https:\/\/roveyayinevi.com.tr\/index.php\/wp-json\/wp\/v2\/product_cat?post=759197"},{"taxonomy":"product_tag","embeddable":true,"href":"https:\/\/roveyayinevi.com.tr\/index.php\/wp-json\/wp\/v2\/product_tag?post=759197"}],"curies":[{"name":"wp","href":"https:\/\/api.w.org\/{rel}","templated":true}]}}