{"id":759196,"date":"2025-08-28T08:27:21","date_gmt":"2025-08-28T05:27:21","guid":{"rendered":"https:\/\/roveyayinevi.com.tr\/index.php\/urun\/teknolojinin-otesi\/"},"modified":"2026-04-16T03:12:27","modified_gmt":"2026-04-16T00:12:27","slug":"teknolojinin-otesi","status":"publish","type":"product","link":"https:\/\/roveyayinevi.com.tr\/index.php\/urun\/teknolojinin-otesi\/","title":{"rendered":"Teknolojinin \u00d6tesi"},"content":{"rendered":"<p>21. y\u00fczy\u0131l\u0131n en \u00f6nemli sorular\u0131ndan biri: Teknoloji mi insana egemen olacak, insan m\u0131 teknolojiye y\u00f6n verecek? Sanayi Devrimi ile birlikte d\u00fcnya h\u0131zla de\u011fi\u015fmeye ba\u015flad\u0131. Makineler, otomobiller, elektrikli ara\u00e7 ve gere\u00e7ler\u2026 Radyo, televizyon, bilgisayar, ak\u0131ll\u0131 telefonlar\u2026 De\u011fi\u015fen ekolojik dengeler, \u00e7evre sorunlar\u0131, g\u0131da meseleleri\u2026 Ve b\u00fct\u00fcn bunlar\u0131n aras\u0131nda ve \u00f6tesinde insan\u2026 Hep insan\u2026<\/p>\n","protected":false},"excerpt":{"rendered":"<p>21. y\u00fczy\u0131l\u0131n en \u00f6nemli sorular\u0131ndan biri: Teknoloji mi insana egemen olacak, insan m\u0131 teknolojiye y\u00f6n verecek? Sanayi Devrimi ile birlikte d\u00fcnya h\u0131zla de\u011fi\u015fmeye ba\u015flad\u0131. Makineler, otomobiller,<span class=\"excerpt-hellip\"> [\u2026]<\/span><\/p>\n","protected":false},"featured_media":0,"template":"","meta":{"_monsterinsights_skip_tracking":false,"_monsterinsights_sitenote_active":false,"_monsterinsights_sitenote_note":"","_monsterinsights_sitenote_category":0},"product_brand":[],"product_cat":[13005,37328],"product_tag":[],"class_list":{"0":"post-759196","1":"product","2":"type-product","3":"status-publish","5":"product_cat-bilim-muhendislik","6":"product_cat-diger-bilim-muhendislik","7":"pa_cilt-ciltsiz","8":"pa_tur-kitap","9":"pa_yayinevi-kapi-yayinlari","10":"pa_yazar-ersin-nazif-gurdogan","12":"first","13":"instock","14":"sale","15":"shipping-taxable","16":"purchasable","17":"product-type-simple"},"_links":{"self":[{"href":"https:\/\/roveyayinevi.com.tr\/index.php\/wp-json\/wp\/v2\/product\/759196","targetHints":{"allow":["GET"]}}],"collection":[{"href":"https:\/\/roveyayinevi.com.tr\/index.php\/wp-json\/wp\/v2\/product"}],"about":[{"href":"https:\/\/roveyayinevi.com.tr\/index.php\/wp-json\/wp\/v2\/types\/product"}],"wp:attachment":[{"href":"https:\/\/roveyayinevi.com.tr\/index.php\/wp-json\/wp\/v2\/media?parent=759196"}],"wp:term":[{"taxonomy":"product_brand","embeddable":true,"href":"https:\/\/roveyayinevi.com.tr\/index.php\/wp-json\/wp\/v2\/product_brand?post=759196"},{"taxonomy":"product_cat","embeddable":true,"href":"https:\/\/roveyayinevi.com.tr\/index.php\/wp-json\/wp\/v2\/product_cat?post=759196"},{"taxonomy":"product_tag","embeddable":true,"href":"https:\/\/roveyayinevi.com.tr\/index.php\/wp-json\/wp\/v2\/product_tag?post=759196"}],"curies":[{"name":"wp","href":"https:\/\/api.w.org\/{rel}","templated":true}]}}