{"id":759194,"date":"2025-08-28T08:27:17","date_gmt":"2025-08-28T05:27:17","guid":{"rendered":"https:\/\/roveyayinevi.com.tr\/index.php\/urun\/buyuk-armagan-korku\/"},"modified":"2026-04-16T03:12:27","modified_gmt":"2026-04-16T00:12:27","slug":"buyuk-armagan-korku","status":"publish","type":"product","link":"https:\/\/roveyayinevi.com.tr\/index.php\/urun\/buyuk-armagan-korku\/","title":{"rendered":"B\u00fcy\u00fck Arma\u011fan : Korku"},"content":{"rendered":"<p>\u201cSokaklarda y\u00fcr\u00fcnmez oldu, kimselere g\u00fcvenilmez oldu\u201d diyenler, sokaklar kadar ev ve i\u015fin de bir \u015fiddet memba\u0131 olabilece\u011fini bilenler muhtemelen Amerika\u2019n\u0131n \u00f6nde gelen g\u00fcvenlik uzmanlar\u0131ndan birinin tavsiyelerine kulak vermek isteyecektir.   ABD ba\u015fkanlar\u0131 dahil olmak \u00fczere say\u0131s\u0131z \u00f6nemli ki\u015fili\u011fe dan\u0131\u015fmanl\u0131k yapm\u0131\u015f olan Gavin de Becker\u2019a g\u00f6re korku ortadan kald\u0131r\u0131lmas\u0131 gereken bir \u00f6c\u00fc de\u011fil, t\u00fcrlerin binlerce y\u0131ll\u0131k devaml\u0131l\u0131\u011f\u0131n\u0131 sa\u011flam\u0131\u015f az maliyetli bir hayatta kalma y\u00f6ntemi. \u015eiddetin ve zulm\u00fcn git gide artt\u0131\u011f\u0131 d\u00fcnyada bireysel emniyet \u00f6nlemlerinin ka\u00e7\u0131n\u0131lmazl\u0131k, i\u00e7 ve d\u0131\u015f fakt\u00f6rlerin hesaba kat\u0131ld\u0131\u011f\u0131 bir g\u00fcvenlik yakla\u015f\u0131m\u0131n\u0131n ise gereklilik oldu\u011funu \u00f6\u011freniyoruz ondan. Her t\u00fcrl\u00fc insan \u015fiddetinin \u00f6nceden tespit edilebilece\u011fi teziyle ad\u0131ndan \u00e7ok kereler s\u00f6z ettirmi\u015f, bug\u00fcne kadar 14 farkl\u0131 dile \u00e7evrilmi\u015f bir klasik olan B\u00fcy\u00fck Arma\u011fan: Korku, ki\u015fisel g\u00fcvenlik anlay\u0131\u015f\u0131n\u0131zda devrim yapmaya aday.<\/p>\n","protected":false},"excerpt":{"rendered":"<p>\u201cSokaklarda y\u00fcr\u00fcnmez oldu, kimselere g\u00fcvenilmez oldu\u201d diyenler, sokaklar kadar ev ve i\u015fin de bir \u015fiddet memba\u0131 olabilece\u011fini bilenler muhtemelen Amerika\u2019n\u0131n \u00f6nde gelen g\u00fcvenlik uzmanlar\u0131ndan birinin tavsiyelerine<span class=\"excerpt-hellip\"> [\u2026]<\/span><\/p>\n","protected":false},"featured_media":0,"template":"","meta":{"_monsterinsights_skip_tracking":false,"_monsterinsights_sitenote_active":false,"_monsterinsights_sitenote_note":"","_monsterinsights_sitenote_category":0},"product_brand":[],"product_cat":[12357],"product_tag":[],"class_list":{"0":"post-759194","1":"product","2":"type-product","3":"status-publish","5":"product_cat-psikoloji","6":"pa_cilt-ciltsiz","7":"pa_tur-kitap","8":"pa_yayinevi-okuyan-us-yayin","9":"pa_yazar-gavin-de-becker","11":"first","12":"instock","13":"sale","14":"shipping-taxable","15":"purchasable","16":"product-type-simple"},"_links":{"self":[{"href":"https:\/\/roveyayinevi.com.tr\/index.php\/wp-json\/wp\/v2\/product\/759194","targetHints":{"allow":["GET"]}}],"collection":[{"href":"https:\/\/roveyayinevi.com.tr\/index.php\/wp-json\/wp\/v2\/product"}],"about":[{"href":"https:\/\/roveyayinevi.com.tr\/index.php\/wp-json\/wp\/v2\/types\/product"}],"wp:attachment":[{"href":"https:\/\/roveyayinevi.com.tr\/index.php\/wp-json\/wp\/v2\/media?parent=759194"}],"wp:term":[{"taxonomy":"product_brand","embeddable":true,"href":"https:\/\/roveyayinevi.com.tr\/index.php\/wp-json\/wp\/v2\/product_brand?post=759194"},{"taxonomy":"product_cat","embeddable":true,"href":"https:\/\/roveyayinevi.com.tr\/index.php\/wp-json\/wp\/v2\/product_cat?post=759194"},{"taxonomy":"product_tag","embeddable":true,"href":"https:\/\/roveyayinevi.com.tr\/index.php\/wp-json\/wp\/v2\/product_tag?post=759194"}],"curies":[{"name":"wp","href":"https:\/\/api.w.org\/{rel}","templated":true}]}}