{"id":759189,"date":"2025-08-28T08:27:11","date_gmt":"2025-08-28T05:27:11","guid":{"rendered":"https:\/\/roveyayinevi.com.tr\/index.php\/urun\/bambaska-bir-ulke-amerikaya-yolculuk-2\/"},"modified":"2026-04-16T03:12:27","modified_gmt":"2026-04-16T00:12:27","slug":"bambaska-bir-ulke-amerikaya-yolculuk-2","status":"publish","type":"product","link":"https:\/\/roveyayinevi.com.tr\/index.php\/urun\/bambaska-bir-ulke-amerikaya-yolculuk-2\/","title":{"rendered":"Bamba\u015fka Bir \u00dclke Amerika&#8217;ya Yolculuk"},"content":{"rendered":"<p>Amerika bug\u00fcne dek gezdi\u011fim \u00fclkelerden daha de\u011fi\u015fik bir \u00fclke&#8230; G\u00fclten Day\u0131o\u011flu ile \u00e7ok \u015fa\u015f\u0131rt\u0131c\u0131, tad\u0131na doyulmaz bir Amerika gezisine haz\u0131r m\u0131s\u0131n\u0131z? Sevimli \u00e7izgi film kahramanlar\u0131n\u0131n ya\u015fad\u0131\u011f\u0131 Disneyland, ak\u0131ll\u0131 yunuslar\u0131n harika g\u00f6steriler yapt\u0131\u011f\u0131 Sea World, geveze bir robotla tan\u0131\u015faca\u011f\u0131n\u0131z, gelece\u011fin d\u00fcnyas\u0131 Epcot Center\u2026 Hollywood, Universal St\u00fcdyolar\u0131, Beverly Hills\u2026 Los Angeles, San Francisco, New York, Miami, Orlando\u2026 En b\u00fcy\u00fck \u015fehirler, en uzun k\u00f6pr\u00fcler, en y\u00fcksek g\u00f6kdelenler\u2026 Haydi gelin bu bamba\u015fka \u00fclkeyi hep birlikte gezelim! <\/p>\n","protected":false},"excerpt":{"rendered":"<p>Amerika bug\u00fcne dek gezdi\u011fim \u00fclkelerden daha de\u011fi\u015fik bir \u00fclke&#8230; G\u00fclten Day\u0131o\u011flu ile \u00e7ok \u015fa\u015f\u0131rt\u0131c\u0131, tad\u0131na doyulmaz bir Amerika gezisine haz\u0131r m\u0131s\u0131n\u0131z? Sevimli \u00e7izgi film kahramanlar\u0131n\u0131n ya\u015fad\u0131\u011f\u0131<span class=\"excerpt-hellip\"> [\u2026]<\/span><\/p>\n","protected":false},"featured_media":0,"template":"","meta":{"_monsterinsights_skip_tracking":false,"_monsterinsights_sitenote_active":false,"_monsterinsights_sitenote_note":"","_monsterinsights_sitenote_category":0},"product_brand":[],"product_cat":[12274],"product_tag":[],"class_list":{"0":"post-759189","1":"product","2":"type-product","3":"status-publish","5":"product_cat-cocuk-ve-genclik-kitaplari","6":"pa_cilt-ciltsiz","7":"pa_tur-kitap","8":"pa_yayinevi-yapi-kredi-yayinlari","9":"pa_yazar-gulten-dayioglu","11":"first","12":"instock","13":"sale","14":"shipping-taxable","15":"purchasable","16":"product-type-simple"},"_links":{"self":[{"href":"https:\/\/roveyayinevi.com.tr\/index.php\/wp-json\/wp\/v2\/product\/759189","targetHints":{"allow":["GET"]}}],"collection":[{"href":"https:\/\/roveyayinevi.com.tr\/index.php\/wp-json\/wp\/v2\/product"}],"about":[{"href":"https:\/\/roveyayinevi.com.tr\/index.php\/wp-json\/wp\/v2\/types\/product"}],"wp:attachment":[{"href":"https:\/\/roveyayinevi.com.tr\/index.php\/wp-json\/wp\/v2\/media?parent=759189"}],"wp:term":[{"taxonomy":"product_brand","embeddable":true,"href":"https:\/\/roveyayinevi.com.tr\/index.php\/wp-json\/wp\/v2\/product_brand?post=759189"},{"taxonomy":"product_cat","embeddable":true,"href":"https:\/\/roveyayinevi.com.tr\/index.php\/wp-json\/wp\/v2\/product_cat?post=759189"},{"taxonomy":"product_tag","embeddable":true,"href":"https:\/\/roveyayinevi.com.tr\/index.php\/wp-json\/wp\/v2\/product_tag?post=759189"}],"curies":[{"name":"wp","href":"https:\/\/api.w.org\/{rel}","templated":true}]}}