{"id":759188,"date":"2025-08-28T08:27:09","date_gmt":"2025-08-28T05:27:09","guid":{"rendered":"https:\/\/roveyayinevi.com.tr\/index.php\/urun\/toplandilar\/"},"modified":"2026-04-16T03:12:27","modified_gmt":"2026-04-16T00:12:27","slug":"toplandilar","status":"publish","type":"product","link":"https:\/\/roveyayinevi.com.tr\/index.php\/urun\/toplandilar\/","title":{"rendered":"Topland\u0131lar"},"content":{"rendered":"<p>Yap\u0131 Kredi Yay\u0131nlar\u0131, toplu \u015fiirler ve \u00f6yk\u00fcler ciltlerinde \u00f6ne \u00e7\u0131kan kitaplar\u0131n ayr\u0131 bas\u0131mlar\u0131n\u0131 s\u00fcrd\u00fcr\u00fcyor. Bu kapsamda, Turgut Uyar\u2019\u0131n \u015fiir kitab\u0131 Topland\u0131lar yeniden, ba\u011f\u0131ms\u0131z bi\u00e7imde okuruna ula\u015f\u0131yor. Topland\u0131lar kitab\u0131, Turgut Uyar\u2019\u0131n Divan denemesiyle ara verdi\u011fi \u201ctoplumsal m\u00fccadelesi i\u00e7indeki birey\u201din \u015fiirine d\u00f6n\u00fc\u015f\u00fcn ya da Her Pazartesi\u2019yle ba\u015flayan s\u00fcrecin devam\u0131 niteli\u011findedir. Uyar, her zamanki tavr\u0131yla bir yandan yaln\u0131zl\u0131\u011f\u0131 ve a\u00e7maz\u0131yla \u00f6ne \u00e7\u0131kard\u0131\u011f\u0131 bireyin sorunlar\u0131ndan hi\u00e7bir ko\u015fulda vazge\u00e7meme tutumunu s\u00fcrd\u00fcr\u00fcrken, \u00f6te yandan toplumsal hareketlerin vaat etti\u011fi \u201cg\u00fczel g\u00fcnler\u201din \u015fiirini yazarak g\u00fcndemdeki m\u00fccadeleyi destanla\u015ft\u0131r\u0131r ve filizlenen umutlar\u0131 besler. Topland\u0131lar kitab\u0131 \u015fairin \u0130kinci Yeni\u2019ye ve kendisine yap\u0131lan politik ele\u015ftirilere verdi\u011fi bir yan\u0131t olmas\u0131 yan\u0131nda \u201cdireni\u015f edebiyat\u0131\u201dn\u0131n g\u00fczel bir \u00f6rne\u011fi niteli\u011findedir. Turgut Uyar\u2019\u0131n b\u00fct\u00fcn \u015fiirlerini kapsayan B\u00fcy\u00fck Saat kitab\u0131 i\u00e7inde yer alan Topland\u0131lar herhangi bir de\u011fi\u015fiklik olmadan ama ilk bask\u0131yla kar\u015f\u0131la\u015ft\u0131ran birka\u00e7 dipnot eklenerek yay\u0131na haz\u0131rland\u0131.   art\u0131k \u015fa\u015f\u0131yorum g\u00f6zya\u015f\u0131na mutsuzlu\u011fun harc\u0131n\u0131 peki\u015ftiren \u00e7aresizli\u011fin g\u00f6zya\u015f\u0131na binlerce beygir bir ovay\u0131 ar\u015f\u0131nlarken yepyeni di\u015fleriyle binlerce tay ve sonsuz giyimiyle b\u00fcy\u00fck hayat ku\u015fan\u0131rken en mavisini g\u00fcvercin toplayarak geldim \u00f6teden beriden ona \u015fa\u015f\u0131yorum ki hepsi hi\u00e7 de\u011filse bir kere nisan g\u00f6rm\u00fc\u015fler <\/p>\n","protected":false},"excerpt":{"rendered":"<p>Yap\u0131 Kredi Yay\u0131nlar\u0131, toplu \u015fiirler ve \u00f6yk\u00fcler ciltlerinde \u00f6ne \u00e7\u0131kan kitaplar\u0131n ayr\u0131 bas\u0131mlar\u0131n\u0131 s\u00fcrd\u00fcr\u00fcyor. Bu kapsamda, Turgut Uyar\u2019\u0131n \u015fiir kitab\u0131 Topland\u0131lar yeniden, ba\u011f\u0131ms\u0131z bi\u00e7imde okuruna ula\u015f\u0131yor.<span class=\"excerpt-hellip\"> [\u2026]<\/span><\/p>\n","protected":false},"featured_media":0,"template":"","meta":{"_monsterinsights_skip_tracking":false,"_monsterinsights_sitenote_active":false,"_monsterinsights_sitenote_note":"","_monsterinsights_sitenote_category":0},"product_brand":[],"product_cat":[12291,12509],"product_tag":[],"class_list":{"0":"post-759188","1":"product","2":"type-product","3":"status-publish","5":"product_cat-edebiyat","6":"product_cat-siir","7":"pa_cilt-ciltsiz","8":"pa_tur-kitap","9":"pa_yayinevi-yapi-kredi-yayinlari","10":"pa_yazar-turgut-uyar","12":"first","13":"instock","14":"sale","15":"shipping-taxable","16":"purchasable","17":"product-type-simple"},"_links":{"self":[{"href":"https:\/\/roveyayinevi.com.tr\/index.php\/wp-json\/wp\/v2\/product\/759188","targetHints":{"allow":["GET"]}}],"collection":[{"href":"https:\/\/roveyayinevi.com.tr\/index.php\/wp-json\/wp\/v2\/product"}],"about":[{"href":"https:\/\/roveyayinevi.com.tr\/index.php\/wp-json\/wp\/v2\/types\/product"}],"wp:attachment":[{"href":"https:\/\/roveyayinevi.com.tr\/index.php\/wp-json\/wp\/v2\/media?parent=759188"}],"wp:term":[{"taxonomy":"product_brand","embeddable":true,"href":"https:\/\/roveyayinevi.com.tr\/index.php\/wp-json\/wp\/v2\/product_brand?post=759188"},{"taxonomy":"product_cat","embeddable":true,"href":"https:\/\/roveyayinevi.com.tr\/index.php\/wp-json\/wp\/v2\/product_cat?post=759188"},{"taxonomy":"product_tag","embeddable":true,"href":"https:\/\/roveyayinevi.com.tr\/index.php\/wp-json\/wp\/v2\/product_tag?post=759188"}],"curies":[{"name":"wp","href":"https:\/\/api.w.org\/{rel}","templated":true}]}}