{"id":759186,"date":"2025-08-28T08:27:05","date_gmt":"2025-08-28T05:27:05","guid":{"rendered":"https:\/\/roveyayinevi.com.tr\/index.php\/urun\/labirent-bati-ve-hasimlari\/"},"modified":"2026-04-16T03:12:27","modified_gmt":"2026-04-16T00:12:27","slug":"labirent-bati-ve-hasimlari","status":"publish","type":"product","link":"https:\/\/roveyayinevi.com.tr\/index.php\/urun\/labirent-bati-ve-hasimlari\/","title":{"rendered":"Labirent &#8211; Bat\u0131 ve Has\u0131mlar\u0131"},"content":{"rendered":"<p>\u00c7ok ge\u00e7 de\u011fil. Bu \u201clabirent\u201dten \u00e7\u0131kma olanaklar\u0131na sahibiz. Yeter ki \u00f6nce yolumuzu yitirdi\u011fimizi kabul edelim&#8230; 2022 y\u0131l\u0131nda Avrupa\u2019n\u0131n g\u00f6be\u011finde ge\u00e7mi\u015fin travmalar\u0131n\u0131 tetikleyen y\u0131k\u0131c\u0131 bir sava\u015f patlak verdi. N\u00fckleer felaket senaryolar\u0131n\u0131n ger\u00e7e\u011fe d\u00f6n\u00fc\u015fmesine ramak kald\u0131. Demirden bir el, Bat\u0131\u2019y\u0131 Rusya ve \u00c7in\u2019le kar\u015f\u0131 kar\u015f\u0131ya getirdi adeta. Kibirli ve bencil y\u00f6neticilerin, akl\u0131 k\u00fc\u00e7\u00fcmseyip e\u015fitsizli\u011fi besleyen k\u00f6hne ideolojilerin h\u00fckm\u00fc alt\u0131ndaki \u00e7a\u011f\u0131m\u0131z, son h\u0131zla u\u00e7uruma do\u011fru s\u00fcr\u00fcklenmekte. G\u00fcn\u00fcm\u00fczde ne Bat\u0131 ne de has\u0131mlar\u0131 insanl\u0131\u011f\u0131 hapsoldu\u011fu bu labirentten \u00e7\u0131karmaya muktedir. Bat\u0131\u2019n\u0131n da, Do\u011fu\u2019nun da yayd\u0131\u011f\u0131 \u0131\u015f\u0131k d\u00fcnyay\u0131 ayd\u0131nlatmakta art\u0131k yetersiz ama umutsuzlu\u011fa yer yok. Amin Maalouf Labirent\u2019te Bat\u0131 ile has\u0131mlar\u0131 aras\u0131nda ya\u015fanan yeni \u00e7at\u0131\u015fmalar\u0131n ve meydan okumalar\u0131n kadim k\u00f6kenlerini d\u00f6rt b\u00fcy\u00fck ulusun tarihi \u00fczerinden anlat\u0131yor: Meiji d\u00f6neminde b\u00fcy\u00fck bir modernle\u015fme ivmesi kazanarak Asya\u2019n\u0131n y\u00fckselen g\u00fcc\u00fc olan Japonya; uzun y\u0131llar Bat\u0131l\u0131 uluslar i\u00e7in tehdit olu\u015fturmu\u015f Rusya; 21. y\u00fczy\u0131lda ekonomik \u00fcst\u00fcnl\u00fc\u011f\u00fcn\u00fc ilan eden \u00c7in ve gezegenin h\u00e2l\u00e2 k\u00fclt\u00fcrel, teknik ve ekonomik anlamda s\u00fcper g\u00fcc\u00fc say\u0131lan Amerika Birle\u015fik Devletleri. Labirent y\u00f6n\u00fcn\u00fc ve yolunu kaybetmi\u015f insanl\u0131k i\u00e7in bir pusula&#8230; <\/p>\n","protected":false},"excerpt":{"rendered":"<p>\u00c7ok ge\u00e7 de\u011fil. Bu \u201clabirent\u201dten \u00e7\u0131kma olanaklar\u0131na sahibiz. Yeter ki \u00f6nce yolumuzu yitirdi\u011fimizi kabul edelim&#8230; 2022 y\u0131l\u0131nda Avrupa\u2019n\u0131n g\u00f6be\u011finde ge\u00e7mi\u015fin travmalar\u0131n\u0131 tetikleyen y\u0131k\u0131c\u0131 bir sava\u015f patlak<span class=\"excerpt-hellip\"> [\u2026]<\/span><\/p>\n","protected":false},"featured_media":0,"template":"","meta":{"_monsterinsights_skip_tracking":false,"_monsterinsights_sitenote_active":false,"_monsterinsights_sitenote_note":"","_monsterinsights_sitenote_category":0},"product_brand":[],"product_cat":[12777,12291],"product_tag":[],"class_list":{"0":"post-759186","1":"product","2":"type-product","3":"status-publish","5":"product_cat-deneme","6":"product_cat-edebiyat","7":"pa_cilt-ciltsiz","8":"pa_tur-kitap","9":"pa_yayinevi-yapi-kredi-yayinlari","10":"pa_yazar-amin-maalouf","12":"first","13":"instock","14":"sale","15":"shipping-taxable","16":"purchasable","17":"product-type-simple"},"_links":{"self":[{"href":"https:\/\/roveyayinevi.com.tr\/index.php\/wp-json\/wp\/v2\/product\/759186","targetHints":{"allow":["GET"]}}],"collection":[{"href":"https:\/\/roveyayinevi.com.tr\/index.php\/wp-json\/wp\/v2\/product"}],"about":[{"href":"https:\/\/roveyayinevi.com.tr\/index.php\/wp-json\/wp\/v2\/types\/product"}],"wp:attachment":[{"href":"https:\/\/roveyayinevi.com.tr\/index.php\/wp-json\/wp\/v2\/media?parent=759186"}],"wp:term":[{"taxonomy":"product_brand","embeddable":true,"href":"https:\/\/roveyayinevi.com.tr\/index.php\/wp-json\/wp\/v2\/product_brand?post=759186"},{"taxonomy":"product_cat","embeddable":true,"href":"https:\/\/roveyayinevi.com.tr\/index.php\/wp-json\/wp\/v2\/product_cat?post=759186"},{"taxonomy":"product_tag","embeddable":true,"href":"https:\/\/roveyayinevi.com.tr\/index.php\/wp-json\/wp\/v2\/product_tag?post=759186"}],"curies":[{"name":"wp","href":"https:\/\/api.w.org\/{rel}","templated":true}]}}