{"id":759184,"date":"2025-08-28T08:27:03","date_gmt":"2025-08-28T05:27:03","guid":{"rendered":"https:\/\/roveyayinevi.com.tr\/index.php\/urun\/sogut-turk-edebiyati-dergisi-sayi-25-ocak-subat-2024\/"},"modified":"2026-04-16T03:12:27","modified_gmt":"2026-04-16T00:12:27","slug":"sogut-turk-edebiyati-dergisi-sayi-25-ocak-subat-2024","status":"publish","type":"product","link":"https:\/\/roveyayinevi.com.tr\/index.php\/urun\/sogut-turk-edebiyati-dergisi-sayi-25-ocak-subat-2024\/","title":{"rendered":"S\u00f6\u011f\u00fct &#8211; T\u00fcrk Edebiyat\u0131 Dergisi Say\u0131 25 \/ Ocak &#8211; \u015eubat 2024"},"content":{"rendered":"<p>Ocak-\u015eubat 2024 tarihli, 25.say\u0131s\u0131 okuyucuyla bulu\u015fuyor.S\u00f6\u011f\u00fct, Fuz\u00fbli dosyas\u0131yla 25. say\u0131 ile okuyucunun kar\u015f\u0131s\u0131na \u00e7\u0131kt\u0131. Bu say\u0131da Rana Senanur Do\u011fan, \u00d6m\u00fcr Ceylan ile Klasik T\u00fcrk \u015eiiri\u2019nin \u00f6nemli ismi Fuz\u00fbli hakk\u0131nda s\u00f6yle\u015fi yaparken Bayram Ali Kaya, Fahri Kaplan, Ozan Y\u0131lmaz, Aysun \u00c7elik, Murat Kaymaz, Ay\u015fe K\u00fcbra Bilgin, P\u0131nar U\u00e7ar, Rana Senanur Do\u011fan, S\u00fcleyman Yi\u011fit ve Nil\u00fcfer Kaya yaz\u0131lar\u0131 ile dosyaya katk\u0131 sa\u011flayan isimlerden. Dosyas\u0131nda Fuz\u00fbli\u2019nin \u015fiir iklimini, \u201cFuz\u00fbli Bir Kayg\u0131s\u0131\u201dn\u0131, \u0131zd\u0131raplar\u0131n\u0131, a\u015fk\u0131n\u0131, \u00e2\u015f\u0131klar\u0131n\u0131, \u201cMehmed\u201dini g\u00f6rmek, Fuz\u00fbli\u2019nin eserlerinde \u201ckendi\u201dni bulmak ve \u00e7ocuk edebiyat\u0131nda Fuz\u00fbli\u2019nin Leyl\u00e2 v\u00fc Mecnun mesnevisine bakmak m\u00fcmk\u00fcn. H\u00fclasa bu dosyada Murat Kaymaz\u2019\u0131n da dedi\u011fi gibi \u201cFuz\u00fbli \u0130\u015fimiz \u00c7ok\u201d.***\u201cKlasikten Moderne Hayal Perdesi: T\u00fcrk \u015eiirinde \u00dctopya\u201d adl\u0131 tema b\u00f6l\u00fcm\u00fcnde M. Fatih Kanter, M. Tu\u011frul \u00c7olak ve Ay\u015fe Nur Bi\u00e7er\u2019in \u00fctopya ve edebiyat ili\u015fkisi, \u015fiirsel imge, r\u00fcya nevroz ve \u015fiir yarat\u0131m\u0131 \u00fczerine yaz\u0131lar\u0131n\u0131 okumak m\u00fcmk\u00fcn.***\u015eiir b\u00f6l\u00fcm\u00fcnde ise di\u011fer say\u0131larda oldu\u011fu gibi hem \u00e7evirileri hem de T\u00fcrk edebiyat\u0131n\u0131n g\u00fcncel isimleri kar\u015f\u0131m\u0131za \u00e7\u0131k\u0131yor. Tamer G\u00fclbek\u2019in Dylan Thomas, Ali G\u00fcnvar\u2019\u0131n William Shakespeare \u00e7evirisi okuyucuyu kar\u015f\u0131layan \u015fiirler. Ayn\u0131 zamanda bu say\u0131da g\u00f6rece\u011finiz di\u011fer isimler: K\u00fcr\u015fat K\u00fc\u00e7\u00fck, H\u00fcmeyra Yarg\u0131c\u0131, Naz\u0131m Payam, U\u011fur \u015eerbet\u00e7i, Muhammed M\u00fcnzevi, Murat Serdar \u00c7ak\u0131ro\u011flu, M. Tu\u011frul \u00c7olak, S\u00fcreyya Altunkara, C\u00fcneyd Ensari, Fatma Aksu, \u00d6zkan Kaya, Hasan Enes G\u00fcnd\u00fcz, Serdar Ayd\u0131n, Ahmet Sefa Yal\u00e7\u0131n, Samet \u015eaho\u011flu, Ay\u015fe Nur Bi\u00e7er, Aleyna Taran, Alptu\u011f Topakta\u015f ve Necip Faz\u0131l K\u0131z\u0131lkaya.***Hik\u00e2ye b\u00f6l\u00fcm\u00fcnde ise Engin Beksa\u00e7\u2019\u0131n Jos\u00e9 Mar\u00eda Arguedas\u2019\u0131n \u00e7evirdi\u011fi bir hik\u00e2ye okuyucu kar\u015f\u0131lamakta. Akabinde \u201cAlaca\u011f\u0131n Olsun\u201d diyen Ahmet Ergin, \u201cAyn\u0131 Duvarlar\u201d diyen Ahsen Dalca Korkutan ve dahas\u0131 Ali Can, Ali Tuna, H\u00fcseyin K\u0131l\u0131\u00e7, Mete Almal\u0131, Nisa Eser, Kader K\u00f6m\u00fcrc\u00fc, Taha Yasin Tuncer, U\u011furcan Dilber bu b\u00f6l\u00fcmdeki di\u011fer isimler.***Deneme b\u00f6l\u00fcm\u00fcnde ise Or\u00e7un \u00dc\u00e7er \u201cEle\u015ftiri G\u00fcnl\u00fc\u011f\u00fc\u201dne devam ederken Halit Selim D\u00f6nmez \u201cZelzele\u201d, Cansu Sole \u201cMaverai Bekleyi\u015f\u201d diyerek okuyucuyu kar\u015f\u0131l\u0131yor. Mustafa Sar\u0131 denemelerine bu say\u0131da da devam ederken Tahir G\u00fcnay\u2019\u0131 Ziya Pa\u015fa ile Ya\u011f\u0131z G\u00f6n\u00fcler\u2019i inceliklerle okumak da m\u00fcmk\u00fcn.***\u0130nceleme b\u00f6l\u00fcm\u00fcnde ise A. Samet At\u0131lgan 2022 ve 2023 y\u0131llar\u0131nda \u00e7\u0131kan baz\u0131 \u015fiir kitaplar\u0131n\u0131 incelerken Ersin Bayram Ali Nihad Tarlan\u2019\u0131n ve \u00c2mil \u00c7elebio\u011flu\u2019nun ders notlar\u0131n\u0131 kaleme ald\u0131. Yine bu say\u0131da Fatih Selvi iki kitab\u0131n incelemesini yazd\u0131: Pencereden Ku\u015f U\u00e7tu ve Uzak Tepeler \u00dczerine. O\u011fuzhan O\u011fuzbey ise D\u00fc\u015flerinde Elma Kokusu \u00fczerine yazd\u0131\u011f\u0131 yaz\u0131 ile bu say\u0131da okuyucunun kar\u015f\u0131s\u0131na \u00e7\u0131kt\u0131.***S\u00f6yle\u015fi b\u00f6l\u00fcm\u00fcnde ise Mustafa Everdi ile M\u00fcnevver Saral\u2019\u0131n ger\u00e7ekle\u015ftirdi\u011fi s\u00f6yle\u015fisi bulunmakta.***\u00d6t\u00fcken yurdunda gezinip S\u00f6\u011f\u00fct g\u00f6lgesinde dinlenirken keyifli okumalar dileriz.<\/p>\n","protected":false},"excerpt":{"rendered":"<p>Ocak-\u015eubat 2024 tarihli, 25.say\u0131s\u0131 okuyucuyla bulu\u015fuyor.S\u00f6\u011f\u00fct, Fuz\u00fbli dosyas\u0131yla 25. say\u0131 ile okuyucunun kar\u015f\u0131s\u0131na \u00e7\u0131kt\u0131. Bu say\u0131da Rana Senanur Do\u011fan, \u00d6m\u00fcr Ceylan ile Klasik T\u00fcrk \u015eiiri\u2019nin \u00f6nemli<span class=\"excerpt-hellip\"> [\u2026]<\/span><\/p>\n","protected":false},"featured_media":0,"template":"","meta":{"_monsterinsights_skip_tracking":false,"_monsterinsights_sitenote_active":false,"_monsterinsights_sitenote_note":"","_monsterinsights_sitenote_category":0},"product_brand":[],"product_cat":[13527],"product_tag":[],"class_list":{"0":"post-759184","1":"product","2":"type-product","3":"status-publish","5":"product_cat-sureli-yayinlar","6":"pa_cilt-ciltsiz","7":"pa_tur-dergi","8":"pa_yayinevi-otuken-nesriyat","9":"pa_yazar-kolektif","11":"first","12":"instock","13":"sale","14":"shipping-taxable","15":"purchasable","16":"product-type-simple"},"_links":{"self":[{"href":"https:\/\/roveyayinevi.com.tr\/index.php\/wp-json\/wp\/v2\/product\/759184","targetHints":{"allow":["GET"]}}],"collection":[{"href":"https:\/\/roveyayinevi.com.tr\/index.php\/wp-json\/wp\/v2\/product"}],"about":[{"href":"https:\/\/roveyayinevi.com.tr\/index.php\/wp-json\/wp\/v2\/types\/product"}],"wp:attachment":[{"href":"https:\/\/roveyayinevi.com.tr\/index.php\/wp-json\/wp\/v2\/media?parent=759184"}],"wp:term":[{"taxonomy":"product_brand","embeddable":true,"href":"https:\/\/roveyayinevi.com.tr\/index.php\/wp-json\/wp\/v2\/product_brand?post=759184"},{"taxonomy":"product_cat","embeddable":true,"href":"https:\/\/roveyayinevi.com.tr\/index.php\/wp-json\/wp\/v2\/product_cat?post=759184"},{"taxonomy":"product_tag","embeddable":true,"href":"https:\/\/roveyayinevi.com.tr\/index.php\/wp-json\/wp\/v2\/product_tag?post=759184"}],"curies":[{"name":"wp","href":"https:\/\/api.w.org\/{rel}","templated":true}]}}