{"id":759177,"date":"2025-08-28T08:26:51","date_gmt":"2025-08-28T05:26:51","guid":{"rendered":"https:\/\/roveyayinevi.com.tr\/index.php\/urun\/tasinma-surecleri-ve-ayirma-sureci-ilkeleri\/"},"modified":"2025-11-21T10:13:47","modified_gmt":"2025-11-21T07:13:47","slug":"tasinma-surecleri-ve-ayirma-sureci-ilkeleri","status":"publish","type":"product","link":"https:\/\/roveyayinevi.com.tr\/index.php\/urun\/tasinma-surecleri-ve-ayirma-sureci-ilkeleri\/","title":{"rendered":"Ta\u015f\u0131nma S\u00fcre\u00e7leri ve Ay\u0131rma S\u00fcreci \u0130lkeleri"},"content":{"rendered":"<p>Ta\u015f\u0131nma S\u00fcre\u00e7leri ve Ay\u0131rma S\u00fcreci \u0130lkeleri<\/p>\n","protected":false},"excerpt":{"rendered":"<p>Ta\u015f\u0131nma S\u00fcre\u00e7leri ve Ay\u0131rma S\u00fcreci \u0130lkeleri<\/p>\n","protected":false},"featured_media":0,"template":"","meta":{"_monsterinsights_skip_tracking":false,"_monsterinsights_sitenote_active":false,"_monsterinsights_sitenote_note":"","_monsterinsights_sitenote_category":0},"product_brand":[],"product_cat":[13005],"product_tag":[],"class_list":{"0":"post-759177","1":"product","2":"type-product","3":"status-publish","5":"product_cat-bilim-muhendislik","6":"pa_cilt-ciltsiz","7":"pa_tur-kitap","8":"pa_yayinevi-palme-yayincilik-akademik","9":"pa_yazar-christie-john-geankoplis-a-allen-hersel-daniel-h-lepek","11":"first","12":"instock","13":"sale","14":"shipping-taxable","15":"purchasable","16":"product-type-simple"},"_links":{"self":[{"href":"https:\/\/roveyayinevi.com.tr\/index.php\/wp-json\/wp\/v2\/product\/759177","targetHints":{"allow":["GET"]}}],"collection":[{"href":"https:\/\/roveyayinevi.com.tr\/index.php\/wp-json\/wp\/v2\/product"}],"about":[{"href":"https:\/\/roveyayinevi.com.tr\/index.php\/wp-json\/wp\/v2\/types\/product"}],"wp:attachment":[{"href":"https:\/\/roveyayinevi.com.tr\/index.php\/wp-json\/wp\/v2\/media?parent=759177"}],"wp:term":[{"taxonomy":"product_brand","embeddable":true,"href":"https:\/\/roveyayinevi.com.tr\/index.php\/wp-json\/wp\/v2\/product_brand?post=759177"},{"taxonomy":"product_cat","embeddable":true,"href":"https:\/\/roveyayinevi.com.tr\/index.php\/wp-json\/wp\/v2\/product_cat?post=759177"},{"taxonomy":"product_tag","embeddable":true,"href":"https:\/\/roveyayinevi.com.tr\/index.php\/wp-json\/wp\/v2\/product_tag?post=759177"}],"curies":[{"name":"wp","href":"https:\/\/api.w.org\/{rel}","templated":true}]}}