{"id":759175,"date":"2025-08-28T08:26:48","date_gmt":"2025-08-28T05:26:48","guid":{"rendered":"https:\/\/roveyayinevi.com.tr\/index.php\/urun\/benim-saclarim-neden-turuncu\/"},"modified":"2026-04-16T03:12:27","modified_gmt":"2026-04-16T00:12:27","slug":"benim-saclarim-neden-turuncu","status":"publish","type":"product","link":"https:\/\/roveyayinevi.com.tr\/index.php\/urun\/benim-saclarim-neden-turuncu\/","title":{"rendered":"Benim Sa\u00e7lar\u0131m Neden Turuncu?"},"content":{"rendered":"<p>Orhan\u2019\u0131n sa\u00e7lar\u0131 turuncuydu. Orhan\u2019\u0131n sa\u00e7lar\u0131 \u00e7ok turuncuydu&#8230; Orhan\u2019\u0131n sa\u00e7lar\u0131 tupturuncuydu!   E\u011fer Orhan\u2019\u0131n sa\u00e7lar\u0131 turuncu olmasayd\u0131, arkada\u015flar\u0131 da onunla dalga ge\u00e7emezdi&#8230; E\u011fer renkler olmasayd\u0131, Orhan\u2019\u0131n sa\u00e7lar\u0131 turuncu olmazd\u0131&#8230;   E\u011fer renkler olmasayd\u0131&#8230; Sizce ne olurdu? <\/p>\n","protected":false},"excerpt":{"rendered":"<p>Orhan\u2019\u0131n sa\u00e7lar\u0131 turuncuydu. Orhan\u2019\u0131n sa\u00e7lar\u0131 \u00e7ok turuncuydu&#8230; Orhan\u2019\u0131n sa\u00e7lar\u0131 tupturuncuydu! E\u011fer Orhan\u2019\u0131n sa\u00e7lar\u0131 turuncu olmasayd\u0131, arkada\u015flar\u0131 da onunla dalga ge\u00e7emezdi&#8230; E\u011fer renkler olmasayd\u0131, Orhan\u2019\u0131n sa\u00e7lar\u0131 turuncu<span class=\"excerpt-hellip\"> [\u2026]<\/span><\/p>\n","protected":false},"featured_media":0,"template":"","meta":{"_monsterinsights_skip_tracking":false,"_monsterinsights_sitenote_active":false,"_monsterinsights_sitenote_note":"","_monsterinsights_sitenote_category":0},"product_brand":[],"product_cat":[12274],"product_tag":[],"class_list":{"0":"post-759175","1":"product","2":"type-product","3":"status-publish","5":"product_cat-cocuk-ve-genclik-kitaplari","6":"pa_cilt-ciltsiz","7":"pa_tur-kitap","8":"pa_yayinevi-inkilap-kitabevi","9":"pa_yazar-nur-turkoglu","11":"first","12":"instock","13":"sale","14":"shipping-taxable","15":"purchasable","16":"product-type-simple"},"_links":{"self":[{"href":"https:\/\/roveyayinevi.com.tr\/index.php\/wp-json\/wp\/v2\/product\/759175","targetHints":{"allow":["GET"]}}],"collection":[{"href":"https:\/\/roveyayinevi.com.tr\/index.php\/wp-json\/wp\/v2\/product"}],"about":[{"href":"https:\/\/roveyayinevi.com.tr\/index.php\/wp-json\/wp\/v2\/types\/product"}],"wp:attachment":[{"href":"https:\/\/roveyayinevi.com.tr\/index.php\/wp-json\/wp\/v2\/media?parent=759175"}],"wp:term":[{"taxonomy":"product_brand","embeddable":true,"href":"https:\/\/roveyayinevi.com.tr\/index.php\/wp-json\/wp\/v2\/product_brand?post=759175"},{"taxonomy":"product_cat","embeddable":true,"href":"https:\/\/roveyayinevi.com.tr\/index.php\/wp-json\/wp\/v2\/product_cat?post=759175"},{"taxonomy":"product_tag","embeddable":true,"href":"https:\/\/roveyayinevi.com.tr\/index.php\/wp-json\/wp\/v2\/product_tag?post=759175"}],"curies":[{"name":"wp","href":"https:\/\/api.w.org\/{rel}","templated":true}]}}