{"id":759174,"date":"2025-08-28T08:26:46","date_gmt":"2025-08-28T05:26:46","guid":{"rendered":"https:\/\/roveyayinevi.com.tr\/index.php\/urun\/benden-once-trajedim-sizi-selamlayacak\/"},"modified":"2026-04-13T03:19:36","modified_gmt":"2026-04-13T00:19:36","slug":"benden-once-trajedim-sizi-selamlayacak","status":"publish","type":"product","link":"https:\/\/roveyayinevi.com.tr\/index.php\/urun\/benden-once-trajedim-sizi-selamlayacak\/","title":{"rendered":"Benden \u00d6nce Trajedim Sizi Selamlayacak"},"content":{"rendered":"<p>Belki de \u00fclkemizde en \u00e7ok okuru olan, en sevilen yabanc\u0131 yazar STEFAN ZWEIG\u2019d\u0131r. Bu kitapta Stefan Zweig\u2019\u0131n \u00e7e\u015fitli eserlerinden \u00f6zenle se\u00e7ilmi\u015f kalbe i\u015fleyen, beyin tokatlayan, burun dire\u011fi s\u0131zlatan alt\u0131 \u00e7izili c\u00fcmleler var. B\u00fcy\u00fck ustay\u0131 tekrar hat\u0131rlamak ve b\u00fcy\u00fcl\u00fc d\u00fcnyas\u0131na girmek i\u00e7in e\u015fsiz bir f\u0131rsat. <\/p>\n","protected":false},"excerpt":{"rendered":"<p>Belki de \u00fclkemizde en \u00e7ok okuru olan, en sevilen yabanc\u0131 yazar STEFAN ZWEIG\u2019d\u0131r. Bu kitapta Stefan Zweig\u2019\u0131n \u00e7e\u015fitli eserlerinden \u00f6zenle se\u00e7ilmi\u015f kalbe i\u015fleyen, beyin tokatlayan, burun<span class=\"excerpt-hellip\"> [\u2026]<\/span><\/p>\n","protected":false},"featured_media":0,"template":"","meta":{"_monsterinsights_skip_tracking":false,"_monsterinsights_sitenote_active":false,"_monsterinsights_sitenote_note":"","_monsterinsights_sitenote_category":0},"product_brand":[],"product_cat":[12291],"product_tag":[],"class_list":{"0":"post-759174","1":"product","2":"type-product","3":"status-publish","5":"product_cat-edebiyat","6":"pa_cilt-ciltsiz","7":"pa_tur-kitap","8":"pa_yayinevi-inkilap-kitabevi","9":"pa_yazar-stefan-zweig","11":"first","12":"instock","13":"sale","14":"shipping-taxable","15":"purchasable","16":"product-type-simple"},"_links":{"self":[{"href":"https:\/\/roveyayinevi.com.tr\/index.php\/wp-json\/wp\/v2\/product\/759174","targetHints":{"allow":["GET"]}}],"collection":[{"href":"https:\/\/roveyayinevi.com.tr\/index.php\/wp-json\/wp\/v2\/product"}],"about":[{"href":"https:\/\/roveyayinevi.com.tr\/index.php\/wp-json\/wp\/v2\/types\/product"}],"wp:attachment":[{"href":"https:\/\/roveyayinevi.com.tr\/index.php\/wp-json\/wp\/v2\/media?parent=759174"}],"wp:term":[{"taxonomy":"product_brand","embeddable":true,"href":"https:\/\/roveyayinevi.com.tr\/index.php\/wp-json\/wp\/v2\/product_brand?post=759174"},{"taxonomy":"product_cat","embeddable":true,"href":"https:\/\/roveyayinevi.com.tr\/index.php\/wp-json\/wp\/v2\/product_cat?post=759174"},{"taxonomy":"product_tag","embeddable":true,"href":"https:\/\/roveyayinevi.com.tr\/index.php\/wp-json\/wp\/v2\/product_tag?post=759174"}],"curies":[{"name":"wp","href":"https:\/\/api.w.org\/{rel}","templated":true}]}}