{"id":759173,"date":"2025-08-28T08:26:44","date_gmt":"2025-08-28T05:26:44","guid":{"rendered":"https:\/\/roveyayinevi.com.tr\/index.php\/urun\/karnavalin-ortasindaki-adam-unsal-oskay\/"},"modified":"2026-04-16T03:12:27","modified_gmt":"2026-04-16T00:12:27","slug":"karnavalin-ortasindaki-adam-unsal-oskay","status":"publish","type":"product","link":"https:\/\/roveyayinevi.com.tr\/index.php\/urun\/karnavalin-ortasindaki-adam-unsal-oskay\/","title":{"rendered":"Karnaval\u0131n Ortas\u0131ndaki Adam \u00dcnsal Oskay"},"content":{"rendered":"<p>\u00d6d\u00fcll\u00fc romanlar\u0131n yazar\u0131 Cengis T. Asilt\u00fcrk, Karnaval\u0131n Ortas\u0131ndaki Adam \u00dcnsal Oskay ile okuru \u201cayd\u0131n onuru\u201dnun cisimle\u015fmi\u015f hali \u00dcnsal Oskay\u2019\u0131n ya\u015fam\u0131nda, b\u00fcy\u00fcl\u00fc bir yolculu\u011fa davet ediyor. Bu bir biyografik roman de\u011fil\u2026 Cengis T. Asilt\u00fcrk, b\u00fcy\u00fcl\u00fc ger\u00e7ek\u00e7ilik tarz\u0131ndaki \u015fiirsellik dolu yap\u0131t\u0131nda \u00dcnsal Oskay\u2019\u0131, hayat\u0131n\u0131n t\u00fcm renkli sekanslar\u0131yla ba\u015fkahraman olarak okurun kar\u015f\u0131s\u0131na \u00e7\u0131kar\u0131yor. \u00dcnsal Oskay, T\u00fcrkiye\u2019de ileti\u015fim biliminin kurucusu ve sosyoloji alan\u0131ndaki \u00e7al\u0131\u015fmalar\u0131n\u0131 farkl\u0131 disiplinlerle harmanlam\u0131\u015f, \u00f6nc\u00fc bir fikir insan\u0131. Onun akademik hayat\u0131na ko\u015fut olarak ilerleyen entelekt\u00fcel u\u011fra\u015f\u0131, bug\u00fcne kalan en \u00f6nemli miras\u0131 addedilebilir. Murat Belge\u2019nin s\u00f6zleriyle \u201ckitle k\u00fclt\u00fcr\u00fcn\u00fcn pop\u00fcler k\u00fclt\u00fcre d\u00f6n\u00fc\u015fmesini sa\u011flamak\u201d ad\u0131na kitaplar, makaleler kaleme alan, \u00e7eviriler yapan, s\u0131radan televizyon izleyicisini hi\u00e7 al\u0131\u015f\u0131k olmad\u0131\u011f\u0131 tart\u0131\u015fmalar\u0131n i\u00e7ine \u00e7eken Oskay\u2019\u0131n hayat\u0131n\u0131n merkezinde merak ve daima okumak olmu\u015ftur. Elinizdeki romanla, onun 1939 y\u0131l\u0131nda \u015eanl\u0131urfa\u2019da ba\u015flayan ser\u00fcvenine e\u015flik ederken; bilmeye ve anlamaya sevdal\u0131 bir bilgenin sevin\u00e7lerine, ihtiraslar\u0131na, hayal k\u0131r\u0131kl\u0131klar\u0131na tan\u0131k olacaks\u0131n\u0131z. Bu roman\u0131 okurken, b\u00fcy\u00fck bir karnaval\u0131n ortas\u0131na d\u00fc\u015fm\u00fc\u015f ba\u015fkahraman Oskay\u2019\u0131n kurmacayla i\u00e7 i\u00e7e ilerleyen ser\u00fcvenini ya\u015fayacaks\u0131n\u0131z\u2026 <\/p>\n","protected":false},"excerpt":{"rendered":"<p>\u00d6d\u00fcll\u00fc romanlar\u0131n yazar\u0131 Cengis T. Asilt\u00fcrk, Karnaval\u0131n Ortas\u0131ndaki Adam \u00dcnsal Oskay ile okuru \u201cayd\u0131n onuru\u201dnun cisimle\u015fmi\u015f hali \u00dcnsal Oskay\u2019\u0131n ya\u015fam\u0131nda, b\u00fcy\u00fcl\u00fc bir yolculu\u011fa davet ediyor. Bu<span class=\"excerpt-hellip\"> [\u2026]<\/span><\/p>\n","protected":false},"featured_media":0,"template":"","meta":{"_monsterinsights_skip_tracking":false,"_monsterinsights_sitenote_active":false,"_monsterinsights_sitenote_note":"","_monsterinsights_sitenote_category":0},"product_brand":[],"product_cat":[12291,12711],"product_tag":[],"class_list":{"0":"post-759173","1":"product","2":"type-product","3":"status-publish","5":"product_cat-edebiyat","6":"product_cat-roman-oyku","7":"pa_cilt-ciltsiz","8":"pa_tur-kitap","9":"pa_yayinevi-inkilap-kitabevi","10":"pa_yazar-cengis-t-asilturk","12":"first","13":"instock","14":"sale","15":"shipping-taxable","16":"purchasable","17":"product-type-simple"},"_links":{"self":[{"href":"https:\/\/roveyayinevi.com.tr\/index.php\/wp-json\/wp\/v2\/product\/759173","targetHints":{"allow":["GET"]}}],"collection":[{"href":"https:\/\/roveyayinevi.com.tr\/index.php\/wp-json\/wp\/v2\/product"}],"about":[{"href":"https:\/\/roveyayinevi.com.tr\/index.php\/wp-json\/wp\/v2\/types\/product"}],"wp:attachment":[{"href":"https:\/\/roveyayinevi.com.tr\/index.php\/wp-json\/wp\/v2\/media?parent=759173"}],"wp:term":[{"taxonomy":"product_brand","embeddable":true,"href":"https:\/\/roveyayinevi.com.tr\/index.php\/wp-json\/wp\/v2\/product_brand?post=759173"},{"taxonomy":"product_cat","embeddable":true,"href":"https:\/\/roveyayinevi.com.tr\/index.php\/wp-json\/wp\/v2\/product_cat?post=759173"},{"taxonomy":"product_tag","embeddable":true,"href":"https:\/\/roveyayinevi.com.tr\/index.php\/wp-json\/wp\/v2\/product_tag?post=759173"}],"curies":[{"name":"wp","href":"https:\/\/api.w.org\/{rel}","templated":true}]}}