{"id":759172,"date":"2025-08-28T08:26:42","date_gmt":"2025-08-28T05:26:42","guid":{"rendered":"https:\/\/roveyayinevi.com.tr\/index.php\/urun\/levanten\/"},"modified":"2026-04-16T03:12:27","modified_gmt":"2026-04-16T00:12:27","slug":"levanten","status":"publish","type":"product","link":"https:\/\/roveyayinevi.com.tr\/index.php\/urun\/levanten\/","title":{"rendered":"Levanten"},"content":{"rendered":"<p>\u201cGer\u00e7ek a\u015fk, insan\u0131n y\u00fcre\u011fine bir kez d\u00fc\u015ft\u00fc\u011f\u00fcnde, g\u00f6n\u00fcl onu ye\u015fertip b\u00fcy\u00fctmek i\u00e7in mutlaka bir yol buluyordu.\u201d  Hayat\u0131 boyunca a\u015fka \u00e2\u015f\u0131k olmu\u015f ve kendi a\u015fk\u0131n\u0131 merak etmi\u015f gen\u00e7 bir k\u0131z, sava\u015fta t\u00fcm sevdiklerini yitirmi\u015f bir \u0130ngiliz askeri ve onlar\u0131n hayat\u0131nda hi\u00e7 unutamayacaklar\u0131 bir iz b\u0131rakan, k\u00f6t\u00fcl\u00fc\u011f\u00fcn simgesi M\u0131s\u0131rl\u0131 t\u00fcccar Ziyad\u2026 \u0130mk\u00e2ns\u0131z bir zamanda imk\u00e2ns\u0131z bir a\u015fk\u0131n, farkl\u0131 co\u011frafyalardan ve farkl\u0131 inan\u00e7lardan insanlar\u0131n yollar\u0131n\u0131 kesi\u015ftirmesiyle birlikte; arkeoloji tarihi ger\u00e7ekleri, Levanten ya\u015fam tarz\u0131, k\u00fclt\u00fcr\u00fc, mimarisi, Anadolu\u2019nun ve Levanten ya\u015fam\u0131n en k\u0131ymetli \u015fehri \u0130zmir\u2019in g\u00fczellikleri bu romanda yeniden hayat buluyor. Farkl\u0131 kurgu karakterlerin d\u00fcnyas\u0131nda, ger\u00e7ek insanlar\u0131n etraf\u0131nda, ger\u00e7ek zamanda geli\u015fen olaylar; 1850\u2019li y\u0131llar\u0131n Osmanl\u0131\u2019s\u0131nda ye\u015feren bir a\u015fk roman\u0131ndan ziyade, gerilim ve polisiye unsurlar\u0131 ile bezenmi\u015f, ilmek ilmek i\u015flenmi\u015f nefes kesen bir kurgu koyuyor ortaya. <\/p>\n","protected":false},"excerpt":{"rendered":"<p>\u201cGer\u00e7ek a\u015fk, insan\u0131n y\u00fcre\u011fine bir kez d\u00fc\u015ft\u00fc\u011f\u00fcnde, g\u00f6n\u00fcl onu ye\u015fertip b\u00fcy\u00fctmek i\u00e7in mutlaka bir yol buluyordu.\u201d Hayat\u0131 boyunca a\u015fka \u00e2\u015f\u0131k olmu\u015f ve kendi a\u015fk\u0131n\u0131 merak etmi\u015f<span class=\"excerpt-hellip\"> [\u2026]<\/span><\/p>\n","protected":false},"featured_media":0,"template":"","meta":{"_monsterinsights_skip_tracking":false,"_monsterinsights_sitenote_active":false,"_monsterinsights_sitenote_note":"","_monsterinsights_sitenote_category":0},"product_brand":[],"product_cat":[12291,12711],"product_tag":[],"class_list":{"0":"post-759172","1":"product","2":"type-product","3":"status-publish","5":"product_cat-edebiyat","6":"product_cat-roman-oyku","7":"pa_cilt-ciltsiz","8":"pa_tur-kitap","9":"pa_yayinevi-inkilap-kitabevi","10":"pa_yazar-zeynep-tasdelen-tenteoglu","12":"first","13":"instock","14":"sale","15":"shipping-taxable","16":"purchasable","17":"product-type-simple"},"_links":{"self":[{"href":"https:\/\/roveyayinevi.com.tr\/index.php\/wp-json\/wp\/v2\/product\/759172","targetHints":{"allow":["GET"]}}],"collection":[{"href":"https:\/\/roveyayinevi.com.tr\/index.php\/wp-json\/wp\/v2\/product"}],"about":[{"href":"https:\/\/roveyayinevi.com.tr\/index.php\/wp-json\/wp\/v2\/types\/product"}],"wp:attachment":[{"href":"https:\/\/roveyayinevi.com.tr\/index.php\/wp-json\/wp\/v2\/media?parent=759172"}],"wp:term":[{"taxonomy":"product_brand","embeddable":true,"href":"https:\/\/roveyayinevi.com.tr\/index.php\/wp-json\/wp\/v2\/product_brand?post=759172"},{"taxonomy":"product_cat","embeddable":true,"href":"https:\/\/roveyayinevi.com.tr\/index.php\/wp-json\/wp\/v2\/product_cat?post=759172"},{"taxonomy":"product_tag","embeddable":true,"href":"https:\/\/roveyayinevi.com.tr\/index.php\/wp-json\/wp\/v2\/product_tag?post=759172"}],"curies":[{"name":"wp","href":"https:\/\/api.w.org\/{rel}","templated":true}]}}