{"id":759169,"date":"2025-08-28T08:26:37","date_gmt":"2025-08-28T05:26:37","guid":{"rendered":"https:\/\/roveyayinevi.com.tr\/index.php\/urun\/baglama-duzenine-gore-turku-notalari-ve-repertuvari-ciltli-spiralli\/"},"modified":"2026-04-16T03:12:26","modified_gmt":"2026-04-16T00:12:26","slug":"baglama-duzenine-gore-turku-notalari-ve-repertuvari-ciltli-spiralli","status":"publish","type":"product","link":"https:\/\/roveyayinevi.com.tr\/index.php\/urun\/baglama-duzenine-gore-turku-notalari-ve-repertuvari-ciltli-spiralli\/","title":{"rendered":"Ba\u011flama D\u00fczenine G\u00f6re T\u00fcrk\u00fc Notalar\u0131 ve Repertuvar\u0131 (Ciltli Spiralli )"},"content":{"rendered":"<p>T\u00fcm t\u00fcrk\u00fcseverler i\u00e7in \u201ce\u015fsiz bir repertuvar\u201d niteli\u011findeki bu eser, benzersiz olabilmesi a\u00e7\u0131s\u0131ndan ince elenip s\u0131k dokunarak haz\u0131rlanm\u0131\u015ft\u0131r. Notalar\u0131 ve s\u00f6zleri ile birlikte 235 t\u00fcrk\u00fc bar\u0131nd\u0131rmaktad\u0131r. Her t\u00fcrk\u00fcde tezene y\u00f6nleri ve parmak numaralar\u0131 belirtilmi\u015ftir. M\u00fczisyenlerin enstr\u00fcmanlar\u0131 ile birlikte nota sehpalar\u0131nda rahat kullanabilmesi i\u00e7in spiral bask\u0131 format\u0131nda, uzun \u00f6m\u00fcrl\u00fc olabilmesi a\u00e7\u0131s\u0131ndan sert kapak olarak tasarlanm\u0131\u015f ve bas\u0131lm\u0131\u015ft\u0131r.     T\u00fcrkiyemiz\u2019in her y\u00f6resinden \u00f6zenle se\u00e7ilmi\u015f e\u015fsiz t\u00fcrk\u00fcleriyle haz\u0131rlanan \u201cBa\u011flama D\u00fczenine G\u00f6re T\u00fcrk\u00fc Notalar\u0131 ve Repertuvar\u0131\u201d her daim elinizin alt\u0131nda bulunacak bir ba\u015fvuru kayna\u011f\u0131d\u0131r. <\/p>\n","protected":false},"excerpt":{"rendered":"<p>T\u00fcm t\u00fcrk\u00fcseverler i\u00e7in \u201ce\u015fsiz bir repertuvar\u201d niteli\u011findeki bu eser, benzersiz olabilmesi a\u00e7\u0131s\u0131ndan ince elenip s\u0131k dokunarak haz\u0131rlanm\u0131\u015ft\u0131r. Notalar\u0131 ve s\u00f6zleri ile birlikte 235 t\u00fcrk\u00fc bar\u0131nd\u0131rmaktad\u0131r. Her<span class=\"excerpt-hellip\"> [\u2026]<\/span><\/p>\n","protected":false},"featured_media":0,"template":"","meta":{"_monsterinsights_skip_tracking":false,"_monsterinsights_sitenote_active":false,"_monsterinsights_sitenote_note":"","_monsterinsights_sitenote_category":0},"product_brand":[],"product_cat":[14556,20810],"product_tag":[],"class_list":{"0":"post-759169","1":"product","2":"type-product","3":"status-publish","5":"product_cat-muzik","6":"product_cat-ogrenim-kitaplari","7":"pa_cilt-ciltli","8":"pa_tur-kitap","9":"pa_yayinevi-beste-yayinlari","10":"pa_yazar-hakan-cakmak","12":"first","13":"instock","14":"sale","15":"shipping-taxable","16":"purchasable","17":"product-type-simple"},"_links":{"self":[{"href":"https:\/\/roveyayinevi.com.tr\/index.php\/wp-json\/wp\/v2\/product\/759169","targetHints":{"allow":["GET"]}}],"collection":[{"href":"https:\/\/roveyayinevi.com.tr\/index.php\/wp-json\/wp\/v2\/product"}],"about":[{"href":"https:\/\/roveyayinevi.com.tr\/index.php\/wp-json\/wp\/v2\/types\/product"}],"wp:attachment":[{"href":"https:\/\/roveyayinevi.com.tr\/index.php\/wp-json\/wp\/v2\/media?parent=759169"}],"wp:term":[{"taxonomy":"product_brand","embeddable":true,"href":"https:\/\/roveyayinevi.com.tr\/index.php\/wp-json\/wp\/v2\/product_brand?post=759169"},{"taxonomy":"product_cat","embeddable":true,"href":"https:\/\/roveyayinevi.com.tr\/index.php\/wp-json\/wp\/v2\/product_cat?post=759169"},{"taxonomy":"product_tag","embeddable":true,"href":"https:\/\/roveyayinevi.com.tr\/index.php\/wp-json\/wp\/v2\/product_tag?post=759169"}],"curies":[{"name":"wp","href":"https:\/\/api.w.org\/{rel}","templated":true}]}}