{"id":759165,"date":"2025-08-28T08:26:31","date_gmt":"2025-08-28T05:26:31","guid":{"rendered":"https:\/\/roveyayinevi.com.tr\/index.php\/urun\/cikartmali-cantali-kolay-boyama-aslan\/"},"modified":"2026-04-16T03:12:26","modified_gmt":"2026-04-16T00:12:26","slug":"cikartmali-cantali-kolay-boyama-aslan","status":"publish","type":"product","link":"https:\/\/roveyayinevi.com.tr\/index.php\/urun\/cikartmali-cantali-kolay-boyama-aslan\/","title":{"rendered":"\u00c7\u0131kartmal\u0131 &#8211; \u00c7antal\u0131 Kolay Boyama &#8211; Aslan"},"content":{"rendered":"<p>\u00c7\u0131kartmal\u0131 \u00c7antal\u0131 Kolay Boyama serisi renkli \u00e7\u0131kartmalar e\u015fli\u011finde \u00e7ocu\u011funuzun hem e\u011flenerek g\u00fczel zaman ge\u00e7irmesini hem de el becerisini geli\u015ftirmesini sa\u011flayacak. <\/p>\n","protected":false},"excerpt":{"rendered":"<p>\u00c7\u0131kartmal\u0131 \u00c7antal\u0131 Kolay Boyama serisi renkli \u00e7\u0131kartmalar e\u015fli\u011finde \u00e7ocu\u011funuzun hem e\u011flenerek g\u00fczel zaman ge\u00e7irmesini hem de el becerisini geli\u015ftirmesini sa\u011flayacak.<\/p>\n","protected":false},"featured_media":0,"template":"","meta":{"_monsterinsights_skip_tracking":false,"_monsterinsights_sitenote_active":false,"_monsterinsights_sitenote_note":"","_monsterinsights_sitenote_category":0},"product_brand":[],"product_cat":[12644,12274],"product_tag":[],"class_list":{"0":"post-759165","1":"product","2":"type-product","3":"status-publish","5":"product_cat-boyama-kitaplari","6":"product_cat-cocuk-ve-genclik-kitaplari","7":"pa_cilt-ciltsiz","8":"pa_tur-kitap","9":"pa_yayinevi-0-6-yas-yayinlari","10":"pa_yazar-barbaros-ozcan","12":"first","13":"instock","14":"sale","15":"shipping-taxable","16":"purchasable","17":"product-type-simple"},"_links":{"self":[{"href":"https:\/\/roveyayinevi.com.tr\/index.php\/wp-json\/wp\/v2\/product\/759165","targetHints":{"allow":["GET"]}}],"collection":[{"href":"https:\/\/roveyayinevi.com.tr\/index.php\/wp-json\/wp\/v2\/product"}],"about":[{"href":"https:\/\/roveyayinevi.com.tr\/index.php\/wp-json\/wp\/v2\/types\/product"}],"wp:attachment":[{"href":"https:\/\/roveyayinevi.com.tr\/index.php\/wp-json\/wp\/v2\/media?parent=759165"}],"wp:term":[{"taxonomy":"product_brand","embeddable":true,"href":"https:\/\/roveyayinevi.com.tr\/index.php\/wp-json\/wp\/v2\/product_brand?post=759165"},{"taxonomy":"product_cat","embeddable":true,"href":"https:\/\/roveyayinevi.com.tr\/index.php\/wp-json\/wp\/v2\/product_cat?post=759165"},{"taxonomy":"product_tag","embeddable":true,"href":"https:\/\/roveyayinevi.com.tr\/index.php\/wp-json\/wp\/v2\/product_tag?post=759165"}],"curies":[{"name":"wp","href":"https:\/\/api.w.org\/{rel}","templated":true}]}}