{"id":759142,"date":"2025-08-28T08:25:52","date_gmt":"2025-08-28T05:25:52","guid":{"rendered":"https:\/\/roveyayinevi.com.tr\/index.php\/urun\/sosyal-medya-fenomenliginden-turkiye-gundemine\/"},"modified":"2026-04-16T03:11:54","modified_gmt":"2026-04-16T00:11:54","slug":"sosyal-medya-fenomenliginden-turkiye-gundemine","status":"publish","type":"product","link":"https:\/\/roveyayinevi.com.tr\/index.php\/urun\/sosyal-medya-fenomenliginden-turkiye-gundemine\/","title":{"rendered":"Sosyal Medya Fenomenli\u011finden T\u00fcrkiye G\u00fcndemine"},"content":{"rendered":"<p>Sosyal medya fenomeni\u2019 terimi, genellikle internet ortam\u0131nda pop\u00fcler olan, geni\u015f bir takip\u00e7i kitlesi bulunan, ilgin\u00e7 i\u00e7erikler \u00fcreten veya sosyal medyada geni\u015f \u00e7apta tan\u0131nan ki\u015fileri tan\u0131mlamak i\u00e7in kullan\u0131l\u0131r. Sosyal medya fenomenleri; videolar, blog yazarlar\u0131, podcast\u2019ler, sosyal medya g\u00f6nderileri ve di\u011fer online i\u00e7erik t\u00fcrleri arac\u0131l\u0131\u011f\u0131yla pop\u00fclerlik kazanabilirler. Sosyal medyada milyonlarca takip\u00e7isi olan Dilan-Engin Polat \u00e7ifti bu fenomenler aras\u0131nda 2023 y\u0131l\u0131nda \u00f6ne \u00e7\u0131kan isimlerdendir. Bu \u00e7al\u0131\u015fmada fenomenlerin sosyal medyadaki l\u00fcks hayatlar\u0131na ili\u015fkin payla\u015f\u0131mlar, fon vurgunlar\u0131, \u015fatafatl\u0131 ya\u015famlar, gecekondudaki g\u00fcnlerinden h\u0131zla plazalara y\u00fckselen milyonlar\u0131n takip etti\u011fi g\u00fczellik merkezi zincirleri sahipleri, Ey\u00fcpl\u00fc Halit\u2019ten S\u00fcl\u00fcn Osman\u2019a, Banker Kastelli ad\u0131yla bilinen Cevher \u00d6zden\u2019den Titan Saadet Zinciri ile 16 bin ki\u015fiyi doland\u0131ran Kenan \u015eerano\u011flu\u2019na, Jetpa Holding\u2019in Jet Fad\u0131l\u2019\u0131 Fad\u0131l Akg\u00fcnd\u00fcz\u2019den 77 bin ki\u015fiyi doland\u0131r\u0131p Uruguay\u2019a ka\u00e7\u0131p sonra yakalanan \u00c7iftlikbank \u2018Tosuncuk\u2019u Mehmet Ayd\u0131n\u2019a, Raki naml\u0131 G\u00fcney Zobu\u2019dan S\u00fcleyman Demirel ve Tansu \u00c7iller\u2019in de aralar\u0131nda bulundu\u011fu ki\u015fileri doland\u0131ran Sel\u00e7uk Parsadan\u2019a dek T\u00fcrkiye\u2019de kolay yoldan para kazanan ki\u015filere ili\u015fkin ar\u015fiv belgeleri g\u00f6zden ge\u00e7irilerek 2023 y\u0131l\u0131n\u0131n sonlar\u0131na do\u011fru milyonlar\u0131n takip etti\u011fi bir sosyal medya fenomeni olan Dilan- Engin Polat \u00e7iftinin g\u00f6zalt\u0131na al\u0131nmas\u0131yla T\u00fcrkiye\u2019de yaz\u0131l\u0131 bas\u0131n g\u00fcndeminin ve sosyal medyan\u0131n nas\u0131l etki alt\u0131na al\u0131nd\u0131\u011f\u0131 ara\u015ft\u0131r\u0131ld\u0131. Ayn\u0131 tarihlerde d\u00fcnyan\u0131n en \u00f6nemli g\u00fcndemi olan \u0130srail-Filistin \u00e7at\u0131\u015fmas\u0131n\u0131n Dilan-Engin Polat \u00e7iftinin tutuklanmas\u0131yla g\u00f6rece nas\u0131l g\u00f6lgede kald\u0131\u011f\u0131, milyonlarca takip\u00e7isi olan fenomenlerin hayatlar\u0131n\u0131n T\u00fcrkiye\u2019de kamuoyu taraf\u0131ndan nas\u0131l ilgi g\u00f6rd\u00fc\u011f\u00fc ve yaz\u0131l\u0131 bas\u0131nda g\u00fcndem oldu\u011fu incelendi. <\/p>\n","protected":false},"excerpt":{"rendered":"<p>Sosyal medya fenomeni\u2019 terimi, genellikle internet ortam\u0131nda pop\u00fcler olan, geni\u015f bir takip\u00e7i kitlesi bulunan, ilgin\u00e7 i\u00e7erikler \u00fcreten veya sosyal medyada geni\u015f \u00e7apta tan\u0131nan ki\u015fileri tan\u0131mlamak i\u00e7in<span class=\"excerpt-hellip\"> [\u2026]<\/span><\/p>\n","protected":false},"featured_media":0,"template":"","meta":{"_monsterinsights_skip_tracking":false,"_monsterinsights_sitenote_active":false,"_monsterinsights_sitenote_note":"","_monsterinsights_sitenote_category":0},"product_brand":[],"product_cat":[15983,13488],"product_tag":[],"class_list":{"0":"post-759142","1":"product","2":"type-product","3":"status-publish","5":"product_cat-iletisim-ve-medya","6":"product_cat-toplum-ve-insan","7":"pa_cilt-ciltsiz","8":"pa_tur-kitap","9":"pa_yayinevi-yeniyuz-yayinlari","10":"pa_yazar-mehmet-fatih-cakar-osman-vedud-esidir","12":"first","13":"instock","14":"sale","15":"shipping-taxable","16":"purchasable","17":"product-type-simple"},"_links":{"self":[{"href":"https:\/\/roveyayinevi.com.tr\/index.php\/wp-json\/wp\/v2\/product\/759142","targetHints":{"allow":["GET"]}}],"collection":[{"href":"https:\/\/roveyayinevi.com.tr\/index.php\/wp-json\/wp\/v2\/product"}],"about":[{"href":"https:\/\/roveyayinevi.com.tr\/index.php\/wp-json\/wp\/v2\/types\/product"}],"wp:attachment":[{"href":"https:\/\/roveyayinevi.com.tr\/index.php\/wp-json\/wp\/v2\/media?parent=759142"}],"wp:term":[{"taxonomy":"product_brand","embeddable":true,"href":"https:\/\/roveyayinevi.com.tr\/index.php\/wp-json\/wp\/v2\/product_brand?post=759142"},{"taxonomy":"product_cat","embeddable":true,"href":"https:\/\/roveyayinevi.com.tr\/index.php\/wp-json\/wp\/v2\/product_cat?post=759142"},{"taxonomy":"product_tag","embeddable":true,"href":"https:\/\/roveyayinevi.com.tr\/index.php\/wp-json\/wp\/v2\/product_tag?post=759142"}],"curies":[{"name":"wp","href":"https:\/\/api.w.org\/{rel}","templated":true}]}}