{"id":759140,"date":"2025-08-28T08:25:50","date_gmt":"2025-08-28T05:25:50","guid":{"rendered":"https:\/\/roveyayinevi.com.tr\/index.php\/urun\/turgut-ozal-tonton\/"},"modified":"2026-04-16T03:11:54","modified_gmt":"2026-04-16T00:11:54","slug":"turgut-ozal-tonton","status":"publish","type":"product","link":"https:\/\/roveyayinevi.com.tr\/index.php\/urun\/turgut-ozal-tonton\/","title":{"rendered":"Turgut \u00d6zal &#8211; Tonton"},"content":{"rendered":"<p>\u201c\u0130ktidar partisinin ba\u015fkan\u0131n\u0131n cumhurba\u015fkanl\u0131\u011f\u0131na aday olmas\u0131 en do\u011fal olgudur. H\u00fcr d\u00fcnyaca benimsenmi\u015f bu d\u00fc\u015f\u00fcnceyi biz de uygulama s\u00fcrecindeyiz. \u00d6nce \u2018Ne Mutlu T\u00fcrk\u2019\u00fcm Diyene,\u2019 diyorum. Sonra da Allah\u2019\u0131n izniyle bir ba\u015fka konumda hepinizle yeniden bulu\u015fmak ve milletimize daha fazla hizmet etmek umuduyla elveda diyorum. Elveda benim de\u011ferli vatanda\u015flar\u0131m.\u201d   T\u00fcrkiye Cumhuriyeti 8. Cumhurba\u015fkan\u0131 Turgut \u00d6zal Turgut \u00d6zal, cumhurba\u015fkanl\u0131\u011f\u0131yla T\u00fcrk siyaset tarihinde \u00f6nemli bir rol oynam\u0131\u015ft\u0131r. 1927 y\u0131l\u0131nda Malatya\u2019da do\u011fan Turgut \u00d6zal, T\u00fcrkiye\u2019nin ekonomik d\u00f6n\u00fc\u015f\u00fcm s\u00fcrecinde etkili bir lider olarak bilinir.   Anavatan Partisi\u2019ni kurarak 1983 y\u0131l\u0131nda yap\u0131lan se\u00e7imlerde ba\u015fbakanl\u0131k g\u00f6revine gelmi\u015f ve ard\u0131ndan da cumhurba\u015fkanl\u0131\u011f\u0131na se\u00e7ilmi\u015ftir. \u00d6zal\u2019\u0131n liderli\u011findeki d\u00f6nemde, ekonomide serbest piyasa reformlar\u0131 ve liberal politikalar \u00f6n planda tutulmu\u015ftur.   T\u00fcrkiye\u2019nin modernle\u015fme s\u00fcrecine yapt\u0131\u011f\u0131 katk\u0131lar ve uygulad\u0131\u011f\u0131 ekonomik politikalarla birlikte onun siyasi miras\u0131, elbette pek \u00e7ok ele\u015ftiriye de maruz kalm\u0131\u015ft\u0131r.   \u00d6zal\u2019\u0131n hayat\u0131n\u0131 ele alan bu kitap, siyasi hamlelerini yak\u0131ndan tan\u0131mak isteyenler i\u00e7in e\u015fsiz bir kaynak niteli\u011findedir.<\/p>\n","protected":false},"excerpt":{"rendered":"<p>\u201c\u0130ktidar partisinin ba\u015fkan\u0131n\u0131n cumhurba\u015fkanl\u0131\u011f\u0131na aday olmas\u0131 en do\u011fal olgudur. H\u00fcr d\u00fcnyaca benimsenmi\u015f bu d\u00fc\u015f\u00fcnceyi biz de uygulama s\u00fcrecindeyiz. \u00d6nce \u2018Ne Mutlu T\u00fcrk\u2019\u00fcm Diyene,\u2019 diyorum. Sonra da<span class=\"excerpt-hellip\"> [\u2026]<\/span><\/p>\n","protected":false},"featured_media":0,"template":"","meta":{"_monsterinsights_skip_tracking":false,"_monsterinsights_sitenote_active":false,"_monsterinsights_sitenote_note":"","_monsterinsights_sitenote_category":0},"product_brand":[],"product_cat":[13059,12337],"product_tag":[],"class_list":{"0":"post-759140","1":"product","2":"type-product","3":"status-publish","5":"product_cat-diger-politika-siyaset","6":"product_cat-politika-siyaset","7":"pa_cilt-ciltsiz","8":"pa_tur-kitap","9":"pa_yayinevi-dokuz-yayinlari","10":"pa_yazar-birol-ozturk","12":"first","13":"instock","14":"sale","15":"shipping-taxable","16":"purchasable","17":"product-type-simple"},"_links":{"self":[{"href":"https:\/\/roveyayinevi.com.tr\/index.php\/wp-json\/wp\/v2\/product\/759140","targetHints":{"allow":["GET"]}}],"collection":[{"href":"https:\/\/roveyayinevi.com.tr\/index.php\/wp-json\/wp\/v2\/product"}],"about":[{"href":"https:\/\/roveyayinevi.com.tr\/index.php\/wp-json\/wp\/v2\/types\/product"}],"wp:attachment":[{"href":"https:\/\/roveyayinevi.com.tr\/index.php\/wp-json\/wp\/v2\/media?parent=759140"}],"wp:term":[{"taxonomy":"product_brand","embeddable":true,"href":"https:\/\/roveyayinevi.com.tr\/index.php\/wp-json\/wp\/v2\/product_brand?post=759140"},{"taxonomy":"product_cat","embeddable":true,"href":"https:\/\/roveyayinevi.com.tr\/index.php\/wp-json\/wp\/v2\/product_cat?post=759140"},{"taxonomy":"product_tag","embeddable":true,"href":"https:\/\/roveyayinevi.com.tr\/index.php\/wp-json\/wp\/v2\/product_tag?post=759140"}],"curies":[{"name":"wp","href":"https:\/\/api.w.org\/{rel}","templated":true}]}}