{"id":759133,"date":"2025-08-28T08:25:35","date_gmt":"2025-08-28T05:25:35","guid":{"rendered":"https:\/\/roveyayinevi.com.tr\/index.php\/urun\/anilarla-mustafa-kemal-ataturk\/"},"modified":"2026-04-16T03:11:54","modified_gmt":"2026-04-16T00:11:54","slug":"anilarla-mustafa-kemal-ataturk","status":"publish","type":"product","link":"https:\/\/roveyayinevi.com.tr\/index.php\/urun\/anilarla-mustafa-kemal-ataturk\/","title":{"rendered":"An\u0131larla Mustafa Kemal Atat\u00fcrk"},"content":{"rendered":"<p>\u0130smet K\u00fcr&#8217;\u00fcn ilk olarak 1960&#8217;larda kaleme ald\u0131\u011f\u0131 bu eser sayesinde, Atat\u00fcrk&#8217;\u00fc, onunla do\u011frudan tan\u0131\u015fm\u0131\u015f bir yazar\u0131n g\u00f6z\u00fcnden ke\u015ffedeceksiniz.An\u0131larla Mustafa Kemal Atat\u00fcrk, yaln\u0131zca tarihi bir belge de\u011fil, ayn\u0131 zamanda b\u00fcy\u00fck liderin ya\u015fam\u0131na benzersiz bir pencereden bakma f\u0131rsat\u0131 sunan bir portre.\u0130smet K\u00fcr, Atat\u00fcrk&#8217;\u00fcn an\u0131lar\u0131n\u0131 bir araya getirerek ola\u011fan\u00fcst\u00fc bir d\u00fcnya ortaya \u00e7\u0131kar\u0131yor. Ulu \u00f6ndere e\u015flik edece\u011finiz \u00f6yk\u00fclerle, Mustafa Kemal Atat\u00fcrk&#8217;\u00fcn incelikli duygular\u0131n\u0131, d\u00fc\u015f\u00fcnce d\u00fcnyas\u0131n\u0131 ve liderlik \u00f6zelliklerini g\u00f6rebileceksiniz.D\u00f6nemin ruhunu ve cumhuriyetin etkileyici miras\u0131n\u0131 anlamaya \u00e7al\u0131\u015fan bu ba\u015fyap\u0131t, Atat\u00fcrk&#8217;\u00fcn hayat\u0131ndan kesitler sunarak bizleri ge\u00e7mi\u015fin izlerini takip etmeye ve O\u2019nun d\u00fcnya g\u00f6r\u00fc\u015f\u00fcn\u00fc daha yak\u0131ndan ke\u015ffetmeye \u00e7a\u011f\u0131r\u0131yor.<\/p>\n","protected":false},"excerpt":{"rendered":"<p>\u0130smet K\u00fcr&#8217;\u00fcn ilk olarak 1960&#8217;larda kaleme ald\u0131\u011f\u0131 bu eser sayesinde, Atat\u00fcrk&#8217;\u00fc, onunla do\u011frudan tan\u0131\u015fm\u0131\u015f bir yazar\u0131n g\u00f6z\u00fcnden ke\u015ffedeceksiniz.An\u0131larla Mustafa Kemal Atat\u00fcrk, yaln\u0131zca tarihi bir belge de\u011fil,<span class=\"excerpt-hellip\"> [\u2026]<\/span><\/p>\n","protected":false},"featured_media":0,"template":"","meta":{"_monsterinsights_skip_tracking":false,"_monsterinsights_sitenote_active":false,"_monsterinsights_sitenote_note":"","_monsterinsights_sitenote_category":0},"product_brand":[],"product_cat":[12274,12284],"product_tag":[],"class_list":{"0":"post-759133","1":"product","2":"type-product","3":"status-publish","5":"product_cat-cocuk-ve-genclik-kitaplari","6":"product_cat-hikayeler","7":"pa_cilt-ciltsiz","8":"pa_tur-kitap","9":"pa_yayinevi-fom-kitap","10":"pa_yazar-ismet-kur","12":"first","13":"instock","14":"sale","15":"shipping-taxable","16":"purchasable","17":"product-type-simple"},"_links":{"self":[{"href":"https:\/\/roveyayinevi.com.tr\/index.php\/wp-json\/wp\/v2\/product\/759133","targetHints":{"allow":["GET"]}}],"collection":[{"href":"https:\/\/roveyayinevi.com.tr\/index.php\/wp-json\/wp\/v2\/product"}],"about":[{"href":"https:\/\/roveyayinevi.com.tr\/index.php\/wp-json\/wp\/v2\/types\/product"}],"wp:attachment":[{"href":"https:\/\/roveyayinevi.com.tr\/index.php\/wp-json\/wp\/v2\/media?parent=759133"}],"wp:term":[{"taxonomy":"product_brand","embeddable":true,"href":"https:\/\/roveyayinevi.com.tr\/index.php\/wp-json\/wp\/v2\/product_brand?post=759133"},{"taxonomy":"product_cat","embeddable":true,"href":"https:\/\/roveyayinevi.com.tr\/index.php\/wp-json\/wp\/v2\/product_cat?post=759133"},{"taxonomy":"product_tag","embeddable":true,"href":"https:\/\/roveyayinevi.com.tr\/index.php\/wp-json\/wp\/v2\/product_tag?post=759133"}],"curies":[{"name":"wp","href":"https:\/\/api.w.org\/{rel}","templated":true}]}}