{"id":759132,"date":"2025-08-28T08:25:33","date_gmt":"2025-08-28T05:25:33","guid":{"rendered":"https:\/\/roveyayinevi.com.tr\/index.php\/urun\/bebek-bavulu\/"},"modified":"2026-04-16T03:11:54","modified_gmt":"2026-04-16T00:11:54","slug":"bebek-bavulu","status":"publish","type":"product","link":"https:\/\/roveyayinevi.com.tr\/index.php\/urun\/bebek-bavulu\/","title":{"rendered":"Bebek Bavulu"},"content":{"rendered":"<p>Bebek Bavulu, g\u00f6zleri merakla par\u0131ldayan 0-2 ya\u015f\u0131ndaki bebeklere d\u00fcnyay\u0131 tan\u0131tmak i\u00e7in tasarland\u0131. Minik okurlar\u0131 bavul kapa\u011f\u0131 a\u00e7\u0131l\u0131nca kocaman bir d\u00fcnya haritas\u0131 selaml\u0131yor. Daha sonra d\u00fcnya ve T\u00fcrk edebiyat\u0131na iz b\u0131rakm\u0131\u015f klasiklerin, bebeklerin okuyabilece\u011fi formata uyarlanm\u0131\u015f kitaplar\u0131 kar\u015f\u0131l\u0131yor. Bebekler, \u201cilk renk kitab\u0131m\u201d, \u201cilk geometri kitab\u0131m\u201d, \u201cilk anatomi kitab\u0131m\u201d, \u201cilk duygu kitab\u0131m\u201d, \u201cilk seyahat kitab\u0131m\u201d, \u201cilk \u015fiir kitab\u0131m\u201d gibi alt ba\u015fl\u0131klarla \u00e7\u0131km\u0131\u015f 8 k\u00fclt eserle d\u00fcnyay\u0131 daha mama sandalyesindeyken tan\u0131maya ba\u015fl\u0131yorlar. Her biri 16&#215;16 cm ebad\u0131nda, 20 sayfa, yuvarlak k\u00f6\u015feli, kolay y\u0131pranmaz kal\u0131n karton bask\u0131l\u0131 Bebebiyat kitaplar\u0131 bebe\u011finizin ilk edebiyat ve seyahat kitapl\u0131\u011f\u0131 olmak i\u00e7in haz\u0131rland\u0131.   Bebek Bavulu\u2019ndaki eserler: \u0130stanbul\u2019u Dinliyorum, Seyahatname, Leyla ile Mecnun, Alice Harikalar Diyar\u0131nda, Orman Kitab\u0131, 80 G\u00fcnde Devri \u00c2lem, Peter Pan, Frankenstein <\/p>\n","protected":false},"excerpt":{"rendered":"<p>Bebek Bavulu, g\u00f6zleri merakla par\u0131ldayan 0-2 ya\u015f\u0131ndaki bebeklere d\u00fcnyay\u0131 tan\u0131tmak i\u00e7in tasarland\u0131. Minik okurlar\u0131 bavul kapa\u011f\u0131 a\u00e7\u0131l\u0131nca kocaman bir d\u00fcnya haritas\u0131 selaml\u0131yor. Daha sonra d\u00fcnya ve<span class=\"excerpt-hellip\"> [\u2026]<\/span><\/p>\n","protected":false},"featured_media":0,"template":"","meta":{"_monsterinsights_skip_tracking":false,"_monsterinsights_sitenote_active":false,"_monsterinsights_sitenote_note":"","_monsterinsights_sitenote_category":0},"product_brand":[],"product_cat":[12274,12631],"product_tag":[],"class_list":{"0":"post-759132","1":"product","2":"type-product","3":"status-publish","5":"product_cat-cocuk-ve-genclik-kitaplari","6":"product_cat-diger-cocuk-ve-genclik-kitaplari","7":"pa_cilt-ciltsiz","8":"pa_tur-kitap","9":"pa_yayinevi-taze-kitap","10":"pa_yazar-kolektif","12":"first","13":"instock","14":"sale","15":"shipping-taxable","16":"purchasable","17":"product-type-simple"},"_links":{"self":[{"href":"https:\/\/roveyayinevi.com.tr\/index.php\/wp-json\/wp\/v2\/product\/759132","targetHints":{"allow":["GET"]}}],"collection":[{"href":"https:\/\/roveyayinevi.com.tr\/index.php\/wp-json\/wp\/v2\/product"}],"about":[{"href":"https:\/\/roveyayinevi.com.tr\/index.php\/wp-json\/wp\/v2\/types\/product"}],"wp:attachment":[{"href":"https:\/\/roveyayinevi.com.tr\/index.php\/wp-json\/wp\/v2\/media?parent=759132"}],"wp:term":[{"taxonomy":"product_brand","embeddable":true,"href":"https:\/\/roveyayinevi.com.tr\/index.php\/wp-json\/wp\/v2\/product_brand?post=759132"},{"taxonomy":"product_cat","embeddable":true,"href":"https:\/\/roveyayinevi.com.tr\/index.php\/wp-json\/wp\/v2\/product_cat?post=759132"},{"taxonomy":"product_tag","embeddable":true,"href":"https:\/\/roveyayinevi.com.tr\/index.php\/wp-json\/wp\/v2\/product_tag?post=759132"}],"curies":[{"name":"wp","href":"https:\/\/api.w.org\/{rel}","templated":true}]}}