{"id":759131,"date":"2025-08-28T08:25:32","date_gmt":"2025-08-28T05:25:32","guid":{"rendered":"https:\/\/roveyayinevi.com.tr\/index.php\/urun\/kendin-gibi-yasa\/"},"modified":"2026-04-11T14:27:14","modified_gmt":"2026-04-11T11:27:14","slug":"kendin-gibi-yasa","status":"publish","type":"product","link":"https:\/\/roveyayinevi.com.tr\/index.php\/urun\/kendin-gibi-yasa\/","title":{"rendered":"Kendin Gibi Ya\u015fa!"},"content":{"rendered":"<p>Bir ortama b\u0131rak\u0131lan ar\u0131, oradaki k\u00fc\u00e7\u00fcc\u00fck bir \u00e7i\u00e7e\u011fi bulur ve onun \u00fczerine konar; \u00e7\u00f6plerin \u00fczerine de\u011fil! Sinek ise \u00e7i\u00e7ek bah\u00e7esine b\u0131rak\u0131lsa da bunca \u00e7i\u00e7ek varken k\u00f6\u015fedeki k\u00fc\u00e7\u00fcc\u00fck \u00e7\u00f6p\u00fc bulur ve onun \u00fczerine konar. \u0130nsan zihni de b\u00f6yledir. E\u011fer zihnimizi geli\u015ftirirsek sorunlar, zorluklar ve umutsuzluklar aras\u0131nda dola\u015f\u0131r ama \u00e7ok k\u00fc\u00e7\u00fck olumlu bir nokta bularak onu b\u00fcy\u00fct\u00fcr; hayat\u0131m\u0131z\u0131 mutluluk, co\u015fku ve umutla doldurur. Ancak zihnimizi serbest b\u0131rak\u0131rsak binlerce nimet ve mutluluk nedeni aras\u0131ndan \u00e7ok k\u00fc\u00e7\u00fck bir olumsuzlu\u011fu bulur, onu b\u00fcy\u00fct\u00fcr, biri bin yapar. Bu kitap; geleneksel t\u0131p bak\u0131\u015f a\u00e7\u0131s\u0131yla bedensel ve ruhsal sa\u011fl\u0131\u011f\u0131m\u0131za dair \u00f6nerilerden olu\u015fmaktad\u0131r. Stres, \u00f6fke, \u00fcz\u00fcnt\u00fc, keder, depresyon gibi ya\u015fanan do\u011fal olumsuzluklar\u0131n minnettarl\u0131k ve affetme ba\u015fta olmak \u00fczere olumlu duygularla de\u011fi\u015ftirilmesi suretiyle zihnimizi ve ruhumuzu iyile\u015ftiren tavsiyeleri i\u00e7ermektedir. <\/p>\n","protected":false},"excerpt":{"rendered":"<p>Bir ortama b\u0131rak\u0131lan ar\u0131, oradaki k\u00fc\u00e7\u00fcc\u00fck bir \u00e7i\u00e7e\u011fi bulur ve onun \u00fczerine konar; \u00e7\u00f6plerin \u00fczerine de\u011fil! Sinek ise \u00e7i\u00e7ek bah\u00e7esine b\u0131rak\u0131lsa da bunca \u00e7i\u00e7ek varken k\u00f6\u015fedeki<span class=\"excerpt-hellip\"> [\u2026]<\/span><\/p>\n","protected":false},"featured_media":0,"template":"","meta":{"_monsterinsights_skip_tracking":false,"_monsterinsights_sitenote_active":false,"_monsterinsights_sitenote_note":"","_monsterinsights_sitenote_category":0},"product_brand":[],"product_cat":[12364,12376],"product_tag":[],"class_list":{"0":"post-759131","1":"product","2":"type-product","3":"status-publish","5":"product_cat-genel-konular","6":"product_cat-kisisel-gelisim","7":"pa_cilt-ciltsiz","8":"pa_tur-kitap","9":"pa_yayinevi-cinaralti-yayinlari","10":"pa_yazar-farzollah-gholizadeh-fariba-bayrami","12":"first","13":"instock","14":"sale","15":"shipping-taxable","16":"purchasable","17":"product-type-simple"},"_links":{"self":[{"href":"https:\/\/roveyayinevi.com.tr\/index.php\/wp-json\/wp\/v2\/product\/759131","targetHints":{"allow":["GET"]}}],"collection":[{"href":"https:\/\/roveyayinevi.com.tr\/index.php\/wp-json\/wp\/v2\/product"}],"about":[{"href":"https:\/\/roveyayinevi.com.tr\/index.php\/wp-json\/wp\/v2\/types\/product"}],"wp:attachment":[{"href":"https:\/\/roveyayinevi.com.tr\/index.php\/wp-json\/wp\/v2\/media?parent=759131"}],"wp:term":[{"taxonomy":"product_brand","embeddable":true,"href":"https:\/\/roveyayinevi.com.tr\/index.php\/wp-json\/wp\/v2\/product_brand?post=759131"},{"taxonomy":"product_cat","embeddable":true,"href":"https:\/\/roveyayinevi.com.tr\/index.php\/wp-json\/wp\/v2\/product_cat?post=759131"},{"taxonomy":"product_tag","embeddable":true,"href":"https:\/\/roveyayinevi.com.tr\/index.php\/wp-json\/wp\/v2\/product_tag?post=759131"}],"curies":[{"name":"wp","href":"https:\/\/api.w.org\/{rel}","templated":true}]}}