{"id":759129,"date":"2025-08-28T08:25:29","date_gmt":"2025-08-28T05:25:29","guid":{"rendered":"https:\/\/roveyayinevi.com.tr\/index.php\/urun\/turkiyenin-etnik-ve-sosyolojik-yapisi\/"},"modified":"2026-04-16T03:11:54","modified_gmt":"2026-04-16T00:11:54","slug":"turkiyenin-etnik-ve-sosyolojik-yapisi","status":"publish","type":"product","link":"https:\/\/roveyayinevi.com.tr\/index.php\/urun\/turkiyenin-etnik-ve-sosyolojik-yapisi\/","title":{"rendered":"T\u00fcrkiye\u2019nin Etnik ve Sosyolojik Yap\u0131s\u0131"},"content":{"rendered":"<p>Son zamanlarda \u00fclkemizde bir \u00fcst kimlik olan T\u00fcrk yerine, T\u00fcrkiyeli kelimesinin konulmaya \u00e7al\u0131\u015f\u0131ld\u0131\u011f\u0131na \u015fahit olmaktay\u0131z. T\u00fcrkiye\u2019yi etnik temelde b\u00f6lmeye \u00e7al\u0131\u015fan bu i\u00e7 ve d\u0131\u015f odaklar, \u00fcst kimlik olan T\u00fcrk\u2019\u00fc, T\u00fcrkiyelilik olarak de\u011fi\u015ftirerek T\u00fcrkl\u00fc\u011f\u00fc bir alt kimli\u011fe indirmek istemektedirler. Ama\u00e7lar\u0131 ise, T\u00fcrk milletine kar\u0131\u015f\u0131k millet zihniyetini ve mozaik dayatmas\u0131n\u0131 peki\u015ftirerek ulusal kimlik bilincini zedelemek, ulusal direnci zaafa u\u011fratmak, bu \u00fclkeye \u015fevkle hizmet etmek gayreti i\u00e7inde olanlar\u0131 kay\u0131ts\u0131z hale getirmek, daha ilerisinde de asl\u00ee ve kurucu unsurlar, resmi dil ve az\u0131nl\u0131klar tart\u0131\u015fmalar\u0131n\u0131 \u0131s\u0131ta \u0131s\u0131ta b\u00f6l\u00fcc\u00fc taleplere gerek\u00e7eler olu\u015fturmak, sonu\u00e7ta da T\u00fcrkiye Cumhuriyetini b\u00f6lmektir. Oysa T\u00fcrkl\u00fck hi\u00e7bir etnik anlam ifade etmeden, \u00e7ok a\u00e7\u0131k bir \u015fekilde vatanda\u015fl\u0131\u011f\u0131 temel alarak tan\u0131mlanm\u0131\u015f anayasan\u0131n 66. Maddesinde de \u015fu \u015fekilde yar alm\u0131\u015ft\u0131r. \u201cT\u00fcrk devletine vatanda\u015fl\u0131k ba\u011f\u0131 ile ba\u011fl\u0131 olan herkes T\u00fcrk\u2019t\u00fcr\u201d Avrupa\u2019da ve d\u00fcnyan\u0131n her taraf\u0131nda bir\u00e7ok \u00f6rne\u011fi g\u00f6r\u00fcld\u00fc\u011f\u00fc gibi devletin kurucu ve \u00e7o\u011funluk unsurunun T\u00fcrk olmas\u0131 m\u00fcnasebetiyle T\u00fcrk devletine vatanda\u015fl\u0131k ba\u011f\u0131 ile ba\u011fl\u0131 olan herkese T\u00fcrk denilmi\u015ftir. Cemal Yavuz <\/p>\n","protected":false},"excerpt":{"rendered":"<p>Son zamanlarda \u00fclkemizde bir \u00fcst kimlik olan T\u00fcrk yerine, T\u00fcrkiyeli kelimesinin konulmaya \u00e7al\u0131\u015f\u0131ld\u0131\u011f\u0131na \u015fahit olmaktay\u0131z. T\u00fcrkiye\u2019yi etnik temelde b\u00f6lmeye \u00e7al\u0131\u015fan bu i\u00e7 ve d\u0131\u015f odaklar, \u00fcst<span class=\"excerpt-hellip\"> [\u2026]<\/span><\/p>\n","protected":false},"featured_media":0,"template":"","meta":{"_monsterinsights_skip_tracking":false,"_monsterinsights_sitenote_active":false,"_monsterinsights_sitenote_note":"","_monsterinsights_sitenote_category":0},"product_brand":[],"product_cat":[12324],"product_tag":[],"class_list":{"0":"post-759129","1":"product","2":"type-product","3":"status-publish","5":"product_cat-sosyoloji","6":"pa_cilt-ciltsiz","7":"pa_tur-kitap","8":"pa_yayinevi-zet-akademi-yayinlari","9":"pa_yazar-cemal-yavuz","11":"first","12":"instock","13":"sale","14":"shipping-taxable","15":"purchasable","16":"product-type-simple"},"_links":{"self":[{"href":"https:\/\/roveyayinevi.com.tr\/index.php\/wp-json\/wp\/v2\/product\/759129","targetHints":{"allow":["GET"]}}],"collection":[{"href":"https:\/\/roveyayinevi.com.tr\/index.php\/wp-json\/wp\/v2\/product"}],"about":[{"href":"https:\/\/roveyayinevi.com.tr\/index.php\/wp-json\/wp\/v2\/types\/product"}],"wp:attachment":[{"href":"https:\/\/roveyayinevi.com.tr\/index.php\/wp-json\/wp\/v2\/media?parent=759129"}],"wp:term":[{"taxonomy":"product_brand","embeddable":true,"href":"https:\/\/roveyayinevi.com.tr\/index.php\/wp-json\/wp\/v2\/product_brand?post=759129"},{"taxonomy":"product_cat","embeddable":true,"href":"https:\/\/roveyayinevi.com.tr\/index.php\/wp-json\/wp\/v2\/product_cat?post=759129"},{"taxonomy":"product_tag","embeddable":true,"href":"https:\/\/roveyayinevi.com.tr\/index.php\/wp-json\/wp\/v2\/product_tag?post=759129"}],"curies":[{"name":"wp","href":"https:\/\/api.w.org\/{rel}","templated":true}]}}