{"id":759128,"date":"2025-08-28T08:25:28","date_gmt":"2025-08-28T05:25:28","guid":{"rendered":"https:\/\/roveyayinevi.com.tr\/index.php\/urun\/bazen-birakmak-gerekir\/"},"modified":"2026-04-16T03:11:54","modified_gmt":"2026-04-16T00:11:54","slug":"bazen-birakmak-gerekir","status":"publish","type":"product","link":"https:\/\/roveyayinevi.com.tr\/index.php\/urun\/bazen-birakmak-gerekir\/","title":{"rendered":"Bazen B\u0131rakmak Gerekir"},"content":{"rendered":"<p>\u201cG\u00fcvenli bir ili\u015fkinin s\u0131n\u0131rlar\u0131n\u0131 bildi\u011fimiz kadar g\u00fcvensiz bir ili\u015fkinin\u00f6zelliklerini de bilmeliyiz.\u201d  Fl\u00f6rt \u015fiddeti g\u00fcn\u00fcm\u00fcz\u00fcn en \u00f6nemli sorunlar\u0131ndan bir tanesi. Art\u0131k \u00e7ok k\u00fc\u00e7\u00fck ya\u015flarda ba\u015flayan bu durum, sadece kad\u0131nlar\u0131 de\u011fil erkekleri de etkisi alt\u0131na alan ve erken d\u00f6nemde \u00e7\u00f6z\u00fclmezse ileride aile i\u00e7i \u015fiddete d\u00f6n\u00fc\u015febilen ciddi bir olgu.  Bu kitap fl\u00f6rt \u015fiddetine kar\u015f\u0131 fark\u0131ndal\u0131k kazand\u0131rmak i\u00e7in yaz\u0131ld\u0131. Sevgisiz, ilgisiz bir ortamda b\u00fcy\u00fcyen, kendini de\u011fersiz, \u00e7aresiz ve mutsuz hisseden, a\u00e7 oldu\u011fu sevgiyi k\u00fc\u00e7\u00fcc\u00fck bir s\u00f6zde veya sahte g\u00fcl\u00fc\u015fte aray\u0131p onu ger\u00e7ek sanan, bu y\u00fczden \u00e7\u0131kmaza s\u00fcr\u00fcklenen, utanan, s\u0131k\u0131lan ve ne yapaca\u011f\u0131n\u0131 bilemedik\u00e7e batakl\u0131\u011fa daha \u00e7ok saplanan \u00e7ocuklar\u0131m\u0131za ve gen\u00e7lerimize el uzatma, onlar\u0131n hayatlar\u0131na dokunma ve kendilerini geli\u015ftirmelerine yard\u0131mc\u0131 olma amac\u0131yla bir rehber niteli\u011finde haz\u0131rland\u0131. Fl\u00f6rt \u015fiddeti nedeniyle anoreksiya nervoza olan bir gen\u00e7 k\u0131z, sevgilisinden ayr\u0131lmak istemeyen ve onu tehdit eden bir delikanl\u0131, k\u0131z arkada\u015f\u0131n\u0131n kimseyle g\u00f6r\u00fc\u015fmesini istemeyen bir sevgili&#8230;  \u0130\u00e7inde ger\u00e7ek ya\u015fam \u00f6yk\u00fcleri ve ki\u015filik analizlerinin de yer ald\u0131\u011f\u0131 bu kitap, duygusal yolculu\u011funda g\u00fc\u00e7l\u00fc kalabilmesi i\u00e7in okura farkl\u0131 bir bak\u0131\u015f a\u00e7\u0131s\u0131 sunuyor.<\/p>\n","protected":false},"excerpt":{"rendered":"<p>\u201cG\u00fcvenli bir ili\u015fkinin s\u0131n\u0131rlar\u0131n\u0131 bildi\u011fimiz kadar g\u00fcvensiz bir ili\u015fkinin\u00f6zelliklerini de bilmeliyiz.\u201d Fl\u00f6rt \u015fiddeti g\u00fcn\u00fcm\u00fcz\u00fcn en \u00f6nemli sorunlar\u0131ndan bir tanesi. Art\u0131k \u00e7ok k\u00fc\u00e7\u00fck ya\u015flarda ba\u015flayan bu durum,<span class=\"excerpt-hellip\"> [\u2026]<\/span><\/p>\n","protected":false},"featured_media":0,"template":"","meta":{"_monsterinsights_skip_tracking":false,"_monsterinsights_sitenote_active":false,"_monsterinsights_sitenote_note":"","_monsterinsights_sitenote_category":0},"product_brand":[],"product_cat":[12357],"product_tag":[],"class_list":{"0":"post-759128","1":"product","2":"type-product","3":"status-publish","5":"product_cat-psikoloji","6":"pa_cilt-ciltsiz","7":"pa_tur-kitap","8":"pa_yayinevi-nemesis-kitap","9":"pa_yazar-emel-bahadir-yilmaz","11":"first","12":"instock","13":"sale","14":"shipping-taxable","15":"purchasable","16":"product-type-simple"},"_links":{"self":[{"href":"https:\/\/roveyayinevi.com.tr\/index.php\/wp-json\/wp\/v2\/product\/759128","targetHints":{"allow":["GET"]}}],"collection":[{"href":"https:\/\/roveyayinevi.com.tr\/index.php\/wp-json\/wp\/v2\/product"}],"about":[{"href":"https:\/\/roveyayinevi.com.tr\/index.php\/wp-json\/wp\/v2\/types\/product"}],"wp:attachment":[{"href":"https:\/\/roveyayinevi.com.tr\/index.php\/wp-json\/wp\/v2\/media?parent=759128"}],"wp:term":[{"taxonomy":"product_brand","embeddable":true,"href":"https:\/\/roveyayinevi.com.tr\/index.php\/wp-json\/wp\/v2\/product_brand?post=759128"},{"taxonomy":"product_cat","embeddable":true,"href":"https:\/\/roveyayinevi.com.tr\/index.php\/wp-json\/wp\/v2\/product_cat?post=759128"},{"taxonomy":"product_tag","embeddable":true,"href":"https:\/\/roveyayinevi.com.tr\/index.php\/wp-json\/wp\/v2\/product_tag?post=759128"}],"curies":[{"name":"wp","href":"https:\/\/api.w.org\/{rel}","templated":true}]}}