{"id":759125,"date":"2025-08-28T08:25:25","date_gmt":"2025-08-28T05:25:25","guid":{"rendered":"https:\/\/roveyayinevi.com.tr\/index.php\/urun\/50-kitapla-dunya-tarihi\/"},"modified":"2026-04-16T03:11:54","modified_gmt":"2026-04-16T00:11:54","slug":"50-kitapla-dunya-tarihi","status":"publish","type":"product","link":"https:\/\/roveyayinevi.com.tr\/index.php\/urun\/50-kitapla-dunya-tarihi\/","title":{"rendered":"50 Kitapla D\u00fcnya Tarihi"},"content":{"rendered":"<p>Kitaplar\u0131n k\u00fclt\u00fcr ve uygarl\u0131\u011f\u0131n g\u00f6stergesi olarak insanl\u0131k tarihinde \u00e7ok \u00f6zel bir konumu vard\u0131r; insano\u011flunun entelekt\u00fcel ba\u015far\u0131lar\u0131n\u0131n simgeleri olarak hik\u00e2yelerin payla\u015f\u0131lmas\u0131, bilginin yay\u0131lmas\u0131, insan\u0131n do\u011fas\u0131n\u0131n ke\u015ffedilmesi ve bilinen d\u00fcnyam\u0131z\u0131n \u00f6tesinde neler oldu\u011funun hayal edilebilmesinde bizlere hizmet eder. Ve ayn\u0131 zamanda kitaplar, insan olman\u0131n ne anlama geldi\u011finin paha bi\u00e7ilmez, kapsaml\u0131 bir kayd\u0131d\u0131r.   Tarih boyunca en etkili elli kitab\u0131, \u00f6zenle se\u00e7ilmi\u015f ve tarihsel arka plan\u0131yla birlikte bir araya getirilmi\u015f olarak 50 Kitapla D\u00fcnya Tarihi\u2019nde bulacaks\u0131n\u0131z. G\u0131lgam\u0131\u015f Destan\u0131 gibi antik \u00e7a\u011f\u0131n ezber bozan metinlerinden Konf\u00fc\u00e7y\u00fcs ve Platon gibi bilgelerin d\u00fc\u015f\u00fcncelerine, Zaman\u0131n K\u0131sa Tarihi gibi bilimsel \u00e7al\u0131\u015fmalara, bilginin yayg\u0131nla\u015fmas\u0131nda tarihi d\u00f6n\u00fcm noktas\u0131 olan Gutenberg \u0130ncili gibi ilk seri \u00fcretim bas\u0131l\u0131 kitaptan Neden Bekleyemeyiz gibi  Martin Luther King&#8217;in m\u00fccadelesini anlatt\u0131\u011f\u0131 kal\u0131c\u0131 k\u00fclt\u00fcrel eserlere kadar uzanan bu se\u00e7ki, yaln\u0131zca kendi toplumlar\u0131n\u0131n \u00fcr\u00fcnleri olarak de\u011fil, o uygarl\u0131klar\u0131 \u015fekillendiren \u00f6nemli metinler olarak da kar\u015f\u0131m\u0131zdalar. Bu kitaplar sadece d\u00fc\u015f\u00fcnme ve ya\u015fam bi\u00e7imlerimizi de\u011fi\u015ftirmekle kalmam\u0131\u015f, tarihin seyrinin d\u00f6n\u00fc\u015fmesinde de rol oynam\u0131\u015flard\u0131r. <\/p>\n","protected":false},"excerpt":{"rendered":"<p>Kitaplar\u0131n k\u00fclt\u00fcr ve uygarl\u0131\u011f\u0131n g\u00f6stergesi olarak insanl\u0131k tarihinde \u00e7ok \u00f6zel bir konumu vard\u0131r; insano\u011flunun entelekt\u00fcel ba\u015far\u0131lar\u0131n\u0131n simgeleri olarak hik\u00e2yelerin payla\u015f\u0131lmas\u0131, bilginin yay\u0131lmas\u0131, insan\u0131n do\u011fas\u0131n\u0131n ke\u015ffedilmesi ve<span class=\"excerpt-hellip\"> [\u2026]<\/span><\/p>\n","protected":false},"featured_media":0,"template":"","meta":{"_monsterinsights_skip_tracking":false,"_monsterinsights_sitenote_active":false,"_monsterinsights_sitenote_note":"","_monsterinsights_sitenote_category":0},"product_brand":[],"product_cat":[12304],"product_tag":[],"class_list":{"0":"post-759125","1":"product","2":"type-product","3":"status-publish","5":"product_cat-tarih","6":"pa_cilt-ciltsiz","7":"pa_tur-kitap","8":"pa_yayinevi-orenda","9":"pa_yazar-daniel-smith","11":"first","12":"instock","13":"sale","14":"shipping-taxable","15":"purchasable","16":"product-type-simple"},"_links":{"self":[{"href":"https:\/\/roveyayinevi.com.tr\/index.php\/wp-json\/wp\/v2\/product\/759125","targetHints":{"allow":["GET"]}}],"collection":[{"href":"https:\/\/roveyayinevi.com.tr\/index.php\/wp-json\/wp\/v2\/product"}],"about":[{"href":"https:\/\/roveyayinevi.com.tr\/index.php\/wp-json\/wp\/v2\/types\/product"}],"wp:attachment":[{"href":"https:\/\/roveyayinevi.com.tr\/index.php\/wp-json\/wp\/v2\/media?parent=759125"}],"wp:term":[{"taxonomy":"product_brand","embeddable":true,"href":"https:\/\/roveyayinevi.com.tr\/index.php\/wp-json\/wp\/v2\/product_brand?post=759125"},{"taxonomy":"product_cat","embeddable":true,"href":"https:\/\/roveyayinevi.com.tr\/index.php\/wp-json\/wp\/v2\/product_cat?post=759125"},{"taxonomy":"product_tag","embeddable":true,"href":"https:\/\/roveyayinevi.com.tr\/index.php\/wp-json\/wp\/v2\/product_tag?post=759125"}],"curies":[{"name":"wp","href":"https:\/\/api.w.org\/{rel}","templated":true}]}}