{"id":759124,"date":"2025-08-28T08:25:24","date_gmt":"2025-08-28T05:25:24","guid":{"rendered":"https:\/\/roveyayinevi.com.tr\/index.php\/urun\/bir-kentsel-donusum-hikayesi\/"},"modified":"2026-04-16T03:11:54","modified_gmt":"2026-04-16T00:11:54","slug":"bir-kentsel-donusum-hikayesi","status":"publish","type":"product","link":"https:\/\/roveyayinevi.com.tr\/index.php\/urun\/bir-kentsel-donusum-hikayesi\/","title":{"rendered":"Bir Kentsel D\u00f6n\u00fc\u015f\u00fcm Hikayesi"},"content":{"rendered":"<p>Elinizdeki kitap, T\u00fcrkiye ba\u011flam\u0131 i\u00e7inde d\u00fc\u015f\u00fcnd\u00fc\u011f\u00fcm\u00fczde g\u00fcn\u00fcm\u00fcz kentinde en sorunlu alanlardan birine odaklan\u0131yor: Kentsel D\u00f6n\u00fc\u015f\u00fcm. Kitap, kentsel d\u00f6n\u00fc\u015f\u00fcm s\u00fcre\u00e7lerinde gerek y\u00f6netici pozisyonunda olan kurum ve kurulu\u015flara, gerekse alan sakinlerine fayda sa\u011flayacak olman\u0131n yan\u0131 s\u0131ra, toplumsal olarak s\u00fcrd\u00fcr\u00fclebilir bir d\u00f6n\u00fc\u015f\u00fcm i\u00e7in gerekli olan kat\u0131l\u0131mc\u0131 yakla\u015f\u0131m\u0131 tart\u0131\u015fmaya a\u00e7may\u0131 da hedefliyor.   Kitapta Sar\u0131g\u00f6l-Yenido\u011fan Mahalleleri \u00fczerinden kentsel d\u00f6n\u00fc\u015f\u00fcme ili\u015fkin bir\u00e7ok sorun ve toplumsall\u0131k katman\u0131na ula\u015f\u0131lmaya \u00e7al\u0131\u015f\u0131l\u0131yor. Birinci nesil gecekondu mahallelerinin \u00f6zg\u00fcn niteliklerini ta\u015f\u0131yan bu alanda 2005 y\u0131l\u0131nda ba\u015flayan ve farkl\u0131 kanunlar\u0131 dayanak alarak y\u00fcr\u00fct\u00fclen s\u00fcre\u00e7teki k\u0131r\u0131lmalar g\u00f6zlemleniyor ve okuyucuya aktar\u0131l\u0131yor.   Saha bilgisinin yan\u0131 s\u0131ra kitapta kat\u0131l\u0131mc\u0131 kentsel d\u00f6n\u00fc\u015f\u00fcme dair \u00f6nemli bir literat\u00fcr de sunuluyor. Alan \u00e7al\u0131\u015fmas\u0131 s\u00fcrecinde ise mek\u00e2nsal tespitlerin yan\u0131 s\u0131ra, s\u00fcrecin nas\u0131l y\u00f6netildi\u011fine, halk\u0131n s\u00fcre\u00e7ten ne y\u00f6nde etkilendi\u011fine ve kat\u0131l\u0131m unsuruna ili\u015fkin bilgilerin edinilmesinde farkl\u0131 y\u00f6ntemler kullan\u0131l\u0131yor, neredeyse b\u00fct\u00fcn akt\u00f6rlerle g\u00f6r\u00fc\u015fmeler yap\u0131l\u0131yor. Her biri kendi i\u00e7inde sorun alanlar\u0131n\u0131 da \u00fcreten bu g\u00f6r\u00fc\u015fmelerde kar\u015f\u0131la\u015f\u0131lan bu sorunlar\u0131n da aktar\u0131ld\u0131\u011f\u0131 \u00e7al\u0131\u015fma \u201calana dair\u201d \u00f6nemli ipu\u00e7lar\u0131 i\u00e7eriyor. Kitap kentsel d\u00f6n\u00fc\u015f\u00fcm\u00fcn hikayesini alandan yola \u00e7\u0131karak aktar\u0131yor.<\/p>\n","protected":false},"excerpt":{"rendered":"<p>Elinizdeki kitap, T\u00fcrkiye ba\u011flam\u0131 i\u00e7inde d\u00fc\u015f\u00fcnd\u00fc\u011f\u00fcm\u00fczde g\u00fcn\u00fcm\u00fcz kentinde en sorunlu alanlardan birine odaklan\u0131yor: Kentsel D\u00f6n\u00fc\u015f\u00fcm. Kitap, kentsel d\u00f6n\u00fc\u015f\u00fcm s\u00fcre\u00e7lerinde gerek y\u00f6netici pozisyonunda olan kurum ve kurulu\u015flara,<span class=\"excerpt-hellip\"> [\u2026]<\/span><\/p>\n","protected":false},"featured_media":0,"template":"","meta":{"_monsterinsights_skip_tracking":false,"_monsterinsights_sitenote_active":false,"_monsterinsights_sitenote_note":"","_monsterinsights_sitenote_category":0},"product_brand":[],"product_cat":[12767,12324],"product_tag":[],"class_list":{"0":"post-759124","1":"product","2":"type-product","3":"status-publish","5":"product_cat-kentlesme-modernlesme","6":"product_cat-sosyoloji","7":"pa_cilt-ciltsiz","8":"pa_tur-kitap","9":"pa_yayinevi-idealkent-yayincilik","10":"pa_yazar-evrim-ozkan-yasemin-erkan-yazici-zeynep-ayse-goksin","12":"first","13":"instock","14":"sale","15":"shipping-taxable","16":"purchasable","17":"product-type-simple"},"_links":{"self":[{"href":"https:\/\/roveyayinevi.com.tr\/index.php\/wp-json\/wp\/v2\/product\/759124","targetHints":{"allow":["GET"]}}],"collection":[{"href":"https:\/\/roveyayinevi.com.tr\/index.php\/wp-json\/wp\/v2\/product"}],"about":[{"href":"https:\/\/roveyayinevi.com.tr\/index.php\/wp-json\/wp\/v2\/types\/product"}],"wp:attachment":[{"href":"https:\/\/roveyayinevi.com.tr\/index.php\/wp-json\/wp\/v2\/media?parent=759124"}],"wp:term":[{"taxonomy":"product_brand","embeddable":true,"href":"https:\/\/roveyayinevi.com.tr\/index.php\/wp-json\/wp\/v2\/product_brand?post=759124"},{"taxonomy":"product_cat","embeddable":true,"href":"https:\/\/roveyayinevi.com.tr\/index.php\/wp-json\/wp\/v2\/product_cat?post=759124"},{"taxonomy":"product_tag","embeddable":true,"href":"https:\/\/roveyayinevi.com.tr\/index.php\/wp-json\/wp\/v2\/product_tag?post=759124"}],"curies":[{"name":"wp","href":"https:\/\/api.w.org\/{rel}","templated":true}]}}