{"id":759122,"date":"2025-08-28T08:25:21","date_gmt":"2025-08-28T05:25:21","guid":{"rendered":"https:\/\/roveyayinevi.com.tr\/index.php\/urun\/teoriden-pratige-akilli-sehirler\/"},"modified":"2026-04-16T03:11:54","modified_gmt":"2026-04-16T00:11:54","slug":"teoriden-pratige-akilli-sehirler","status":"publish","type":"product","link":"https:\/\/roveyayinevi.com.tr\/index.php\/urun\/teoriden-pratige-akilli-sehirler\/","title":{"rendered":"Teoriden Prati\u011fe Ak\u0131ll\u0131 \u015eehirler"},"content":{"rendered":"<p>Bilgi ve ileti\u015fim teknolojilerinin geldi\u011fi nokta, kentsel alanda verilen hizmetler ve bireyin g\u00fcndelik ya\u015fam ak\u0131\u015f\u0131 i\u00e7inde son derece kritik bir hal alm\u0131\u015f g\u00f6r\u00fcn\u00fcyor. Ak\u0131ll\u0131 \u015fehirler sadece teknolojiyi de\u011fil, insanlar\u0131n huzur ve g\u00fcven i\u00e7inde ya\u015fad\u0131\u011f\u0131 fiziksel formlar\u0131 ve yap\u0131lar\u0131 da belirleyen unsur haline geldi. Sadece teknoloji a\u00e7\u0131s\u0131ndan de\u011fil y\u00f6neti\u015fim, politika, insan ve toplum, ekonomi, altyap\u0131 ve do\u011fal \u00e7evre gibi kavramlarla birlikte d\u00fc\u015f\u00fcnmek gereken ak\u0131ll\u0131 \u015fehir art\u0131k b\u00fct\u00fcn boyutlar\u0131yla tart\u0131\u015f\u0131lan bir konu haline gelmi\u015ftir. Bu kadar kapsaml\u0131 bir konuyu tek bir kitapta aktarman\u0131n s\u0131n\u0131rlar\u0131 elbette var, ancak bu \u00e7al\u0131\u015fmada konu hem teorik hem de pratik a\u00e7\u0131dan ana hatlar\u0131yla ele al\u0131nmaktad\u0131r.   Elinizdeki kitapta, ak\u0131ll\u0131 \u015fehirlerin finansman\u0131, ak\u0131ll\u0131 \u015fehir uygulamalar\u0131nda yerli \u00fcretim, su\u0308rdu\u0308ru\u0308lebilir kentlerde ye\u015fil alanlar\u0131n \u00f6nemi, ak\u0131ll\u0131 \u015fehirlerde su\u0308rdu\u0308ru\u0308lebilir \u00fcniversite kamp\u00fcsleri, ak\u0131ll\u0131 \u015fehirler ile ilgili indeksler, ak\u0131ll\u0131 \u015fehirler ile ilgili standartlar, ak\u0131ll\u0131 \u015fehirler ve at\u0131k y\u00f6netiminin gelece\u011fi, su sekt\u00f6r\u00fcnde enerji verimlili\u011fi, ak\u0131ll\u0131 \u015fehirlerde hava kirlili\u011fine y\u00f6nelik mobil alg\u0131lama sistemleri ve su\u0308rdu\u0308ru\u0308lebilir binalarda i\u00e7 hava kalitesine genel bak\u0131\u015f, kentsel su kaynaklar\u0131n\u0131 y\u00f6netmek i\u00e7in ak\u0131ll\u0131 yakla\u015f\u0131mlar, ya\u011fmur suyu hasad\u0131 ve \u015fehir master planlar\u0131 \u00fczerine yap\u0131lm\u0131\u015f \u00f6zg\u00fcn \u00e7al\u0131\u015fmalar bulacaks\u0131n\u0131z. <\/p>\n","protected":false},"excerpt":{"rendered":"<p>Bilgi ve ileti\u015fim teknolojilerinin geldi\u011fi nokta, kentsel alanda verilen hizmetler ve bireyin g\u00fcndelik ya\u015fam ak\u0131\u015f\u0131 i\u00e7inde son derece kritik bir hal alm\u0131\u015f g\u00f6r\u00fcn\u00fcyor. Ak\u0131ll\u0131 \u015fehirler sadece<span class=\"excerpt-hellip\"> [\u2026]<\/span><\/p>\n","protected":false},"featured_media":0,"template":"","meta":{"_monsterinsights_skip_tracking":false,"_monsterinsights_sitenote_active":false,"_monsterinsights_sitenote_note":"","_monsterinsights_sitenote_category":0},"product_brand":[],"product_cat":[12767,12324],"product_tag":[],"class_list":{"0":"post-759122","1":"product","2":"type-product","3":"status-publish","5":"product_cat-kentlesme-modernlesme","6":"product_cat-sosyoloji","7":"pa_cilt-ciltsiz","8":"pa_tur-kitap","9":"pa_yayinevi-idealkent-yayincilik","10":"pa_yazar-kolektif","12":"first","13":"instock","14":"sale","15":"shipping-taxable","16":"purchasable","17":"product-type-simple"},"_links":{"self":[{"href":"https:\/\/roveyayinevi.com.tr\/index.php\/wp-json\/wp\/v2\/product\/759122","targetHints":{"allow":["GET"]}}],"collection":[{"href":"https:\/\/roveyayinevi.com.tr\/index.php\/wp-json\/wp\/v2\/product"}],"about":[{"href":"https:\/\/roveyayinevi.com.tr\/index.php\/wp-json\/wp\/v2\/types\/product"}],"wp:attachment":[{"href":"https:\/\/roveyayinevi.com.tr\/index.php\/wp-json\/wp\/v2\/media?parent=759122"}],"wp:term":[{"taxonomy":"product_brand","embeddable":true,"href":"https:\/\/roveyayinevi.com.tr\/index.php\/wp-json\/wp\/v2\/product_brand?post=759122"},{"taxonomy":"product_cat","embeddable":true,"href":"https:\/\/roveyayinevi.com.tr\/index.php\/wp-json\/wp\/v2\/product_cat?post=759122"},{"taxonomy":"product_tag","embeddable":true,"href":"https:\/\/roveyayinevi.com.tr\/index.php\/wp-json\/wp\/v2\/product_tag?post=759122"}],"curies":[{"name":"wp","href":"https:\/\/api.w.org\/{rel}","templated":true}]}}