{"id":759120,"date":"2025-08-28T08:25:19","date_gmt":"2025-08-28T05:25:19","guid":{"rendered":"https:\/\/roveyayinevi.com.tr\/index.php\/urun\/maturidi-dusuncede-ahlak-ve-iktidarin-kurulusu\/"},"modified":"2026-04-16T03:11:54","modified_gmt":"2026-04-16T00:11:54","slug":"maturidi-dusuncede-ahlak-ve-iktidarin-kurulusu","status":"publish","type":"product","link":"https:\/\/roveyayinevi.com.tr\/index.php\/urun\/maturidi-dusuncede-ahlak-ve-iktidarin-kurulusu\/","title":{"rendered":"Maturidi D\u00fc\u015f\u00fcncede Ahlak ve \u0130ktidar\u0131n Kurulu\u015fu"},"content":{"rendered":"<p>Ahlak tart\u0131\u015fmas\u0131, insan\u0131n iyi ya da k\u00f6t\u00fcy\u00fc vahiyden ba\u011f\u0131ms\u0131z olarak bilip bilemeyece\u011finin \u00f6tesine ge\u00e7en ve i\u00e7inde insanca ya\u015fanan tarihsel-toplumsal \u015fartlar\u0131 var etmeye\/adil bir toplum yaratmaya y\u00f6nelen bir a\u011f\u0131rl\u0131\u011fa sahiptir. \u0130nsan\u0131 di\u011fer varl\u0131klardan ay\u0131ran en temel niteli\u011fi ahlak olarak tan\u0131mlayan insan\u0131n h\u00e2l\u00e2 ahlakl\u0131 bir d\u00fcnya kuramamas\u0131 hem bir ironi hem de bir trajedidir. \u0130ster vahiyle bildirilsin isterse insan sezgisel olarak bilsin, iyi ya da k\u00f6t\u00fcn\u00fcn bilgisinin tek ba\u015f\u0131na ahlak\u00ee bir d\u00fcnya kurmaya yetmedi\u011fi, k\u00f6t\u00fcl\u00fc\u011f\u00fcn s\u0131radanla\u015ft\u0131\u011f\u0131 bir d\u00fcnyada insan\u0131n fail olarak kendisi iyi olmadan iyiyi biliyor olmas\u0131n\u0131n iyili\u011fi h\u00e2kim k\u0131lmak i\u00e7in yeterli olmad\u0131\u011f\u0131 a\u00e7\u0131kt\u0131r. Bu durumda mesele iyi ya da k\u00f6t\u00fcy\u00fc bilmenin \u00f6tesine ge\u00e7mekte, iyi ya da k\u00f6t\u00fcy\u00fc bilmenin neyi gerektirdi\u011fi meselesine evrilmektedir.<\/p>\n","protected":false},"excerpt":{"rendered":"<p>Ahlak tart\u0131\u015fmas\u0131, insan\u0131n iyi ya da k\u00f6t\u00fcy\u00fc vahiyden ba\u011f\u0131ms\u0131z olarak bilip bilemeyece\u011finin \u00f6tesine ge\u00e7en ve i\u00e7inde insanca ya\u015fanan tarihsel-toplumsal \u015fartlar\u0131 var etmeye\/adil bir toplum yaratmaya y\u00f6nelen<span class=\"excerpt-hellip\"> [\u2026]<\/span><\/p>\n","protected":false},"featured_media":0,"template":"","meta":{"_monsterinsights_skip_tracking":false,"_monsterinsights_sitenote_active":false,"_monsterinsights_sitenote_note":"","_monsterinsights_sitenote_category":0},"product_brand":[],"product_cat":[12718,12719],"product_tag":[],"class_list":{"0":"post-759120","1":"product","2":"type-product","3":"status-publish","5":"product_cat-din","6":"product_cat-islam","7":"pa_cilt-ciltsiz","8":"pa_tur-kitap","9":"pa_yayinevi-otto-yayinlari","10":"pa_yazar-saban-ali-duzgun","12":"first","13":"instock","14":"sale","15":"shipping-taxable","16":"purchasable","17":"product-type-simple"},"_links":{"self":[{"href":"https:\/\/roveyayinevi.com.tr\/index.php\/wp-json\/wp\/v2\/product\/759120","targetHints":{"allow":["GET"]}}],"collection":[{"href":"https:\/\/roveyayinevi.com.tr\/index.php\/wp-json\/wp\/v2\/product"}],"about":[{"href":"https:\/\/roveyayinevi.com.tr\/index.php\/wp-json\/wp\/v2\/types\/product"}],"wp:attachment":[{"href":"https:\/\/roveyayinevi.com.tr\/index.php\/wp-json\/wp\/v2\/media?parent=759120"}],"wp:term":[{"taxonomy":"product_brand","embeddable":true,"href":"https:\/\/roveyayinevi.com.tr\/index.php\/wp-json\/wp\/v2\/product_brand?post=759120"},{"taxonomy":"product_cat","embeddable":true,"href":"https:\/\/roveyayinevi.com.tr\/index.php\/wp-json\/wp\/v2\/product_cat?post=759120"},{"taxonomy":"product_tag","embeddable":true,"href":"https:\/\/roveyayinevi.com.tr\/index.php\/wp-json\/wp\/v2\/product_tag?post=759120"}],"curies":[{"name":"wp","href":"https:\/\/api.w.org\/{rel}","templated":true}]}}