{"id":759119,"date":"2025-08-28T08:25:18","date_gmt":"2025-08-28T05:25:18","guid":{"rendered":"https:\/\/roveyayinevi.com.tr\/index.php\/urun\/dindar-suretler-sekuler-siretler\/"},"modified":"2026-04-16T03:11:54","modified_gmt":"2026-04-16T00:11:54","slug":"dindar-suretler-sekuler-siretler","status":"publish","type":"product","link":"https:\/\/roveyayinevi.com.tr\/index.php\/urun\/dindar-suretler-sekuler-siretler\/","title":{"rendered":"Dindar Suretler Sek\u00fcler Siretler"},"content":{"rendered":"<p>\u0130nsan ya\u015fama kar\u015f\u0131 iki radikal tutum geli\u015ftirebilir. Ya hayat\u0131 mevcut haliyle kabul eder ya da daha iyiye d\u00f6n\u00fc\u015ft\u00fcrmek ister. \u0130nsan akl\u0131 mevcut ger\u00e7e\u011fi b\u00fct\u00fcn \u00e7\u0131plakl\u0131\u011f\u0131yla g\u00f6r\u00fcp karamsar bir tablo \u00e7izmek ve tedbir almak zorundad\u0131r. \u0130nsan iradesi ise her zaman daha iyiyi umut eder ve arzular. Umut ve irade\/arzu, insan\u0131n hayata tutunmas\u0131n\u0131 sa\u011flayan en b\u00fcy\u00fck g\u00fc\u00e7ler. Kur\u2019an\u2019\u0131n \u2018kesin kararl\u0131lar\u2019 (ulu\u2019l-azim) olarak adland\u0131rd\u0131\u011f\u0131 peygamberleri farkl\u0131 k\u0131lan bu g\u00fc\u00e7l\u00fc iradeleridir. Bu g\u00fc\u00e7l\u00fc iradeler, mevcut \u015fartlar ne kadar a\u011f\u0131r olursa olsun, her zaman \u2018ba\u015fka t\u00fcrl\u00fcs\u00fc de m\u00fcmk\u00fcnd\u00fcr\u2019 ilkesine yap\u0131\u015ft\u0131lar. Tarihin trajedi ve g\u00f6rkem aras\u0131nda sal\u0131nan kaderini trajik olandan kurtar\u0131p g\u00f6rkeme d\u00f6n\u00fc\u015ft\u00fcrme bu kesin kararl\u0131, di\u011fergam ve fedak\u00e2r ruhlarla m\u00fcmk\u00fcn olmu\u015ftur. Hikmetten yoksun bencil ruhlar\u0131n, tarihin kolektif nefs-i emm\u00e2resi gibi \u00e7al\u0131\u015f\u0131p yaratt\u0131klar\u0131 insan trajedileri onlar sayesinde \u00f6nlenebilmi\u015ftir.<\/p>\n","protected":false},"excerpt":{"rendered":"<p>\u0130nsan ya\u015fama kar\u015f\u0131 iki radikal tutum geli\u015ftirebilir. Ya hayat\u0131 mevcut haliyle kabul eder ya da daha iyiye d\u00f6n\u00fc\u015ft\u00fcrmek ister. \u0130nsan akl\u0131 mevcut ger\u00e7e\u011fi b\u00fct\u00fcn \u00e7\u0131plakl\u0131\u011f\u0131yla g\u00f6r\u00fcp<span class=\"excerpt-hellip\"> [\u2026]<\/span><\/p>\n","protected":false},"featured_media":0,"template":"","meta":{"_monsterinsights_skip_tracking":false,"_monsterinsights_sitenote_active":false,"_monsterinsights_sitenote_note":"","_monsterinsights_sitenote_category":0},"product_brand":[],"product_cat":[12718,12719],"product_tag":[],"class_list":{"0":"post-759119","1":"product","2":"type-product","3":"status-publish","5":"product_cat-din","6":"product_cat-islam","7":"pa_cilt-ciltsiz","8":"pa_tur-kitap","9":"pa_yayinevi-otto-yayinlari","10":"pa_yazar-saban-ali-duzgun","12":"first","13":"instock","14":"sale","15":"shipping-taxable","16":"purchasable","17":"product-type-simple"},"_links":{"self":[{"href":"https:\/\/roveyayinevi.com.tr\/index.php\/wp-json\/wp\/v2\/product\/759119","targetHints":{"allow":["GET"]}}],"collection":[{"href":"https:\/\/roveyayinevi.com.tr\/index.php\/wp-json\/wp\/v2\/product"}],"about":[{"href":"https:\/\/roveyayinevi.com.tr\/index.php\/wp-json\/wp\/v2\/types\/product"}],"wp:attachment":[{"href":"https:\/\/roveyayinevi.com.tr\/index.php\/wp-json\/wp\/v2\/media?parent=759119"}],"wp:term":[{"taxonomy":"product_brand","embeddable":true,"href":"https:\/\/roveyayinevi.com.tr\/index.php\/wp-json\/wp\/v2\/product_brand?post=759119"},{"taxonomy":"product_cat","embeddable":true,"href":"https:\/\/roveyayinevi.com.tr\/index.php\/wp-json\/wp\/v2\/product_cat?post=759119"},{"taxonomy":"product_tag","embeddable":true,"href":"https:\/\/roveyayinevi.com.tr\/index.php\/wp-json\/wp\/v2\/product_tag?post=759119"}],"curies":[{"name":"wp","href":"https:\/\/api.w.org\/{rel}","templated":true}]}}